{"id":2645,"date":"2024-05-02T19:55:10","date_gmt":"2024-05-02T17:55:10","guid":{"rendered":"https:\/\/marenland.nl\/eten-drinken\/"},"modified":"2024-06-17T10:51:17","modified_gmt":"2024-06-17T08:51:17","slug":"eten-drinken","status":"publish","type":"page","link":"https:\/\/marenland.nl\/de\/eten-drinken\/","title":{"rendered":"Essen &amp; Trinken"},"content":{"rendered":"","protected":false},"excerpt":{"rendered":"","protected":false},"author":3,"featured_media":0,"parent":0,"menu_order":19,"comment_status":"closed","ping_status":"closed","template":"","meta":{"_acf_changed":false,"footnotes":""},"class_list":["post-2645","page","type-page","status-publish","hentry"],"acf":[],"yoast_head":"<!-- This site is optimized with the Yoast SEO plugin v24.2 - https:\/\/yoast.com\/wordpress\/plugins\/seo\/ -->\n<title>Essen &amp; Trinken - Marenland Winsum<\/title>\n<meta name=\"description\" content=\"Genie\u00dfen Sie kulinarische K\u00f6stlichkeiten bei Marenland in Winsum. Entdecken Sie unser Restaurant, die gem\u00fctliche Terrasse und verschiedene k\u00f6stliche Optionen.\" \/>\n<meta name=\"robots\" content=\"index, follow, max-snippet:-1, max-image-preview:large, max-video-preview:-1\" \/>\n<link rel=\"canonical\" href=\"https:\/\/marenland.nl\/de\/eten-drinken\/\" \/>\n<meta property=\"og:locale\" content=\"de_DE\" \/>\n<meta property=\"og:type\" content=\"article\" \/>\n<meta property=\"og:title\" content=\"Essen &amp; Trinken - Marenland Winsum\" \/>\n<meta property=\"og:description\" content=\"Genie\u00dfen Sie kulinarische K\u00f6stlichkeiten bei Marenland in Winsum. Entdecken Sie unser Restaurant, die gem\u00fctliche Terrasse und verschiedene k\u00f6stliche Optionen.\" \/>\n<meta property=\"og:url\" content=\"https:\/\/marenland.nl\/de\/eten-drinken\/\" \/>\n<meta property=\"og:site_name\" content=\"Marenland\" \/>\n<meta property=\"article:modified_time\" content=\"2024-06-17T08:51:17+00:00\" \/>\n<meta name=\"twitter:card\" content=\"summary_large_image\" \/>\n<script type=\"application\/ld+json\" class=\"yoast-schema-graph\">{\"@context\":\"https:\/\/schema.org\",\"@graph\":[{\"@type\":\"WebPage\",\"@id\":\"https:\/\/marenland.nl\/de\/eten-drinken\/\",\"url\":\"https:\/\/marenland.nl\/de\/eten-drinken\/\",\"name\":\"Essen &amp; Trinken - Marenland Winsum\",\"isPartOf\":{\"@id\":\"https:\/\/marenland.nl\/de\/#website\"},\"datePublished\":\"2024-05-02T17:55:10+00:00\",\"dateModified\":\"2024-06-17T08:51:17+00:00\",\"description\":\"Genie\u00dfen Sie kulinarische K\u00f6stlichkeiten bei Marenland in Winsum. Entdecken Sie unser Restaurant, die gem\u00fctliche Terrasse und verschiedene k\u00f6stliche Optionen.\",\"breadcrumb\":{\"@id\":\"https:\/\/marenland.nl\/de\/eten-drinken\/#breadcrumb\"},\"inLanguage\":\"de-DE\",\"potentialAction\":[{\"@type\":\"ReadAction\",\"target\":[\"https:\/\/marenland.nl\/de\/eten-drinken\/\"]}]},{\"@type\":\"BreadcrumbList\",\"@id\":\"https:\/\/marenland.nl\/de\/eten-drinken\/#breadcrumb\",\"itemListElement\":[{\"@type\":\"ListItem\",\"position\":1,\"name\":\"Home\",\"item\":\"https:\/\/marenland.nl\/de\/\"},{\"@type\":\"ListItem\",\"position\":2,\"name\":\"Essen &amp; Trinken\"}]},{\"@type\":\"WebSite\",\"@id\":\"https:\/\/marenland.nl\/de\/#website\",\"url\":\"https:\/\/marenland.nl\/de\/\",\"name\":\"Marenland\",\"description\":\"Slapen, Eten en Recre\u00ebren\",\"potentialAction\":[{\"@type\":\"SearchAction\",\"target\":{\"@type\":\"EntryPoint\",\"urlTemplate\":\"https:\/\/marenland.nl\/de\/?s={search_term_string}\"},\"query-input\":{\"@type\":\"PropertyValueSpecification\",\"valueRequired\":true,\"valueName\":\"search_term_string\"}}],\"inLanguage\":\"de-DE\"}]}<\/script>\n<!-- \/ Yoast SEO plugin. -->","yoast_head_json":{"title":"Essen &amp; Trinken - Marenland Winsum","description":"Genie\u00dfen Sie kulinarische K\u00f6stlichkeiten bei Marenland in Winsum. Entdecken Sie unser Restaurant, die gem\u00fctliche Terrasse und verschiedene k\u00f6stliche Optionen.","robots":{"index":"index","follow":"follow","max-snippet":"max-snippet:-1","max-image-preview":"max-image-preview:large","max-video-preview":"max-video-preview:-1"},"canonical":"https:\/\/marenland.nl\/de\/eten-drinken\/","og_locale":"de_DE","og_type":"article","og_title":"Essen &amp; Trinken - Marenland Winsum","og_description":"Genie\u00dfen Sie kulinarische K\u00f6stlichkeiten bei Marenland in Winsum. Entdecken Sie unser Restaurant, die gem\u00fctliche Terrasse und verschiedene k\u00f6stliche Optionen.","og_url":"https:\/\/marenland.nl\/de\/eten-drinken\/","og_site_name":"Marenland","article_modified_time":"2024-06-17T08:51:17+00:00","twitter_card":"summary_large_image","schema":{"@context":"https:\/\/schema.org","@graph":[{"@type":"WebPage","@id":"https:\/\/marenland.nl\/de\/eten-drinken\/","url":"https:\/\/marenland.nl\/de\/eten-drinken\/","name":"Essen &amp; Trinken - Marenland Winsum","isPartOf":{"@id":"https:\/\/marenland.nl\/de\/#website"},"datePublished":"2024-05-02T17:55:10+00:00","dateModified":"2024-06-17T08:51:17+00:00","description":"Genie\u00dfen Sie kulinarische K\u00f6stlichkeiten bei Marenland in Winsum. Entdecken Sie unser Restaurant, die gem\u00fctliche Terrasse und verschiedene k\u00f6stliche Optionen.","breadcrumb":{"@id":"https:\/\/marenland.nl\/de\/eten-drinken\/#breadcrumb"},"inLanguage":"de-DE","potentialAction":[{"@type":"ReadAction","target":["https:\/\/marenland.nl\/de\/eten-drinken\/"]}]},{"@type":"BreadcrumbList","@id":"https:\/\/marenland.nl\/de\/eten-drinken\/#breadcrumb","itemListElement":[{"@type":"ListItem","position":1,"name":"Home","item":"https:\/\/marenland.nl\/de\/"},{"@type":"ListItem","position":2,"name":"Essen &amp; Trinken"}]},{"@type":"WebSite","@id":"https:\/\/marenland.nl\/de\/#website","url":"https:\/\/marenland.nl\/de\/","name":"Marenland","description":"Slapen, Eten en Recre\u00ebren","potentialAction":[{"@type":"SearchAction","target":{"@type":"EntryPoint","urlTemplate":"https:\/\/marenland.nl\/de\/?s={search_term_string}"},"query-input":{"@type":"PropertyValueSpecification","valueRequired":true,"valueName":"search_term_string"}}],"inLanguage":"de-DE"}]}},"_links":{"self":[{"href":"https:\/\/marenland.nl\/de\/wp-json\/wp\/v2\/pages\/2645","targetHints":{"allow":["GET"]}}],"collection":[{"href":"https:\/\/marenland.nl\/de\/wp-json\/wp\/v2\/pages"}],"about":[{"href":"https:\/\/marenland.nl\/de\/wp-json\/wp\/v2\/types\/page"}],"author":[{"embeddable":true,"href":"https:\/\/marenland.nl\/de\/wp-json\/wp\/v2\/users\/3"}],"replies":[{"embeddable":true,"href":"https:\/\/marenland.nl\/de\/wp-json\/wp\/v2\/comments?post=2645"}],"version-history":[{"count":2,"href":"https:\/\/marenland.nl\/de\/wp-json\/wp\/v2\/pages\/2645\/revisions"}],"predecessor-version":[{"id":3852,"href":"https:\/\/marenland.nl\/de\/wp-json\/wp\/v2\/pages\/2645\/revisions\/3852"}],"wp:attachment":[{"href":"https:\/\/marenland.nl\/de\/wp-json\/wp\/v2\/media?parent=2645"}],"curies":[{"name":"wp","href":"https:\/\/api.w.org\/{rel}","templated":true}]}}