{"id":2669,"date":"2024-03-25T13:56:08","date_gmt":"2024-03-25T12:56:08","guid":{"rendered":"https:\/\/marenland.nl\/speciale-gelegenheden\/"},"modified":"2024-06-17T13:59:43","modified_gmt":"2024-06-17T11:59:43","slug":"speciale-gelegenheden","status":"publish","type":"page","link":"https:\/\/marenland.nl\/de\/speciale-gelegenheden\/","title":{"rendered":"Besondere Anl\u00e4sse"},"content":{"rendered":"\n    <section class=\"content-block content-block--overview px-6 my-16 lg:my-28\">\n        <div class=\"max-w-[82.5rem] mx-auto\">\n            <h1 class=\"max-w-[33.875rem]\">Besondere Anl\u00e4sse<\/h1>            <ul class=\"mt-16 lg:mt-14 grid grid-cols-2 md:grid-cols-3 gap-4 lg:gap-8\">\n                \n                    <li data-aos=\"fade-up\">\n                        <a href=\"https:\/\/marenland.nl\/de\/speciale-gelegenheden\/bedrijfsuitje-2\/\" class=\"group block relative aspect-square rounded-3xl lg:rounded-[1.875rem] overflow-hidden before:absolute before:inset-0 before:bg-gradient-to-t before:from-black\/50 before:to-transparent before:z-[1] no-touch:hover:before:opacity-50 before:transition-opacity before:duration-300\">\n                            <img decoding=\"async\" width=\"2250\" height=\"1266\" src=\"https:\/\/marenland.nl\/app\/uploads\/2024\/04\/marenland-niels-kooistra-bewerkt-hoge-kwaliteit-23.jpg\" class=\"size-full object-cover absolute inset-0 z-0 no-touch:group-hover:scale-125 transition-transform duration-300\" alt=\"\" loading=\"lazy\" srcset=\"https:\/\/marenland.nl\/app\/uploads\/2024\/04\/marenland-niels-kooistra-bewerkt-hoge-kwaliteit-23.jpg 2250w, https:\/\/marenland.nl\/app\/uploads\/2024\/04\/marenland-niels-kooistra-bewerkt-hoge-kwaliteit-23-300x169.jpg 300w, https:\/\/marenland.nl\/app\/uploads\/2024\/04\/marenland-niels-kooistra-bewerkt-hoge-kwaliteit-23-1024x576.jpg 1024w, https:\/\/marenland.nl\/app\/uploads\/2024\/04\/marenland-niels-kooistra-bewerkt-hoge-kwaliteit-23-768x432.jpg 768w, https:\/\/marenland.nl\/app\/uploads\/2024\/04\/marenland-niels-kooistra-bewerkt-hoge-kwaliteit-23-1536x864.jpg 1536w, https:\/\/marenland.nl\/app\/uploads\/2024\/04\/marenland-niels-kooistra-bewerkt-hoge-kwaliteit-23-2048x1152.jpg 2048w\" sizes=\"(width &lt; 768px) 88.86vw, (width &lt; 1368px) 59.24vw, 744.67px\" \/>                            <div class=\"z-[1] relative h-full p-4 lg:p-8 text-white flex flex-col items-center justify-center text-center lg:items-start lg:justify-end\">\n                                <h2 class=\"text-h5 md:text-h3 lg:no-touch:group-hover:translate-x-2 lg:no-touch:group-hover:-translate-y-2 transition-transform duration-300 hyphens-auto\">Betriebsausflug<\/h2>                            <\/div>\n                        <\/a>\n                    <\/li>\n                \n                    <li data-aos=\"fade-up\">\n                        <a href=\"https:\/\/marenland.nl\/de\/speciale-gelegenheden\/verjaardag-2\/\" class=\"group block relative aspect-square rounded-3xl lg:rounded-[1.875rem] overflow-hidden before:absolute before:inset-0 before:bg-gradient-to-t before:from-black\/50 before:to-transparent before:z-[1] no-touch:hover:before:opacity-50 before:transition-opacity before:duration-300\">\n                            <img decoding=\"async\" width=\"2250\" height=\"1266\" src=\"https:\/\/marenland.nl\/app\/uploads\/2024\/04\/marenland-niels-kooistra-bewerkt-hoge-kwaliteit-91.jpg\" class=\"size-full object-cover absolute inset-0 z-0 no-touch:group-hover:scale-125 transition-transform duration-300\" alt=\"\" loading=\"lazy\" srcset=\"https:\/\/marenland.nl\/app\/uploads\/2024\/04\/marenland-niels-kooistra-bewerkt-hoge-kwaliteit-91.jpg 2250w, https:\/\/marenland.nl\/app\/uploads\/2024\/04\/marenland-niels-kooistra-bewerkt-hoge-kwaliteit-91-300x169.jpg 300w, https:\/\/marenland.nl\/app\/uploads\/2024\/04\/marenland-niels-kooistra-bewerkt-hoge-kwaliteit-91-1024x576.jpg 1024w, https:\/\/marenland.nl\/app\/uploads\/2024\/04\/marenland-niels-kooistra-bewerkt-hoge-kwaliteit-91-768x432.jpg 768w, https:\/\/marenland.nl\/app\/uploads\/2024\/04\/marenland-niels-kooistra-bewerkt-hoge-kwaliteit-91-1536x864.jpg 1536w, https:\/\/marenland.nl\/app\/uploads\/2024\/04\/marenland-niels-kooistra-bewerkt-hoge-kwaliteit-91-2048x1152.jpg 2048w\" sizes=\"(width &lt; 768px) 88.86vw, (width &lt; 1368px) 59.24vw, 744.67px\" \/>                            <div class=\"z-[1] relative h-full p-4 lg:p-8 text-white flex flex-col items-center justify-center text-center lg:items-start lg:justify-end\">\n                                <h2 class=\"text-h5 md:text-h3 lg:no-touch:group-hover:translate-x-2 lg:no-touch:group-hover:-translate-y-2 transition-transform duration-300 hyphens-auto\">Familientag<\/h2>                            <\/div>\n                        <\/a>\n                    <\/li>\n                \n                    <li data-aos=\"fade-up\">\n                        <a href=\"https:\/\/marenland.nl\/de\/speciale-gelegenheden\/verjaardag\/\" class=\"group block relative aspect-square rounded-3xl lg:rounded-[1.875rem] overflow-hidden before:absolute before:inset-0 before:bg-gradient-to-t before:from-black\/50 before:to-transparent before:z-[1] no-touch:hover:before:opacity-50 before:transition-opacity before:duration-300\">\n                            <img decoding=\"async\" width=\"2250\" height=\"1266\" src=\"https:\/\/marenland.nl\/app\/uploads\/2024\/04\/marenland-niels-kooistra-bewerkt-hoge-kwaliteit-107.jpg\" class=\"size-full object-cover absolute inset-0 z-0 no-touch:group-hover:scale-125 transition-transform duration-300\" alt=\"\" loading=\"lazy\" srcset=\"https:\/\/marenland.nl\/app\/uploads\/2024\/04\/marenland-niels-kooistra-bewerkt-hoge-kwaliteit-107.jpg 2250w, https:\/\/marenland.nl\/app\/uploads\/2024\/04\/marenland-niels-kooistra-bewerkt-hoge-kwaliteit-107-300x169.jpg 300w, https:\/\/marenland.nl\/app\/uploads\/2024\/04\/marenland-niels-kooistra-bewerkt-hoge-kwaliteit-107-1024x576.jpg 1024w, https:\/\/marenland.nl\/app\/uploads\/2024\/04\/marenland-niels-kooistra-bewerkt-hoge-kwaliteit-107-768x432.jpg 768w, https:\/\/marenland.nl\/app\/uploads\/2024\/04\/marenland-niels-kooistra-bewerkt-hoge-kwaliteit-107-1536x864.jpg 1536w, https:\/\/marenland.nl\/app\/uploads\/2024\/04\/marenland-niels-kooistra-bewerkt-hoge-kwaliteit-107-2048x1152.jpg 2048w\" sizes=\"(width &lt; 768px) 88.86vw, (width &lt; 1368px) 59.24vw, 744.67px\" \/>                            <div class=\"z-[1] relative h-full p-4 lg:p-8 text-white flex flex-col items-center justify-center text-center lg:items-start lg:justify-end\">\n                                <h2 class=\"text-h5 md:text-h3 lg:no-touch:group-hover:translate-x-2 lg:no-touch:group-hover:-translate-y-2 transition-transform duration-300 hyphens-auto\">Verjaardag<\/h2>                            <\/div>\n                        <\/a>\n                    <\/li>\n                \n                    <li data-aos=\"fade-up\">\n                        <a href=\"https:\/\/marenland.nl\/de\/speciale-gelegenheden\/bedrijfsuitje\/\" class=\"group block relative aspect-square rounded-3xl lg:rounded-[1.875rem] overflow-hidden before:absolute before:inset-0 before:bg-gradient-to-t before:from-black\/50 before:to-transparent before:z-[1] no-touch:hover:before:opacity-50 before:transition-opacity before:duration-300\">\n                            <img decoding=\"async\" width=\"1500\" height=\"844\" src=\"https:\/\/marenland.nl\/app\/uploads\/2024\/05\/marenland-export-voor-container-1-kopie.jpg\" class=\"size-full object-cover absolute inset-0 z-0 no-touch:group-hover:scale-125 transition-transform duration-300\" alt=\"\" loading=\"lazy\" srcset=\"https:\/\/marenland.nl\/app\/uploads\/2024\/05\/marenland-export-voor-container-1-kopie.jpg 1500w, https:\/\/marenland.nl\/app\/uploads\/2024\/05\/marenland-export-voor-container-1-kopie-300x169.jpg 300w, https:\/\/marenland.nl\/app\/uploads\/2024\/05\/marenland-export-voor-container-1-kopie-1024x576.jpg 1024w, https:\/\/marenland.nl\/app\/uploads\/2024\/05\/marenland-export-voor-container-1-kopie-768x432.jpg 768w\" sizes=\"(width &lt; 768px) 88.86vw, (width &lt; 1368px) 59.24vw, 744.67px\" \/>                            <div class=\"z-[1] relative h-full p-4 lg:p-8 text-white flex flex-col items-center justify-center text-center lg:items-start lg:justify-end\">\n                                <h2 class=\"text-h5 md:text-h3 lg:no-touch:group-hover:translate-x-2 lg:no-touch:group-hover:-translate-y-2 transition-transform duration-300 hyphens-auto\">Tagungsort<\/h2>                            <\/div>\n                        <\/a>\n                    <\/li>\n                \n                    <li data-aos=\"fade-up\">\n                        <a href=\"https:\/\/marenland.nl\/de\/speciale-gelegenheden\/vrijgezellenfeest\/\" class=\"group block relative aspect-square rounded-3xl lg:rounded-[1.875rem] overflow-hidden before:absolute before:inset-0 before:bg-gradient-to-t before:from-black\/50 before:to-transparent before:z-[1] no-touch:hover:before:opacity-50 before:transition-opacity before:duration-300\">\n                            <img decoding=\"async\" width=\"2250\" height=\"1266\" src=\"https:\/\/marenland.nl\/app\/uploads\/2024\/04\/marenland-niels-kooistra-bewerkt-hoge-kwaliteit-204.jpg\" class=\"size-full object-cover absolute inset-0 z-0 no-touch:group-hover:scale-125 transition-transform duration-300\" alt=\"\" loading=\"lazy\" srcset=\"https:\/\/marenland.nl\/app\/uploads\/2024\/04\/marenland-niels-kooistra-bewerkt-hoge-kwaliteit-204.jpg 2250w, https:\/\/marenland.nl\/app\/uploads\/2024\/04\/marenland-niels-kooistra-bewerkt-hoge-kwaliteit-204-300x169.jpg 300w, https:\/\/marenland.nl\/app\/uploads\/2024\/04\/marenland-niels-kooistra-bewerkt-hoge-kwaliteit-204-1024x576.jpg 1024w, https:\/\/marenland.nl\/app\/uploads\/2024\/04\/marenland-niels-kooistra-bewerkt-hoge-kwaliteit-204-768x432.jpg 768w, https:\/\/marenland.nl\/app\/uploads\/2024\/04\/marenland-niels-kooistra-bewerkt-hoge-kwaliteit-204-1536x864.jpg 1536w, https:\/\/marenland.nl\/app\/uploads\/2024\/04\/marenland-niels-kooistra-bewerkt-hoge-kwaliteit-204-2048x1152.jpg 2048w\" sizes=\"(width &lt; 768px) 88.86vw, (width &lt; 1368px) 59.24vw, 744.67px\" \/>                            <div class=\"z-[1] relative h-full p-4 lg:p-8 text-white flex flex-col items-center justify-center text-center lg:items-start lg:justify-end\">\n                                <h2 class=\"text-h5 md:text-h3 lg:no-touch:group-hover:translate-x-2 lg:no-touch:group-hover:-translate-y-2 transition-transform duration-300 hyphens-auto\">Junggesellenabschied<\/h2>                            <\/div>\n                        <\/a>\n                    <\/li>\n                \n                    <li data-aos=\"fade-up\">\n                        <a href=\"https:\/\/marenland.nl\/de\/speciale-gelegenheden\/vrijgezellenfeest-2\/\" class=\"group block relative aspect-square rounded-3xl lg:rounded-[1.875rem] overflow-hidden before:absolute before:inset-0 before:bg-gradient-to-t before:from-black\/50 before:to-transparent before:z-[1] no-touch:hover:before:opacity-50 before:transition-opacity before:duration-300\">\n                            <img decoding=\"async\" width=\"2250\" height=\"1266\" src=\"https:\/\/marenland.nl\/app\/uploads\/2024\/04\/marenland-niels-kooistra-bewerkt-hoge-kwaliteit-74.jpg\" class=\"size-full object-cover absolute inset-0 z-0 no-touch:group-hover:scale-125 transition-transform duration-300\" alt=\"\" loading=\"lazy\" srcset=\"https:\/\/marenland.nl\/app\/uploads\/2024\/04\/marenland-niels-kooistra-bewerkt-hoge-kwaliteit-74.jpg 2250w, https:\/\/marenland.nl\/app\/uploads\/2024\/04\/marenland-niels-kooistra-bewerkt-hoge-kwaliteit-74-300x169.jpg 300w, https:\/\/marenland.nl\/app\/uploads\/2024\/04\/marenland-niels-kooistra-bewerkt-hoge-kwaliteit-74-1024x576.jpg 1024w, https:\/\/marenland.nl\/app\/uploads\/2024\/04\/marenland-niels-kooistra-bewerkt-hoge-kwaliteit-74-768x432.jpg 768w, https:\/\/marenland.nl\/app\/uploads\/2024\/04\/marenland-niels-kooistra-bewerkt-hoge-kwaliteit-74-1536x864.jpg 1536w, https:\/\/marenland.nl\/app\/uploads\/2024\/04\/marenland-niels-kooistra-bewerkt-hoge-kwaliteit-74-2048x1152.jpg 2048w\" sizes=\"(width &lt; 768px) 88.86vw, (width &lt; 1368px) 59.24vw, 744.67px\" \/>                            <div class=\"z-[1] relative h-full p-4 lg:p-8 text-white flex flex-col items-center justify-center text-center lg:items-start lg:justify-end\">\n                                <h2 class=\"text-h5 md:text-h3 lg:no-touch:group-hover:translate-x-2 lg:no-touch:group-hover:-translate-y-2 transition-transform duration-300 hyphens-auto\">Hochzeitsort<\/h2>                            <\/div>\n                        <\/a>\n                    <\/li>\n                            <\/ul>\n        <\/div>\n    <\/section>\n","protected":false},"excerpt":{"rendered":"","protected":false},"author":1,"featured_media":0,"parent":0,"menu_order":34,"comment_status":"closed","ping_status":"closed","template":"","meta":{"_acf_changed":false,"footnotes":""},"class_list":["post-2669","page","type-page","status-publish","hentry"],"acf":[],"yoast_head":"<!-- This site is optimized with the Yoast SEO plugin v24.2 - https:\/\/yoast.com\/wordpress\/plugins\/seo\/ -->\n<title>Besondere Anl\u00e4sse: Party-Locations und Aktivit\u00e4ten - Marenland Winsum<\/title>\n<meta name=\"description\" content=\"Feiern Sie besondere Anl\u00e4sse bei Marenland mit ma\u00dfgeschneiderten Arrangements, einzigartigen Party-Locations und unterhaltsamen Aktivit\u00e4ten.\" \/>\n<meta name=\"robots\" content=\"index, follow, max-snippet:-1, max-image-preview:large, max-video-preview:-1\" \/>\n<link rel=\"canonical\" href=\"https:\/\/marenland.nl\/de\/speciale-gelegenheden\/\" \/>\n<meta property=\"og:locale\" content=\"de_DE\" \/>\n<meta property=\"og:type\" content=\"article\" \/>\n<meta property=\"og:title\" content=\"Besondere Anl\u00e4sse: Party-Locations und Aktivit\u00e4ten - Marenland Winsum\" \/>\n<meta property=\"og:description\" content=\"Feiern Sie besondere Anl\u00e4sse bei Marenland mit ma\u00dfgeschneiderten Arrangements, einzigartigen Party-Locations und unterhaltsamen Aktivit\u00e4ten.\" \/>\n<meta property=\"og:url\" content=\"https:\/\/marenland.nl\/de\/speciale-gelegenheden\/\" \/>\n<meta property=\"og:site_name\" content=\"Marenland\" \/>\n<meta property=\"article:modified_time\" content=\"2024-06-17T11:59:43+00:00\" \/>\n<meta name=\"twitter:card\" content=\"summary_large_image\" \/>\n<script type=\"application\/ld+json\" class=\"yoast-schema-graph\">{\"@context\":\"https:\/\/schema.org\",\"@graph\":[{\"@type\":\"WebPage\",\"@id\":\"https:\/\/marenland.nl\/de\/speciale-gelegenheden\/\",\"url\":\"https:\/\/marenland.nl\/de\/speciale-gelegenheden\/\",\"name\":\"Besondere Anl\u00e4sse: Party-Locations und Aktivit\u00e4ten - Marenland Winsum\",\"isPartOf\":{\"@id\":\"https:\/\/marenland.nl\/de\/#website\"},\"datePublished\":\"2024-03-25T12:56:08+00:00\",\"dateModified\":\"2024-06-17T11:59:43+00:00\",\"description\":\"Feiern Sie besondere Anl\u00e4sse bei Marenland mit ma\u00dfgeschneiderten Arrangements, einzigartigen Party-Locations und unterhaltsamen Aktivit\u00e4ten.\",\"breadcrumb\":{\"@id\":\"https:\/\/marenland.nl\/de\/speciale-gelegenheden\/#breadcrumb\"},\"inLanguage\":\"de-DE\",\"potentialAction\":[{\"@type\":\"ReadAction\",\"target\":[\"https:\/\/marenland.nl\/de\/speciale-gelegenheden\/\"]}]},{\"@type\":\"BreadcrumbList\",\"@id\":\"https:\/\/marenland.nl\/de\/speciale-gelegenheden\/#breadcrumb\",\"itemListElement\":[{\"@type\":\"ListItem\",\"position\":1,\"name\":\"Home\",\"item\":\"https:\/\/marenland.nl\/de\/\"},{\"@type\":\"ListItem\",\"position\":2,\"name\":\"Besondere Anl\u00e4sse\"}]},{\"@type\":\"WebSite\",\"@id\":\"https:\/\/marenland.nl\/de\/#website\",\"url\":\"https:\/\/marenland.nl\/de\/\",\"name\":\"Marenland\",\"description\":\"Slapen, Eten en Recre\u00ebren\",\"potentialAction\":[{\"@type\":\"SearchAction\",\"target\":{\"@type\":\"EntryPoint\",\"urlTemplate\":\"https:\/\/marenland.nl\/de\/?s={search_term_string}\"},\"query-input\":{\"@type\":\"PropertyValueSpecification\",\"valueRequired\":true,\"valueName\":\"search_term_string\"}}],\"inLanguage\":\"de-DE\"}]}<\/script>\n<!-- \/ Yoast SEO plugin. -->","yoast_head_json":{"title":"Besondere Anl\u00e4sse: Party-Locations und Aktivit\u00e4ten - Marenland Winsum","description":"Feiern Sie besondere Anl\u00e4sse bei Marenland mit ma\u00dfgeschneiderten Arrangements, einzigartigen Party-Locations und unterhaltsamen Aktivit\u00e4ten.","robots":{"index":"index","follow":"follow","max-snippet":"max-snippet:-1","max-image-preview":"max-image-preview:large","max-video-preview":"max-video-preview:-1"},"canonical":"https:\/\/marenland.nl\/de\/speciale-gelegenheden\/","og_locale":"de_DE","og_type":"article","og_title":"Besondere Anl\u00e4sse: Party-Locations und Aktivit\u00e4ten - Marenland Winsum","og_description":"Feiern Sie besondere Anl\u00e4sse bei Marenland mit ma\u00dfgeschneiderten Arrangements, einzigartigen Party-Locations und unterhaltsamen Aktivit\u00e4ten.","og_url":"https:\/\/marenland.nl\/de\/speciale-gelegenheden\/","og_site_name":"Marenland","article_modified_time":"2024-06-17T11:59:43+00:00","twitter_card":"summary_large_image","schema":{"@context":"https:\/\/schema.org","@graph":[{"@type":"WebPage","@id":"https:\/\/marenland.nl\/de\/speciale-gelegenheden\/","url":"https:\/\/marenland.nl\/de\/speciale-gelegenheden\/","name":"Besondere Anl\u00e4sse: Party-Locations und Aktivit\u00e4ten - Marenland Winsum","isPartOf":{"@id":"https:\/\/marenland.nl\/de\/#website"},"datePublished":"2024-03-25T12:56:08+00:00","dateModified":"2024-06-17T11:59:43+00:00","description":"Feiern Sie besondere Anl\u00e4sse bei Marenland mit ma\u00dfgeschneiderten Arrangements, einzigartigen Party-Locations und unterhaltsamen Aktivit\u00e4ten.","breadcrumb":{"@id":"https:\/\/marenland.nl\/de\/speciale-gelegenheden\/#breadcrumb"},"inLanguage":"de-DE","potentialAction":[{"@type":"ReadAction","target":["https:\/\/marenland.nl\/de\/speciale-gelegenheden\/"]}]},{"@type":"BreadcrumbList","@id":"https:\/\/marenland.nl\/de\/speciale-gelegenheden\/#breadcrumb","itemListElement":[{"@type":"ListItem","position":1,"name":"Home","item":"https:\/\/marenland.nl\/de\/"},{"@type":"ListItem","position":2,"name":"Besondere Anl\u00e4sse"}]},{"@type":"WebSite","@id":"https:\/\/marenland.nl\/de\/#website","url":"https:\/\/marenland.nl\/de\/","name":"Marenland","description":"Slapen, Eten en Recre\u00ebren","potentialAction":[{"@type":"SearchAction","target":{"@type":"EntryPoint","urlTemplate":"https:\/\/marenland.nl\/de\/?s={search_term_string}"},"query-input":{"@type":"PropertyValueSpecification","valueRequired":true,"valueName":"search_term_string"}}],"inLanguage":"de-DE"}]}},"_links":{"self":[{"href":"https:\/\/marenland.nl\/de\/wp-json\/wp\/v2\/pages\/2669","targetHints":{"allow":["GET"]}}],"collection":[{"href":"https:\/\/marenland.nl\/de\/wp-json\/wp\/v2\/pages"}],"about":[{"href":"https:\/\/marenland.nl\/de\/wp-json\/wp\/v2\/types\/page"}],"author":[{"embeddable":true,"href":"https:\/\/marenland.nl\/de\/wp-json\/wp\/v2\/users\/1"}],"replies":[{"embeddable":true,"href":"https:\/\/marenland.nl\/de\/wp-json\/wp\/v2\/comments?post=2669"}],"version-history":[{"count":2,"href":"https:\/\/marenland.nl\/de\/wp-json\/wp\/v2\/pages\/2669\/revisions"}],"predecessor-version":[{"id":3872,"href":"https:\/\/marenland.nl\/de\/wp-json\/wp\/v2\/pages\/2669\/revisions\/3872"}],"wp:attachment":[{"href":"https:\/\/marenland.nl\/de\/wp-json\/wp\/v2\/media?parent=2669"}],"curies":[{"name":"wp","href":"https:\/\/api.w.org\/{rel}","templated":true}]}}