{"id":2677,"date":"2024-03-25T13:47:56","date_gmt":"2024-03-25T12:47:56","guid":{"rendered":"https:\/\/marenland.nl\/suppen\/"},"modified":"2024-06-18T21:33:37","modified_gmt":"2024-06-18T19:33:37","slug":"suppen","status":"publish","type":"page","link":"https:\/\/marenland.nl\/de\/activiteiten\/suppen\/","title":{"rendered":"Sup"},"content":{"rendered":"\n<header class=\"content-block content-block--header lg:grid lg:grid-cols-[minmax(theme(spacing.6),1fr)_minmax(0,41.25rem)_minmax(0,41.25rem)_minmax(theme(spacing.6),1fr)] rounded-b-content-block overflow-hidden shadow\">\n    <div class=\"lg:col-span-2 grid grid-cols-[subgrid] px-6 lg:pl-0 pb-11 pt-28 lg:pt-[9.5rem] lg:pb-28 text-white relative before:pattern before:absolute before:inset-0 before:bg-green-dark\/[8%] bg-sage\">\n        <div class=\"lg:col-start-2 relative lg:max-w-[34rem]\">\n            <div class=\"breadcrumbs text-white mb-8 lg:mb-11\">\n    <span><span><a href=\"https:\/\/marenland.nl\/de\/\">Home<\/a><\/span><\/span><\/div>\n                            <span class=\"inline-block text-green-dark text-tag mb-2 lg:mb-4\">Auf dem Winsumerdiep<\/span>\n            \n            <h1>Sup<\/h1>\n\n            <div class=\"content content--no-px mt-8 lg:mt-10 content--lead\"><p>Man sieht immer mehr Menschen Stand-Up-Paddling machen, und das ist auch verst\u00e4ndlich. Paddeln auf dem Wasser und eins mit der Natur sein, ist einfach wunderbar. Man lernt es schnell und es ist auch noch sehr gut f\u00fcr den K\u00f6rper. Reservieren Sie direkt online ein SUP oder nehmen Sie an einem unserer SUP-Kliniken teil.  <\/p>\n<\/div>\n\n                            <div class=\"flex gap-2 lg:gap-4 flex-col lg:flex-row mt-8 flex-wrap\">\n                                                                    <a class=\"btn btn--secondary \" href=\"https:\/\/marenland.nl\/reserveren\/boot-of-kano-reserveren\/\" target=\"_self\">Reserveer online<\/a>\n                                    <\/div>\n                    <\/div>\n    <\/div>\n\n            <div class=\"lg:col-span-2 relative hidden lg:block\">\n            <img decoding=\"async\" width=\"2500\" height=\"1669\" src=\"https:\/\/marenland.nl\/app\/uploads\/2024\/05\/suppen.jpg\" class=\"object-cover absolute inset-0 size-full\" alt=\"\" loading=\"lazy\" sizes=\"50vw\" srcset=\"https:\/\/marenland.nl\/app\/uploads\/2024\/05\/suppen.jpg 2500w, https:\/\/marenland.nl\/app\/uploads\/2024\/05\/suppen-300x200.jpg 300w, https:\/\/marenland.nl\/app\/uploads\/2024\/05\/suppen-1024x684.jpg 1024w, https:\/\/marenland.nl\/app\/uploads\/2024\/05\/suppen-768x513.jpg 768w, https:\/\/marenland.nl\/app\/uploads\/2024\/05\/suppen-1536x1025.jpg 1536w, https:\/\/marenland.nl\/app\/uploads\/2024\/05\/suppen-2048x1367.jpg 2048w\" \/>        <\/div>\n    <\/header>\n    <section class=\"content-block content-block--usps px-6 bg-sage-light shadow rounded-content-block py-12 my-12 lg:my-[7.5rem] [.content-block--header+&#038;]:rounded-t-none [.content-block--header+&#038;]:pt-[calc(theme(spacing.10)+theme(spacing.content-block))] lg:[.content-block--header+&#038;]:pt-[calc(theme(spacing.12)+theme(spacing.content-block))] [.content-block--header+&#038;]:-mt-content-block\">\n        <ul class=\"max-w-[68.25rem] mx-auto flex flex-col lg:flex-row gap-x-8 gap-y-6 justify-between\">\n                            <li data-aos=\"fade-up\" class=\"grid grid-cols-[3.25rem_auto] items-center gap-x-9 lg:gap-x-7\">\n                    <div class=\"aspect-square bg-zomp\/20 rounded-full flex items-center justify-center\">\n                        <img decoding=\"async\" width=\"1\" height=\"1\" src=\"https:\/\/marenland.nl\/app\/uploads\/2024\/04\/iconen_marenland_single_color_26.svg\" class=\"aspect-square w-6 object-contain\" alt=\"\" loading=\"lazy\" \/>                    <\/div>\n                    <p class=\"text-midnight font-medium -lg:text-btn lg:max-w-64\">Ook leuk voor kinderen<\/p>\n                <\/li>\n                            <li data-aos=\"fade-up\" class=\"grid grid-cols-[3.25rem_auto] items-center gap-x-9 lg:gap-x-7\">\n                    <div class=\"aspect-square bg-zomp\/20 rounded-full flex items-center justify-center\">\n                        <img decoding=\"async\" width=\"1\" height=\"1\" src=\"https:\/\/marenland.nl\/app\/uploads\/2024\/04\/iconen_marenland_single_color_4.svg\" class=\"aspect-square w-6 object-contain\" alt=\"\" loading=\"lazy\" \/>                    <\/div>\n                    <p class=\"text-midnight font-medium -lg:text-btn lg:max-w-64\">Actief &#038; Ontspannen<\/p>\n                <\/li>\n                            <li data-aos=\"fade-up\" class=\"grid grid-cols-[3.25rem_auto] items-center gap-x-9 lg:gap-x-7\">\n                    <div class=\"aspect-square bg-zomp\/20 rounded-full flex items-center justify-center\">\n                        <img decoding=\"async\" width=\"1\" height=\"1\" src=\"https:\/\/marenland.nl\/app\/uploads\/2024\/04\/iconen_marenland_single_color_11.svg\" class=\"aspect-square w-6 object-contain\" alt=\"\" loading=\"lazy\" \/>                    <\/div>\n                    <p class=\"text-midnight font-medium -lg:text-btn lg:max-w-64\">Geniet van de omgeving<\/p>\n                <\/li>\n                    <\/ul>\n    <\/section>\n\n<section class=\"content-block content-block--media-text grid items-center my-12 lg:my-[7.5rem] has-[+&#038;]:mb-0 [&#038;+&#038;]:mt-11 lg:[&#038;+&#038;]:mt-14  media-text--left\">\n    <div class=\"media-text__media size-full overflow-hidden shadow has-[media-player]:!aspect-video has-[media-player]:h-auto aspect-[369\/218] lg:aspect-[740\/412] -lg:max-w-[calc(100%-theme(spacing.6))]\">\n                                    <img decoding=\"async\" width=\"768\" height=\"960\" src=\"https:\/\/marenland.nl\/app\/uploads\/2024\/05\/66707623_1279930912173159_3363629553695064064_n.jpg\" class=\"object-cover size-full\" alt=\"\" loading=\"lazy\" srcset=\"https:\/\/marenland.nl\/app\/uploads\/2024\/05\/66707623_1279930912173159_3363629553695064064_n.jpg 768w, https:\/\/marenland.nl\/app\/uploads\/2024\/05\/66707623_1279930912173159_3363629553695064064_n-240x300.jpg 240w\" sizes=\"(max-width: 768px) 100vw, 768px\" \/>                        <\/div>\n    <div class=\"media-text__text lg:max-w-[33.25rem] -lg:mt-8\">\n        <div class=\"-lg:px-6\">\n            <div data-aos=\"fade-up\">\n                <h2 class=\"text-h3\">Kurze Anweisung, und dann genie\u00dfen<\/h2>                <div class=\"content content--max content--no-px mt-6 \"><p>Zuerst erhalten Sie eine kurze Einweisung und dann k\u00f6nnen Sie mit Ihrem Board eine Runde in Winsum drehen. K\u00f6nnen Sie es schon ein bisschen? Fahren Sie dann mal zur <a href=\"https:\/\/www.boswachtersblog.nl\/groningen\/2022\/12\/02\/op-avontuur-op-maarhuizen\/\">Enne Jans Heerd<\/a> kurz au\u00dferhalb von Winsum.  Das ist eine wundersch\u00f6ne Tour von etwa 4 km hin und 4 km zur\u00fcck. Wenn es Ihnen sehr gef\u00e4llt und Sie sich weiter damit besch\u00e4ftigen m\u00f6chten, probieren Sie unsere <a href=\"https:\/\/marenland.nl\/activiteiten\/supclinic\/\">SUP-Klinik<\/a> oder schauen Sie bei der <a href=\"https:\/\/www.instagram.com\/supclubwinsum\/\">SUP-Club in Winsum<\/a> vorbei! Diese Gruppe von Enthusiasten ist auch oft auf ihren SUP-Boards unterwegs.<\/p>\n<\/div>\n                                    <nav class=\"flex items-center flex-wrap gap-2 lg:gap-4 mt-6 lg:mt-10\">\n                        <a class=\"btn btn--primary \" href=\"https:\/\/marenland.nl\/reserveren\/boot-of-kano-reserveren\/\" target=\"_self\">Reserveer online<\/a><a class=\"btn btn--primary btn--outlined\" href=\"https:\/\/marenland.nl\/contact\/\" target=\"_self\">Contact<\/a>                    <\/nav>\n                            <\/div>\n        <\/div>\n    <\/div>\n<\/section>\n    <section data-aos=\"fade-up\" class=\"content-block content-block--experiences mt-10 mb-9 lg:mt-32 lg:mb-40\">\n        <div class=\"py-8 -my-8 overflow-hidden px-6\">\n            <div class=\"splide max-w-[82.5rem] mx-auto lg:grid gap-x-8 grid-cols-12 \">\n                <h2 class=\"-lg:max-w-[18.625rem] col-span-5\"><\/h2>\n                <div class=\"splide__arrows hidden lg:flex items-center gap-x-2 self-start justify-self-end col-start-11\">\n                    <button class=\"splide__arrow splide__arrow--prev navigation navigation--sage\">\n                        <span class=\"sr-only\">Vorige<\/span>\n                    <\/button>\n                    <button class=\"splide__arrow splide__arrow--next navigation navigation--sage\">\n                        <span class=\"sr-only\">Volgende<\/span>\n                    <\/button>\n                <\/div>\n\n                <div class=\"splide__track !overflow-visible mt-8 lg:mt-16 col-span-full\">\n                    <ul class=\"splide__list !grid grid-flow-col grid-rows-[auto_1fr]\">\n                                                    <li class=\"splide__slide w-[calc(100dvw-theme(space.12))] max-w-[26.125rem] row-start-1 has-[.line-clamp--open]:row-span-2 has-[.line-clamp--closing]:row-span-2\">\n                                <div class=\"bg-sage text-white p-8 pt-10 lg:p-12 lg:pb-10 rounded-[1.875rem] shadow h-full\">\n                                                                            \n<span class=\"inline-flex gap-x-2 *:w-10\" aria-label=\"Bewertet mit 4.5 von 5\" role=\"img\">\n            <i class=\"icon icon--star\" aria-hidden=\"true\"><\/i>\n            <i class=\"icon icon--star\" aria-hidden=\"true\"><\/i>\n            <i class=\"icon icon--star\" aria-hidden=\"true\"><\/i>\n            <i class=\"icon icon--star\" aria-hidden=\"true\"><\/i>\n            <i class=\"icon icon--star-half\" aria-hidden=\"true\"><\/i>\n    <\/span>                                                                        <h3 class=\"heading--unstyled text-[1.25rem] leading-[1.5] font-medium mt-4\">Sup Clinic is een aanrader<\/h3>\n                                                                            <p class=\"text-body-sm text-green-dark\">Marcel Hellinga<\/p>\n                                                                        <blockquote class=\"peer\/line-clamp line-clamp line-clamp--clamped [&#038;.line-clamp--open]:max-h-[var(--line-clamp-height-expanded,auto)] max-h-[var(--line-clamp-height)] transition-[max-height] duration-300 overflow-hidden [&#038;.line-clamp--clamped]:[display:-webkit-box] [&#038;.line-clamp--clamped]:[-webkit-box-orient:vertical] [&#038;.line-clamp--clamped]:line-clamp-4 lg:[&#038;.line-clamp--clamped]:line-clamp-3 mt-4 text-[1rem] leading-[1.25] italic\">\n                                        <div class=\"content content--no-px\"><p>De Sup Clinic is een aanrader, je krijgt een leuke cursus en wil daarna snel weer het water opgaan! Super geregeld.<\/p>\n<\/div>\n                                    <\/blockquote>\n                                    <button class=\"slide__toggler btn btn--secondary btn--outlined mt-7 lg:mt-8 peer-[.line-clamp--open]\/line-clamp:[&#038;_*:first-child]:hidden peer-[:not(.line-clamp--open)]\/line-clamp:[&#038;_*:last-child]:hidden\">\n                                        <span>Lees meer<\/span>\n                                        <span>Inklappen<\/span>\n                                    <\/button>\n                                <\/div>\n                            <\/li>\n                                                    <li class=\"splide__slide w-[calc(100dvw-theme(space.12))] max-w-[26.125rem] row-start-1 has-[.line-clamp--open]:row-span-2 has-[.line-clamp--closing]:row-span-2\">\n                                <div class=\"bg-sage text-white p-8 pt-10 lg:p-12 lg:pb-10 rounded-[1.875rem] shadow h-full\">\n                                                                            \n<span class=\"inline-flex gap-x-2 *:w-10\" aria-label=\"Bewertet mit 4.0 von 5\" role=\"img\">\n            <i class=\"icon icon--star\" aria-hidden=\"true\"><\/i>\n            <i class=\"icon icon--star\" aria-hidden=\"true\"><\/i>\n            <i class=\"icon icon--star\" aria-hidden=\"true\"><\/i>\n            <i class=\"icon icon--star\" aria-hidden=\"true\"><\/i>\n            <i class=\"icon icon--star-outline\" aria-hidden=\"true\"><\/i>\n    <\/span>                                                                        <h3 class=\"heading--unstyled text-[1.25rem] leading-[1.5] font-medium mt-4\">Leuk rondje varen door Winsum<\/h3>\n                                                                            <p class=\"text-body-sm text-green-dark\">Iris Terpstra<\/p>\n                                                                        <blockquote class=\"peer\/line-clamp line-clamp line-clamp--clamped [&#038;.line-clamp--open]:max-h-[var(--line-clamp-height-expanded,auto)] max-h-[var(--line-clamp-height)] transition-[max-height] duration-300 overflow-hidden [&#038;.line-clamp--clamped]:[display:-webkit-box] [&#038;.line-clamp--clamped]:[-webkit-box-orient:vertical] [&#038;.line-clamp--clamped]:line-clamp-4 lg:[&#038;.line-clamp--clamped]:line-clamp-3 mt-4 text-[1rem] leading-[1.25] italic\">\n                                        <div class=\"content content--no-px\"><p>Leuk om even een bootje of kano te huren en een rondje door Winsum te varen!<\/p>\n<\/div>\n                                    <\/blockquote>\n                                    <button class=\"slide__toggler btn btn--secondary btn--outlined mt-7 lg:mt-8 peer-[.line-clamp--open]\/line-clamp:[&#038;_*:first-child]:hidden peer-[:not(.line-clamp--open)]\/line-clamp:[&#038;_*:last-child]:hidden\">\n                                        <span>Lees meer<\/span>\n                                        <span>Inklappen<\/span>\n                                    <\/button>\n                                <\/div>\n                            <\/li>\n                                            <\/ul>\n                <\/div>\n\n                <ul class=\"splide__pagination !mt-6 lg:hidden col-span-full\"><\/ul>\n            <\/div>\n        <\/div>\n    <\/section>\n\n<section class=\"content-block content-block--media-text grid items-center my-12 lg:my-[7.5rem] has-[+&#038;]:mb-0 [&#038;+&#038;]:mt-11 lg:[&#038;+&#038;]:mt-14  media-text--right\">\n    <div class=\"media-text__media size-full overflow-hidden shadow has-[media-player]:!aspect-video has-[media-player]:h-auto aspect-[369\/218] lg:aspect-[740\/412] -lg:max-w-[calc(100%-theme(spacing.6))]\">\n                                    <div class=\"overflow-hidden shadow [&#038;_f]:!rounded-none [&#038;_media-player]:overflow-hidden [&#038;_media-player]:size-full [&#038;_media-player\\_\\_video-wrapper]:!aspect-auto size-full object-cover isolate\">\n                    <div data-video=\"\" data-video-provider=\"youtube\" data-video-id=\"mZaLCOKM3GQ\" data-video-show-title=\"1\" data-video-title=\"Genie\u00dfen Sie das Paddeln\"><\/div>                <\/div>\n                        <\/div>\n    <div class=\"media-text__text lg:max-w-[33.25rem] -lg:mt-8\">\n        <div class=\"-lg:px-6\">\n            <div data-aos=\"fade-up\">\n                <h2 class=\"text-h3\">Stand Up Paddling<\/h2>                <div class=\"content content--max content--no-px mt-6 \"><p>M\u00f6chten Sie etwas Sportliches und Entspannendes mit Freunden oder Familie unternehmen? Oder einfach mal etwas Zeit f\u00fcr sich haben? Urspr\u00fcnglich aus Hawaii, kann man Stand-Up-Paddling heute \u00fcberall auf der Welt machen. Es ist auch eine gro\u00dfartige M\u00f6glichkeit, das sch\u00f6nste Dorf der Niederlande vom Wasser aus zu erkunden. Nach dem Paddeln empfehlen wir dringend, einen Snack und ein Getr\u00e4nk in unserem <a href=\"https:\/\/marenland.nl\/de\/eten-drinken\/camping-2\/\">Restaurant De Jongens uit de Buurt<\/a> mit Terrasse am Wasser zu genie\u00dfen. <\/p>\n<\/div>\n                                    <nav class=\"flex items-center flex-wrap gap-2 lg:gap-4 mt-6 lg:mt-10\">\n                        <span class=\"btn btn--primary \"><\/span>                    <\/nav>\n                            <\/div>\n        <\/div>\n    <\/div>\n<\/section>","protected":false},"excerpt":{"rendered":"<p>Man sieht immer mehr Menschen Stand-Up-Paddling machen, und das ist auch verst\u00e4ndlich. Paddeln auf dem Wasser und eins mit der Natur sein, ist einfach wunderbar. Man lernt es schnell und es ist auch noch sehr gut f\u00fcr den K\u00f6rper. Reservieren Sie direkt online ein SUP oder nehmen Sie an einem unserer SUP-Kliniken teil.<\/p>\n","protected":false},"author":1,"featured_media":2635,"parent":2685,"menu_order":107,"comment_status":"closed","ping_status":"closed","template":"","meta":{"_acf_changed":false,"footnotes":""},"class_list":["post-2677","page","type-page","status-publish","has-post-thumbnail","hentry"],"acf":[],"yoast_head":"<!-- This site is optimized with the Yoast SEO plugin v24.2 - https:\/\/yoast.com\/wordpress\/plugins\/seo\/ -->\n<title>Sup auf dem Wasser durch die wundersch\u00f6ne Umgebung Marenland Winsum<\/title>\n<meta name=\"description\" content=\"Mieten Sie ein SUP bei Marenland und erkunden Sie Winsum vom Wasser aus! Perfekt f\u00fcr Anf\u00e4nger und Fortgeschrittene. Jetzt online reservieren.\" \/>\n<meta name=\"robots\" content=\"index, follow, max-snippet:-1, max-image-preview:large, max-video-preview:-1\" \/>\n<link rel=\"canonical\" href=\"https:\/\/marenland.nl\/de\/activiteiten\/suppen\/\" \/>\n<meta property=\"og:locale\" content=\"de_DE\" \/>\n<meta property=\"og:type\" content=\"article\" \/>\n<meta property=\"og:title\" content=\"Sup auf dem Wasser durch die wundersch\u00f6ne Umgebung Marenland Winsum\" \/>\n<meta property=\"og:description\" content=\"Mieten Sie ein SUP bei Marenland und erkunden Sie Winsum vom Wasser aus! Perfekt f\u00fcr Anf\u00e4nger und Fortgeschrittene. Jetzt online reservieren.\" \/>\n<meta property=\"og:url\" content=\"https:\/\/marenland.nl\/de\/activiteiten\/suppen\/\" \/>\n<meta property=\"og:site_name\" content=\"Marenland\" \/>\n<meta property=\"article:modified_time\" content=\"2024-06-18T19:33:37+00:00\" \/>\n<meta property=\"og:image\" content=\"https:\/\/marenland.nl\/app\/uploads\/2024\/05\/suppen.jpg\" \/>\n\t<meta property=\"og:image:width\" content=\"2500\" \/>\n\t<meta property=\"og:image:height\" content=\"1669\" \/>\n\t<meta property=\"og:image:type\" content=\"image\/jpeg\" \/>\n<meta name=\"twitter:card\" content=\"summary_large_image\" \/>\n<script type=\"application\/ld+json\" class=\"yoast-schema-graph\">{\"@context\":\"https:\/\/schema.org\",\"@graph\":[{\"@type\":\"WebPage\",\"@id\":\"https:\/\/marenland.nl\/de\/activiteiten\/suppen\/\",\"url\":\"https:\/\/marenland.nl\/de\/activiteiten\/suppen\/\",\"name\":\"Sup auf dem Wasser durch die wundersch\u00f6ne Umgebung Marenland Winsum\",\"isPartOf\":{\"@id\":\"https:\/\/marenland.nl\/de\/#website\"},\"primaryImageOfPage\":{\"@id\":\"https:\/\/marenland.nl\/de\/activiteiten\/suppen\/#primaryimage\"},\"image\":{\"@id\":\"https:\/\/marenland.nl\/de\/activiteiten\/suppen\/#primaryimage\"},\"thumbnailUrl\":\"https:\/\/marenland.nl\/app\/uploads\/2024\/05\/suppen.jpg\",\"datePublished\":\"2024-03-25T12:47:56+00:00\",\"dateModified\":\"2024-06-18T19:33:37+00:00\",\"description\":\"Mieten Sie ein SUP bei Marenland und erkunden Sie Winsum vom Wasser aus! Perfekt f\u00fcr Anf\u00e4nger und Fortgeschrittene. Jetzt online reservieren.\",\"breadcrumb\":{\"@id\":\"https:\/\/marenland.nl\/de\/activiteiten\/suppen\/#breadcrumb\"},\"inLanguage\":\"de-DE\",\"potentialAction\":[{\"@type\":\"ReadAction\",\"target\":[\"https:\/\/marenland.nl\/de\/activiteiten\/suppen\/\"]}]},{\"@type\":\"ImageObject\",\"inLanguage\":\"de-DE\",\"@id\":\"https:\/\/marenland.nl\/de\/activiteiten\/suppen\/#primaryimage\",\"url\":\"https:\/\/marenland.nl\/app\/uploads\/2024\/05\/suppen.jpg\",\"contentUrl\":\"https:\/\/marenland.nl\/app\/uploads\/2024\/05\/suppen.jpg\",\"width\":2500,\"height\":1669},{\"@type\":\"BreadcrumbList\",\"@id\":\"https:\/\/marenland.nl\/de\/activiteiten\/suppen\/#breadcrumb\",\"itemListElement\":[{\"@type\":\"ListItem\",\"position\":1,\"name\":\"Home\",\"item\":\"https:\/\/marenland.nl\/de\/\"},{\"@type\":\"ListItem\",\"position\":2,\"name\":\"Aktivit\u00e4ten\",\"item\":\"https:\/\/marenland.nl\/de\/activiteiten\/\"},{\"@type\":\"ListItem\",\"position\":3,\"name\":\"Sup\"}]},{\"@type\":\"WebSite\",\"@id\":\"https:\/\/marenland.nl\/de\/#website\",\"url\":\"https:\/\/marenland.nl\/de\/\",\"name\":\"Marenland\",\"description\":\"Slapen, Eten en Recre\u00ebren\",\"potentialAction\":[{\"@type\":\"SearchAction\",\"target\":{\"@type\":\"EntryPoint\",\"urlTemplate\":\"https:\/\/marenland.nl\/de\/?s={search_term_string}\"},\"query-input\":{\"@type\":\"PropertyValueSpecification\",\"valueRequired\":true,\"valueName\":\"search_term_string\"}}],\"inLanguage\":\"de-DE\"}]}<\/script>\n<!-- \/ Yoast SEO plugin. -->","yoast_head_json":{"title":"Sup auf dem Wasser durch die wundersch\u00f6ne Umgebung Marenland Winsum","description":"Mieten Sie ein SUP bei Marenland und erkunden Sie Winsum vom Wasser aus! Perfekt f\u00fcr Anf\u00e4nger und Fortgeschrittene. Jetzt online reservieren.","robots":{"index":"index","follow":"follow","max-snippet":"max-snippet:-1","max-image-preview":"max-image-preview:large","max-video-preview":"max-video-preview:-1"},"canonical":"https:\/\/marenland.nl\/de\/activiteiten\/suppen\/","og_locale":"de_DE","og_type":"article","og_title":"Sup auf dem Wasser durch die wundersch\u00f6ne Umgebung Marenland Winsum","og_description":"Mieten Sie ein SUP bei Marenland und erkunden Sie Winsum vom Wasser aus! Perfekt f\u00fcr Anf\u00e4nger und Fortgeschrittene. Jetzt online reservieren.","og_url":"https:\/\/marenland.nl\/de\/activiteiten\/suppen\/","og_site_name":"Marenland","article_modified_time":"2024-06-18T19:33:37+00:00","og_image":[{"width":2500,"height":1669,"url":"https:\/\/marenland.nl\/app\/uploads\/2024\/05\/suppen.jpg","type":"image\/jpeg"}],"twitter_card":"summary_large_image","schema":{"@context":"https:\/\/schema.org","@graph":[{"@type":"WebPage","@id":"https:\/\/marenland.nl\/de\/activiteiten\/suppen\/","url":"https:\/\/marenland.nl\/de\/activiteiten\/suppen\/","name":"Sup auf dem Wasser durch die wundersch\u00f6ne Umgebung Marenland Winsum","isPartOf":{"@id":"https:\/\/marenland.nl\/de\/#website"},"primaryImageOfPage":{"@id":"https:\/\/marenland.nl\/de\/activiteiten\/suppen\/#primaryimage"},"image":{"@id":"https:\/\/marenland.nl\/de\/activiteiten\/suppen\/#primaryimage"},"thumbnailUrl":"https:\/\/marenland.nl\/app\/uploads\/2024\/05\/suppen.jpg","datePublished":"2024-03-25T12:47:56+00:00","dateModified":"2024-06-18T19:33:37+00:00","description":"Mieten Sie ein SUP bei Marenland und erkunden Sie Winsum vom Wasser aus! Perfekt f\u00fcr Anf\u00e4nger und Fortgeschrittene. Jetzt online reservieren.","breadcrumb":{"@id":"https:\/\/marenland.nl\/de\/activiteiten\/suppen\/#breadcrumb"},"inLanguage":"de-DE","potentialAction":[{"@type":"ReadAction","target":["https:\/\/marenland.nl\/de\/activiteiten\/suppen\/"]}]},{"@type":"ImageObject","inLanguage":"de-DE","@id":"https:\/\/marenland.nl\/de\/activiteiten\/suppen\/#primaryimage","url":"https:\/\/marenland.nl\/app\/uploads\/2024\/05\/suppen.jpg","contentUrl":"https:\/\/marenland.nl\/app\/uploads\/2024\/05\/suppen.jpg","width":2500,"height":1669},{"@type":"BreadcrumbList","@id":"https:\/\/marenland.nl\/de\/activiteiten\/suppen\/#breadcrumb","itemListElement":[{"@type":"ListItem","position":1,"name":"Home","item":"https:\/\/marenland.nl\/de\/"},{"@type":"ListItem","position":2,"name":"Aktivit\u00e4ten","item":"https:\/\/marenland.nl\/de\/activiteiten\/"},{"@type":"ListItem","position":3,"name":"Sup"}]},{"@type":"WebSite","@id":"https:\/\/marenland.nl\/de\/#website","url":"https:\/\/marenland.nl\/de\/","name":"Marenland","description":"Slapen, Eten en Recre\u00ebren","potentialAction":[{"@type":"SearchAction","target":{"@type":"EntryPoint","urlTemplate":"https:\/\/marenland.nl\/de\/?s={search_term_string}"},"query-input":{"@type":"PropertyValueSpecification","valueRequired":true,"valueName":"search_term_string"}}],"inLanguage":"de-DE"}]}},"_links":{"self":[{"href":"https:\/\/marenland.nl\/de\/wp-json\/wp\/v2\/pages\/2677","targetHints":{"allow":["GET"]}}],"collection":[{"href":"https:\/\/marenland.nl\/de\/wp-json\/wp\/v2\/pages"}],"about":[{"href":"https:\/\/marenland.nl\/de\/wp-json\/wp\/v2\/types\/page"}],"author":[{"embeddable":true,"href":"https:\/\/marenland.nl\/de\/wp-json\/wp\/v2\/users\/1"}],"replies":[{"embeddable":true,"href":"https:\/\/marenland.nl\/de\/wp-json\/wp\/v2\/comments?post=2677"}],"version-history":[{"count":18,"href":"https:\/\/marenland.nl\/de\/wp-json\/wp\/v2\/pages\/2677\/revisions"}],"predecessor-version":[{"id":4007,"href":"https:\/\/marenland.nl\/de\/wp-json\/wp\/v2\/pages\/2677\/revisions\/4007"}],"up":[{"embeddable":true,"href":"https:\/\/marenland.nl\/de\/wp-json\/wp\/v2\/pages\/2685"}],"wp:featuredmedia":[{"embeddable":true,"href":"https:\/\/marenland.nl\/de\/wp-json\/wp\/v2\/media\/2635"}],"wp:attachment":[{"href":"https:\/\/marenland.nl\/de\/wp-json\/wp\/v2\/media?parent=2677"}],"curies":[{"name":"wp","href":"https:\/\/api.w.org\/{rel}","templated":true}]}}