{"id":2687,"date":"2024-03-25T13:45:37","date_gmt":"2024-03-25T12:45:37","guid":{"rendered":"https:\/\/marenland.nl\/verhuur\/"},"modified":"2024-06-17T14:48:54","modified_gmt":"2024-06-17T12:48:54","slug":"boot-of-kano-reserveren","status":"publish","type":"page","link":"https:\/\/marenland.nl\/de\/reserveren\/boot-of-kano-reserveren\/","title":{"rendered":"Boot, Kanu oder Aktivit\u00e4t reservieren"},"content":{"rendered":"\n    <section class=\"content-block content-block--code-embed px-6 my-8 lg:my-16\">\n        <div class=\"max-w-[82.5rem] mx-auto [&#038;_iframe]:min-h-[min(100dvh,67.5rem)]\">\n            <h1 class=\"lg:max-w-[34rem] mb-8 lg:mb-14\" data-aos=\"fade-up\">Boot, Kanu oder Aktivit\u00e4t reservieren<\/h1>            <div data-aos=\"fade-up\" class=\"[&#038;:not(:has(.recranet-element))]:rounded-content-block [&#038;:not(:has(.recranet-element))]:overflow-hidden\">\n                <iframe src=\"https:\/\/booking.leisureking.eu\/bm\/bd1e0d8a8bec321866cb1dd49f490ad4\" frameborder=\"0\" id=\"lk-booking-window\" title=\"booking-window\" loading=\"lazy\" style=\"width:100%\">\r\n  <p>Your browser does not support iframes.<br>\r\n  <a href=\"https:\/\/booking.leisureking.eu\/bm\/bd1e0d8a8bec321866cb1dd49f490ad4\" target=\"_blank\">Open venster in nieuw tabblad<\/a><\/p>\r\n<\/iframe>\r\n<script type=\"text\/javascript\" src=\"https:\/\/booking.leisureking.eu\/bm\/scale.js\"><\/script>            <\/div>\n        <\/div>\n    <\/section>\n","protected":false},"excerpt":{"rendered":"","protected":false},"author":1,"featured_media":2043,"parent":2693,"menu_order":138,"comment_status":"closed","ping_status":"closed","template":"","meta":{"_acf_changed":false,"footnotes":""},"class_list":["post-2687","page","type-page","status-publish","has-post-thumbnail","hentry"],"acf":[],"yoast_head":"<!-- This site is optimized with the Yoast SEO plugin v24.2 - https:\/\/yoast.com\/wordpress\/plugins\/seo\/ -->\n<title>Boot, Kanu oder Aktivit\u00e4t reservieren - Marenland Winsum<\/title>\n<meta name=\"description\" content=\"Reservieren Sie ein Boot, Kanu oder eine andere Aktivit\u00e4t bei Marenland und genie\u00dfen Sie einen unvergesslichen Tag voller Abenteuer und Entspannung.\" \/>\n<meta name=\"robots\" content=\"index, follow, max-snippet:-1, max-image-preview:large, max-video-preview:-1\" \/>\n<link rel=\"canonical\" href=\"https:\/\/marenland.nl\/de\/reserveren\/boot-of-kano-reserveren\/\" \/>\n<meta property=\"og:locale\" content=\"de_DE\" \/>\n<meta property=\"og:type\" content=\"article\" \/>\n<meta property=\"og:title\" content=\"Boot, Kanu oder Aktivit\u00e4t reservieren - Marenland Winsum\" \/>\n<meta property=\"og:description\" content=\"Reservieren Sie ein Boot, Kanu oder eine andere Aktivit\u00e4t bei Marenland und genie\u00dfen Sie einen unvergesslichen Tag voller Abenteuer und Entspannung.\" \/>\n<meta property=\"og:url\" content=\"https:\/\/marenland.nl\/de\/reserveren\/boot-of-kano-reserveren\/\" \/>\n<meta property=\"og:site_name\" content=\"Marenland\" \/>\n<meta property=\"article:modified_time\" content=\"2024-06-17T12:48:54+00:00\" \/>\n<meta name=\"twitter:card\" content=\"summary_large_image\" \/>\n<script type=\"application\/ld+json\" class=\"yoast-schema-graph\">{\"@context\":\"https:\/\/schema.org\",\"@graph\":[{\"@type\":\"WebPage\",\"@id\":\"https:\/\/marenland.nl\/de\/reserveren\/boot-of-kano-reserveren\/\",\"url\":\"https:\/\/marenland.nl\/de\/reserveren\/boot-of-kano-reserveren\/\",\"name\":\"Boot, Kanu oder Aktivit\u00e4t reservieren - Marenland Winsum\",\"isPartOf\":{\"@id\":\"https:\/\/marenland.nl\/de\/#website\"},\"primaryImageOfPage\":{\"@id\":\"https:\/\/marenland.nl\/de\/reserveren\/boot-of-kano-reserveren\/#primaryimage\"},\"image\":{\"@id\":\"https:\/\/marenland.nl\/de\/reserveren\/boot-of-kano-reserveren\/#primaryimage\"},\"thumbnailUrl\":\"https:\/\/marenland.nl\/app\/uploads\/2024\/04\/marenland-niels-kooistra-bewerkt-hoge-kwaliteit-2.jpg\",\"datePublished\":\"2024-03-25T12:45:37+00:00\",\"dateModified\":\"2024-06-17T12:48:54+00:00\",\"description\":\"Reservieren Sie ein Boot, Kanu oder eine andere Aktivit\u00e4t bei Marenland und genie\u00dfen Sie einen unvergesslichen Tag voller Abenteuer und Entspannung.\",\"breadcrumb\":{\"@id\":\"https:\/\/marenland.nl\/de\/reserveren\/boot-of-kano-reserveren\/#breadcrumb\"},\"inLanguage\":\"de-DE\",\"potentialAction\":[{\"@type\":\"ReadAction\",\"target\":[\"https:\/\/marenland.nl\/de\/reserveren\/boot-of-kano-reserveren\/\"]}]},{\"@type\":\"ImageObject\",\"inLanguage\":\"de-DE\",\"@id\":\"https:\/\/marenland.nl\/de\/reserveren\/boot-of-kano-reserveren\/#primaryimage\",\"url\":\"https:\/\/marenland.nl\/app\/uploads\/2024\/04\/marenland-niels-kooistra-bewerkt-hoge-kwaliteit-2.jpg\",\"contentUrl\":\"https:\/\/marenland.nl\/app\/uploads\/2024\/04\/marenland-niels-kooistra-bewerkt-hoge-kwaliteit-2.jpg\",\"width\":2250,\"height\":1266},{\"@type\":\"BreadcrumbList\",\"@id\":\"https:\/\/marenland.nl\/de\/reserveren\/boot-of-kano-reserveren\/#breadcrumb\",\"itemListElement\":[{\"@type\":\"ListItem\",\"position\":1,\"name\":\"Home\",\"item\":\"https:\/\/marenland.nl\/de\/\"},{\"@type\":\"ListItem\",\"position\":2,\"name\":\"Jetzt buchen\",\"item\":\"https:\/\/marenland.nl\/de\/reserveren\/\"},{\"@type\":\"ListItem\",\"position\":3,\"name\":\"Boot, Kanu oder Aktivit\u00e4t reservieren\"}]},{\"@type\":\"WebSite\",\"@id\":\"https:\/\/marenland.nl\/de\/#website\",\"url\":\"https:\/\/marenland.nl\/de\/\",\"name\":\"Marenland\",\"description\":\"Slapen, Eten en Recre\u00ebren\",\"potentialAction\":[{\"@type\":\"SearchAction\",\"target\":{\"@type\":\"EntryPoint\",\"urlTemplate\":\"https:\/\/marenland.nl\/de\/?s={search_term_string}\"},\"query-input\":{\"@type\":\"PropertyValueSpecification\",\"valueRequired\":true,\"valueName\":\"search_term_string\"}}],\"inLanguage\":\"de-DE\"}]}<\/script>\n<!-- \/ Yoast SEO plugin. -->","yoast_head_json":{"title":"Boot, Kanu oder Aktivit\u00e4t reservieren - Marenland Winsum","description":"Reservieren Sie ein Boot, Kanu oder eine andere Aktivit\u00e4t bei Marenland und genie\u00dfen Sie einen unvergesslichen Tag voller Abenteuer und Entspannung.","robots":{"index":"index","follow":"follow","max-snippet":"max-snippet:-1","max-image-preview":"max-image-preview:large","max-video-preview":"max-video-preview:-1"},"canonical":"https:\/\/marenland.nl\/de\/reserveren\/boot-of-kano-reserveren\/","og_locale":"de_DE","og_type":"article","og_title":"Boot, Kanu oder Aktivit\u00e4t reservieren - Marenland Winsum","og_description":"Reservieren Sie ein Boot, Kanu oder eine andere Aktivit\u00e4t bei Marenland und genie\u00dfen Sie einen unvergesslichen Tag voller Abenteuer und Entspannung.","og_url":"https:\/\/marenland.nl\/de\/reserveren\/boot-of-kano-reserveren\/","og_site_name":"Marenland","article_modified_time":"2024-06-17T12:48:54+00:00","twitter_card":"summary_large_image","schema":{"@context":"https:\/\/schema.org","@graph":[{"@type":"WebPage","@id":"https:\/\/marenland.nl\/de\/reserveren\/boot-of-kano-reserveren\/","url":"https:\/\/marenland.nl\/de\/reserveren\/boot-of-kano-reserveren\/","name":"Boot, Kanu oder Aktivit\u00e4t reservieren - Marenland Winsum","isPartOf":{"@id":"https:\/\/marenland.nl\/de\/#website"},"primaryImageOfPage":{"@id":"https:\/\/marenland.nl\/de\/reserveren\/boot-of-kano-reserveren\/#primaryimage"},"image":{"@id":"https:\/\/marenland.nl\/de\/reserveren\/boot-of-kano-reserveren\/#primaryimage"},"thumbnailUrl":"https:\/\/marenland.nl\/app\/uploads\/2024\/04\/marenland-niels-kooistra-bewerkt-hoge-kwaliteit-2.jpg","datePublished":"2024-03-25T12:45:37+00:00","dateModified":"2024-06-17T12:48:54+00:00","description":"Reservieren Sie ein Boot, Kanu oder eine andere Aktivit\u00e4t bei Marenland und genie\u00dfen Sie einen unvergesslichen Tag voller Abenteuer und Entspannung.","breadcrumb":{"@id":"https:\/\/marenland.nl\/de\/reserveren\/boot-of-kano-reserveren\/#breadcrumb"},"inLanguage":"de-DE","potentialAction":[{"@type":"ReadAction","target":["https:\/\/marenland.nl\/de\/reserveren\/boot-of-kano-reserveren\/"]}]},{"@type":"ImageObject","inLanguage":"de-DE","@id":"https:\/\/marenland.nl\/de\/reserveren\/boot-of-kano-reserveren\/#primaryimage","url":"https:\/\/marenland.nl\/app\/uploads\/2024\/04\/marenland-niels-kooistra-bewerkt-hoge-kwaliteit-2.jpg","contentUrl":"https:\/\/marenland.nl\/app\/uploads\/2024\/04\/marenland-niels-kooistra-bewerkt-hoge-kwaliteit-2.jpg","width":2250,"height":1266},{"@type":"BreadcrumbList","@id":"https:\/\/marenland.nl\/de\/reserveren\/boot-of-kano-reserveren\/#breadcrumb","itemListElement":[{"@type":"ListItem","position":1,"name":"Home","item":"https:\/\/marenland.nl\/de\/"},{"@type":"ListItem","position":2,"name":"Jetzt buchen","item":"https:\/\/marenland.nl\/de\/reserveren\/"},{"@type":"ListItem","position":3,"name":"Boot, Kanu oder Aktivit\u00e4t reservieren"}]},{"@type":"WebSite","@id":"https:\/\/marenland.nl\/de\/#website","url":"https:\/\/marenland.nl\/de\/","name":"Marenland","description":"Slapen, Eten en Recre\u00ebren","potentialAction":[{"@type":"SearchAction","target":{"@type":"EntryPoint","urlTemplate":"https:\/\/marenland.nl\/de\/?s={search_term_string}"},"query-input":{"@type":"PropertyValueSpecification","valueRequired":true,"valueName":"search_term_string"}}],"inLanguage":"de-DE"}]}},"_links":{"self":[{"href":"https:\/\/marenland.nl\/de\/wp-json\/wp\/v2\/pages\/2687","targetHints":{"allow":["GET"]}}],"collection":[{"href":"https:\/\/marenland.nl\/de\/wp-json\/wp\/v2\/pages"}],"about":[{"href":"https:\/\/marenland.nl\/de\/wp-json\/wp\/v2\/types\/page"}],"author":[{"embeddable":true,"href":"https:\/\/marenland.nl\/de\/wp-json\/wp\/v2\/users\/1"}],"replies":[{"embeddable":true,"href":"https:\/\/marenland.nl\/de\/wp-json\/wp\/v2\/comments?post=2687"}],"version-history":[{"count":3,"href":"https:\/\/marenland.nl\/de\/wp-json\/wp\/v2\/pages\/2687\/revisions"}],"predecessor-version":[{"id":3888,"href":"https:\/\/marenland.nl\/de\/wp-json\/wp\/v2\/pages\/2687\/revisions\/3888"}],"up":[{"embeddable":true,"href":"https:\/\/marenland.nl\/de\/wp-json\/wp\/v2\/pages\/2693"}],"wp:featuredmedia":[{"embeddable":true,"href":"https:\/\/marenland.nl\/de\/wp-json\/wp\/v2\/media\/2043"}],"wp:attachment":[{"href":"https:\/\/marenland.nl\/de\/wp-json\/wp\/v2\/media?parent=2687"}],"curies":[{"name":"wp","href":"https:\/\/api.w.org\/{rel}","templated":true}]}}