{"id":2689,"date":"2024-03-25T13:45:24","date_gmt":"2024-03-25T12:45:24","guid":{"rendered":"https:\/\/marenland.nl\/overnachten\/"},"modified":"2024-06-28T14:46:10","modified_gmt":"2024-06-28T12:46:10","slug":"uebernachtung","status":"publish","type":"page","link":"https:\/\/marenland.nl\/de\/reserveren\/uebernachtung\/","title":{"rendered":"\u00dcbernachtung"},"content":{"rendered":"\n<section class=\"content-block content-block--media-text grid items-center my-12 lg:my-[7.5rem] has-[+&#038;]:mb-0 [&#038;+&#038;]:mt-11 lg:[&#038;+&#038;]:mt-14 media-text--featured content-block--underlap media-text--right\">\n    <div class=\"media-text__media size-full overflow-hidden shadow has-[media-player]:!aspect-video has-[media-player]:h-auto lg:contain-size -lg:rounded-[1.875rem] -lg:-shadow -lg:relative -lg:aspect-[393\/220] 2xl:min-h-[25vw]\">\n                                    <img decoding=\"async\" width=\"2250\" height=\"1266\" src=\"https:\/\/marenland.nl\/app\/uploads\/2024\/04\/marenland-niels-kooistra-bewerkt-hoge-kwaliteit-221.jpg\" class=\"object-cover size-full\" alt=\"\" loading=\"lazy\" srcset=\"https:\/\/marenland.nl\/app\/uploads\/2024\/04\/marenland-niels-kooistra-bewerkt-hoge-kwaliteit-221.jpg 2250w, https:\/\/marenland.nl\/app\/uploads\/2024\/04\/marenland-niels-kooistra-bewerkt-hoge-kwaliteit-221-300x169.jpg 300w, https:\/\/marenland.nl\/app\/uploads\/2024\/04\/marenland-niels-kooistra-bewerkt-hoge-kwaliteit-221-1024x576.jpg 1024w, https:\/\/marenland.nl\/app\/uploads\/2024\/04\/marenland-niels-kooistra-bewerkt-hoge-kwaliteit-221-768x432.jpg 768w, https:\/\/marenland.nl\/app\/uploads\/2024\/04\/marenland-niels-kooistra-bewerkt-hoge-kwaliteit-221-1536x864.jpg 1536w, https:\/\/marenland.nl\/app\/uploads\/2024\/04\/marenland-niels-kooistra-bewerkt-hoge-kwaliteit-221-2048x1152.jpg 2048w\" sizes=\"(max-width: 2250px) 100vw, 2250px\" \/>                        <\/div>\n    <div class=\"media-text__text lg:py-12 lg:isolate\">\n        <div class=\"pb-10 pt-[calc(theme(spacing.8)+1.875rem)] -lg:-mt-[1.875rem] -lg:rounded-t-none px-6 lg:p-12 text-white shadow rounded-[1.875rem] bg-midnight\">\n            <div data-aos=\"fade-up\">\n                <h1 class=\"text-h3\">Reservieren Sie Ihren Aufenthalt bei Marenland<\/h1>                <div class=\"content content--max content--no-px mt-6 -lg:mt-4\"><p>Buchen Sie Ihren Aufenthalt bei Marenland ganz einfach online, von einem Stellplatz f\u00fcr Wohnmobile bis zu einem Hotelzimmer, \u00fcber das untenstehende Reservierungsmodul. Vergessen Sie nicht, auch ein leckeres Fr\u00fchst\u00fcck zu Ihrem Aufenthalt zu reservieren, um perfekt in den Tag zu starten. Wenn Sie Fragen haben oder Hilfe bei Ihrer Buchung ben\u00f6tigen, erreichen Sie uns unter <a href=\"tel:0595442750\">0595 442 750<\/a> oder \u00fcber <a href=\"mailto:info@marenland.nl\">info@marenland.nl<\/a>.<\/p>\n<\/div>\n                            <\/div>\n        <\/div>\n    <\/div>\n<\/section>\n    <section class=\"content-block content-block--code-embed px-6 my-8 lg:my-16\">\n        <div class=\"max-w-[82.5rem] mx-auto [&#038;_iframe]:min-h-[min(100dvh,67.5rem)]\">\n                        <div data-aos=\"fade-up\" class=\"[&#038;:not(:has(.recranet-element))]:rounded-content-block [&#038;:not(:has(.recranet-element))]:overflow-hidden\">\n                <recranet-accommodations class=\"recranet-element\"><\/recranet-accommodations>            <\/div>\n        <\/div>\n    <\/section>\n","protected":false},"excerpt":{"rendered":"<p>Buchen Sie Ihren Aufenthalt bei Marenland ganz einfach online, von einem Stellplatz f\u00fcr Wohnmobile bis zu einem Hotelzimmer, \u00fcber das untenstehende Reservierungsmodul. Vergessen Sie nicht, auch ein leckeres Fr\u00fchst\u00fcck zu Ihrem Aufenthalt zu reservieren, um perfekt in den Tag zu starten. Wenn Sie Fragen haben oder Hilfe bei Ihrer Buchung ben\u00f6tigen, erreichen Sie uns unter&#8230;<\/p>\n","protected":false},"author":1,"featured_media":1907,"parent":2693,"menu_order":130,"comment_status":"closed","ping_status":"closed","template":"","meta":{"_acf_changed":false,"footnotes":""},"class_list":["post-2689","page","type-page","status-publish","has-post-thumbnail","hentry"],"acf":[],"yoast_head":"<!-- This site is optimized with the Yoast SEO plugin v24.2 - https:\/\/yoast.com\/wordpress\/plugins\/seo\/ -->\n<title>Einzigartige \u00dcbernachtungen f\u00fcr jeden Urlaub - Marenland Winsum<\/title>\n<meta name=\"description\" content=\"Genie\u00dfen Sie einen entspannten Aufenthalt bei Marenland. W\u00e4hlen Sie aus verschiedenen Unterk\u00fcnften f\u00fcr einen unvergesslichen Urlaub.\" \/>\n<meta name=\"robots\" content=\"index, follow, max-snippet:-1, max-image-preview:large, max-video-preview:-1\" \/>\n<link rel=\"canonical\" href=\"https:\/\/marenland.nl\/de\/reserveren\/uebernachtung\/\" \/>\n<meta property=\"og:locale\" content=\"de_DE\" \/>\n<meta property=\"og:type\" content=\"article\" \/>\n<meta property=\"og:title\" content=\"Einzigartige \u00dcbernachtungen f\u00fcr jeden Urlaub - Marenland Winsum\" \/>\n<meta property=\"og:description\" content=\"Genie\u00dfen Sie einen entspannten Aufenthalt bei Marenland. W\u00e4hlen Sie aus verschiedenen Unterk\u00fcnften f\u00fcr einen unvergesslichen Urlaub.\" \/>\n<meta property=\"og:url\" content=\"https:\/\/marenland.nl\/de\/reserveren\/uebernachtung\/\" \/>\n<meta property=\"og:site_name\" content=\"Marenland\" \/>\n<meta property=\"article:modified_time\" content=\"2024-06-28T12:46:10+00:00\" \/>\n<meta property=\"og:image\" content=\"https:\/\/marenland.nl\/app\/uploads\/2024\/04\/marenland-niels-kooistra-bewerkt-hoge-kwaliteit-230.jpg\" \/>\n\t<meta property=\"og:image:width\" content=\"2250\" \/>\n\t<meta property=\"og:image:height\" content=\"1266\" \/>\n\t<meta property=\"og:image:type\" content=\"image\/jpeg\" \/>\n<meta name=\"twitter:card\" content=\"summary_large_image\" \/>\n<meta name=\"twitter:label1\" content=\"Est. reading time\" \/>\n\t<meta name=\"twitter:data1\" content=\"1 minute\" \/>\n<script type=\"application\/ld+json\" class=\"yoast-schema-graph\">{\"@context\":\"https:\/\/schema.org\",\"@graph\":[{\"@type\":\"WebPage\",\"@id\":\"https:\/\/marenland.nl\/de\/reserveren\/uebernachtung\/\",\"url\":\"https:\/\/marenland.nl\/de\/reserveren\/uebernachtung\/\",\"name\":\"Einzigartige \u00dcbernachtungen f\u00fcr jeden Urlaub - Marenland Winsum\",\"isPartOf\":{\"@id\":\"https:\/\/marenland.nl\/de\/#website\"},\"primaryImageOfPage\":{\"@id\":\"https:\/\/marenland.nl\/de\/reserveren\/uebernachtung\/#primaryimage\"},\"image\":{\"@id\":\"https:\/\/marenland.nl\/de\/reserveren\/uebernachtung\/#primaryimage\"},\"thumbnailUrl\":\"https:\/\/marenland.nl\/app\/uploads\/2024\/04\/MarenlandNov20-41.jpg\",\"datePublished\":\"2024-03-25T12:45:24+00:00\",\"dateModified\":\"2024-06-28T12:46:10+00:00\",\"description\":\"Genie\u00dfen Sie einen entspannten Aufenthalt bei Marenland. W\u00e4hlen Sie aus verschiedenen Unterk\u00fcnften f\u00fcr einen unvergesslichen Urlaub.\",\"breadcrumb\":{\"@id\":\"https:\/\/marenland.nl\/de\/reserveren\/uebernachtung\/#breadcrumb\"},\"inLanguage\":\"de-DE\",\"potentialAction\":[{\"@type\":\"ReadAction\",\"target\":[\"https:\/\/marenland.nl\/de\/reserveren\/uebernachtung\/\"]}]},{\"@type\":\"ImageObject\",\"inLanguage\":\"de-DE\",\"@id\":\"https:\/\/marenland.nl\/de\/reserveren\/uebernachtung\/#primaryimage\",\"url\":\"https:\/\/marenland.nl\/app\/uploads\/2024\/04\/MarenlandNov20-41.jpg\",\"contentUrl\":\"https:\/\/marenland.nl\/app\/uploads\/2024\/04\/MarenlandNov20-41.jpg\",\"width\":1500,\"height\":1207},{\"@type\":\"BreadcrumbList\",\"@id\":\"https:\/\/marenland.nl\/de\/reserveren\/uebernachtung\/#breadcrumb\",\"itemListElement\":[{\"@type\":\"ListItem\",\"position\":1,\"name\":\"Home\",\"item\":\"https:\/\/marenland.nl\/de\/\"},{\"@type\":\"ListItem\",\"position\":2,\"name\":\"Jetzt buchen\",\"item\":\"https:\/\/marenland.nl\/de\/reserveren\/\"},{\"@type\":\"ListItem\",\"position\":3,\"name\":\"\u00dcbernachtung\"}]},{\"@type\":\"WebSite\",\"@id\":\"https:\/\/marenland.nl\/de\/#website\",\"url\":\"https:\/\/marenland.nl\/de\/\",\"name\":\"Marenland\",\"description\":\"Slapen, Eten en Recre\u00ebren\",\"potentialAction\":[{\"@type\":\"SearchAction\",\"target\":{\"@type\":\"EntryPoint\",\"urlTemplate\":\"https:\/\/marenland.nl\/de\/?s={search_term_string}\"},\"query-input\":{\"@type\":\"PropertyValueSpecification\",\"valueRequired\":true,\"valueName\":\"search_term_string\"}}],\"inLanguage\":\"de-DE\"}]}<\/script>\n<!-- \/ Yoast SEO plugin. -->","yoast_head_json":{"title":"Einzigartige \u00dcbernachtungen f\u00fcr jeden Urlaub - Marenland Winsum","description":"Genie\u00dfen Sie einen entspannten Aufenthalt bei Marenland. W\u00e4hlen Sie aus verschiedenen Unterk\u00fcnften f\u00fcr einen unvergesslichen Urlaub.","robots":{"index":"index","follow":"follow","max-snippet":"max-snippet:-1","max-image-preview":"max-image-preview:large","max-video-preview":"max-video-preview:-1"},"canonical":"https:\/\/marenland.nl\/de\/reserveren\/uebernachtung\/","og_locale":"de_DE","og_type":"article","og_title":"Einzigartige \u00dcbernachtungen f\u00fcr jeden Urlaub - Marenland Winsum","og_description":"Genie\u00dfen Sie einen entspannten Aufenthalt bei Marenland. W\u00e4hlen Sie aus verschiedenen Unterk\u00fcnften f\u00fcr einen unvergesslichen Urlaub.","og_url":"https:\/\/marenland.nl\/de\/reserveren\/uebernachtung\/","og_site_name":"Marenland","article_modified_time":"2024-06-28T12:46:10+00:00","og_image":[{"width":2250,"height":1266,"url":"https:\/\/marenland.nl\/app\/uploads\/2024\/04\/marenland-niels-kooistra-bewerkt-hoge-kwaliteit-230.jpg","type":"image\/jpeg"}],"twitter_card":"summary_large_image","twitter_misc":{"Est. reading time":"1 minute"},"schema":{"@context":"https:\/\/schema.org","@graph":[{"@type":"WebPage","@id":"https:\/\/marenland.nl\/de\/reserveren\/uebernachtung\/","url":"https:\/\/marenland.nl\/de\/reserveren\/uebernachtung\/","name":"Einzigartige \u00dcbernachtungen f\u00fcr jeden Urlaub - Marenland Winsum","isPartOf":{"@id":"https:\/\/marenland.nl\/de\/#website"},"primaryImageOfPage":{"@id":"https:\/\/marenland.nl\/de\/reserveren\/uebernachtung\/#primaryimage"},"image":{"@id":"https:\/\/marenland.nl\/de\/reserveren\/uebernachtung\/#primaryimage"},"thumbnailUrl":"https:\/\/marenland.nl\/app\/uploads\/2024\/04\/MarenlandNov20-41.jpg","datePublished":"2024-03-25T12:45:24+00:00","dateModified":"2024-06-28T12:46:10+00:00","description":"Genie\u00dfen Sie einen entspannten Aufenthalt bei Marenland. W\u00e4hlen Sie aus verschiedenen Unterk\u00fcnften f\u00fcr einen unvergesslichen Urlaub.","breadcrumb":{"@id":"https:\/\/marenland.nl\/de\/reserveren\/uebernachtung\/#breadcrumb"},"inLanguage":"de-DE","potentialAction":[{"@type":"ReadAction","target":["https:\/\/marenland.nl\/de\/reserveren\/uebernachtung\/"]}]},{"@type":"ImageObject","inLanguage":"de-DE","@id":"https:\/\/marenland.nl\/de\/reserveren\/uebernachtung\/#primaryimage","url":"https:\/\/marenland.nl\/app\/uploads\/2024\/04\/MarenlandNov20-41.jpg","contentUrl":"https:\/\/marenland.nl\/app\/uploads\/2024\/04\/MarenlandNov20-41.jpg","width":1500,"height":1207},{"@type":"BreadcrumbList","@id":"https:\/\/marenland.nl\/de\/reserveren\/uebernachtung\/#breadcrumb","itemListElement":[{"@type":"ListItem","position":1,"name":"Home","item":"https:\/\/marenland.nl\/de\/"},{"@type":"ListItem","position":2,"name":"Jetzt buchen","item":"https:\/\/marenland.nl\/de\/reserveren\/"},{"@type":"ListItem","position":3,"name":"\u00dcbernachtung"}]},{"@type":"WebSite","@id":"https:\/\/marenland.nl\/de\/#website","url":"https:\/\/marenland.nl\/de\/","name":"Marenland","description":"Slapen, Eten en Recre\u00ebren","potentialAction":[{"@type":"SearchAction","target":{"@type":"EntryPoint","urlTemplate":"https:\/\/marenland.nl\/de\/?s={search_term_string}"},"query-input":{"@type":"PropertyValueSpecification","valueRequired":true,"valueName":"search_term_string"}}],"inLanguage":"de-DE"}]}},"_links":{"self":[{"href":"https:\/\/marenland.nl\/de\/wp-json\/wp\/v2\/pages\/2689","targetHints":{"allow":["GET"]}}],"collection":[{"href":"https:\/\/marenland.nl\/de\/wp-json\/wp\/v2\/pages"}],"about":[{"href":"https:\/\/marenland.nl\/de\/wp-json\/wp\/v2\/types\/page"}],"author":[{"embeddable":true,"href":"https:\/\/marenland.nl\/de\/wp-json\/wp\/v2\/users\/1"}],"replies":[{"embeddable":true,"href":"https:\/\/marenland.nl\/de\/wp-json\/wp\/v2\/comments?post=2689"}],"version-history":[{"count":7,"href":"https:\/\/marenland.nl\/de\/wp-json\/wp\/v2\/pages\/2689\/revisions"}],"predecessor-version":[{"id":3896,"href":"https:\/\/marenland.nl\/de\/wp-json\/wp\/v2\/pages\/2689\/revisions\/3896"}],"up":[{"embeddable":true,"href":"https:\/\/marenland.nl\/de\/wp-json\/wp\/v2\/pages\/2693"}],"wp:featuredmedia":[{"embeddable":true,"href":"https:\/\/marenland.nl\/de\/wp-json\/wp\/v2\/media\/1907"}],"wp:attachment":[{"href":"https:\/\/marenland.nl\/de\/wp-json\/wp\/v2\/media?parent=2689"}],"curies":[{"name":"wp","href":"https:\/\/api.w.org\/{rel}","templated":true}]}}