{"id":2695,"date":"2024-03-25T13:43:00","date_gmt":"2024-03-25T12:43:00","guid":{"rendered":"https:\/\/marenland.nl\/faciliteiten\/"},"modified":"2024-06-19T19:14:23","modified_gmt":"2024-06-19T17:14:23","slug":"faciliteiten","status":"publish","type":"page","link":"https:\/\/marenland.nl\/de\/faciliteiten\/","title":{"rendered":"Einrichtungen"},"content":{"rendered":"\n<section class=\"content-block content-block--media-text grid items-center my-12 lg:my-[7.5rem] has-[+&#038;]:mb-0 [&#038;+&#038;]:mt-11 lg:[&#038;+&#038;]:mt-14  media-text--left\">\n    <div class=\"media-text__media size-full overflow-hidden shadow has-[media-player]:!aspect-video has-[media-player]:h-auto aspect-[369\/218] lg:aspect-[740\/412] -lg:max-w-[calc(100%-theme(spacing.6))]\">\n                                    <img decoding=\"async\" width=\"2250\" height=\"1266\" src=\"https:\/\/marenland.nl\/app\/uploads\/2024\/04\/marenland-niels-kooistra-bewerkt-hoge-kwaliteit-189.jpg\" class=\"object-cover size-full\" alt=\"\" loading=\"lazy\" srcset=\"https:\/\/marenland.nl\/app\/uploads\/2024\/04\/marenland-niels-kooistra-bewerkt-hoge-kwaliteit-189.jpg 2250w, https:\/\/marenland.nl\/app\/uploads\/2024\/04\/marenland-niels-kooistra-bewerkt-hoge-kwaliteit-189-300x169.jpg 300w, https:\/\/marenland.nl\/app\/uploads\/2024\/04\/marenland-niels-kooistra-bewerkt-hoge-kwaliteit-189-1024x576.jpg 1024w, https:\/\/marenland.nl\/app\/uploads\/2024\/04\/marenland-niels-kooistra-bewerkt-hoge-kwaliteit-189-768x432.jpg 768w, https:\/\/marenland.nl\/app\/uploads\/2024\/04\/marenland-niels-kooistra-bewerkt-hoge-kwaliteit-189-1536x864.jpg 1536w, https:\/\/marenland.nl\/app\/uploads\/2024\/04\/marenland-niels-kooistra-bewerkt-hoge-kwaliteit-189-2048x1152.jpg 2048w\" sizes=\"(max-width: 2250px) 100vw, 2250px\" \/>                        <\/div>\n    <div class=\"media-text__text lg:max-w-[33.25rem] -lg:mt-8\">\n        <div class=\"-lg:px-6\">\n            <div data-aos=\"fade-up\">\n                <h1 class=\"text-h3\">Aktivit\u00e4ten<\/h1>                <div class=\"content content--max content--no-px mt-6 \"><p>Marenland Recreation bietet eine Vielzahl von Aktivit\u00e4ten f\u00fcr alle Altersgruppen. Vom Kanufahren und SUPpen durch Winsum und die Umgebung bis hin zu Bogenschie\u00dfen, einer spannenden Escape-Box, Discgolf und Wanderwegen, um die sch\u00f6ne Umgebung zu erkunden. F\u00fcr j\u00fcngere G\u00e4ste gibt es Spielpl\u00e4tze und organisierte Spiele. Wir f\u00fcgen regelm\u00e4\u00dfig neue Aktivit\u00e4ten zu unserem Angebot hinzu. Sind Sie neugierig auf alle M\u00f6glichkeiten? Entdecken Sie sie beim Bootsverleih oder an der Rezeption, unser Team hilft Ihnen gerne weiter.  <\/p>\n<\/div>\n                            <\/div>\n        <\/div>\n    <\/div>\n<\/section>\n<section class=\"content-block content-block--media-text grid items-center my-12 lg:my-[7.5rem] has-[+&#038;]:mb-0 [&#038;+&#038;]:mt-11 lg:[&#038;+&#038;]:mt-14  media-text--right\">\n    <div class=\"media-text__media size-full overflow-hidden shadow has-[media-player]:!aspect-video has-[media-player]:h-auto aspect-[369\/218] lg:aspect-[740\/412] -lg:max-w-[calc(100%-theme(spacing.6))]\">\n                                    <img decoding=\"async\" width=\"1500\" height=\"1356\" src=\"https:\/\/marenland.nl\/app\/uploads\/2024\/04\/MarenlandNov20-14.jpg\" class=\"object-cover size-full\" alt=\"\" loading=\"lazy\" srcset=\"https:\/\/marenland.nl\/app\/uploads\/2024\/04\/MarenlandNov20-14.jpg 1500w, https:\/\/marenland.nl\/app\/uploads\/2024\/04\/MarenlandNov20-14-300x271.jpg 300w, https:\/\/marenland.nl\/app\/uploads\/2024\/04\/MarenlandNov20-14-1024x926.jpg 1024w, https:\/\/marenland.nl\/app\/uploads\/2024\/04\/MarenlandNov20-14-768x694.jpg 768w\" sizes=\"(max-width: 1500px) 100vw, 1500px\" \/>                        <\/div>\n    <div class=\"media-text__text lg:max-w-[33.25rem] -lg:mt-8\">\n        <div class=\"-lg:px-6\">\n            <div data-aos=\"fade-up\">\n                <h2 class=\"text-h3\">Restaurant &#8216;De Jongens uit de Buurt&#8217; <\/h2>                <div class=\"content content--max content--no-px mt-6 \"><p>In unserem Restaurant &#8216;De Jongens uit de Buurt&#8217; k\u00f6nnen Sie ein kulinarisches Erlebnis genie\u00dfen, das so erfrischend ist wie die nat\u00fcrliche Umgebung. Mit einem Men\u00fc, das von lokalen K\u00f6stlichkeiten bis hin zu internationalen Klassikern reicht und mit frischen, saisonalen Zutaten zubereitet wird, ist f\u00fcr jeden etwas dabei. Das Restaurant bietet gem\u00fctliche Sitzpl\u00e4tze sowohl drinnen als auch auf der Terrasse am Wasser.  <\/p>\n<\/div>\n                            <\/div>\n        <\/div>\n    <\/div>\n<\/section>\n<section class=\"content-block content-block--media-text grid items-center my-12 lg:my-[7.5rem] has-[+&#038;]:mb-0 [&#038;+&#038;]:mt-11 lg:[&#038;+&#038;]:mt-14  media-text--left\">\n    <div class=\"media-text__media size-full overflow-hidden shadow has-[media-player]:!aspect-video has-[media-player]:h-auto aspect-[369\/218] lg:aspect-[740\/412] -lg:max-w-[calc(100%-theme(spacing.6))]\">\n                                    <img decoding=\"async\" width=\"2250\" height=\"1266\" src=\"https:\/\/marenland.nl\/app\/uploads\/2024\/04\/marenland-niels-kooistra-bewerkt-hoge-kwaliteit-208.jpg\" class=\"object-cover size-full\" alt=\"\" loading=\"lazy\" srcset=\"https:\/\/marenland.nl\/app\/uploads\/2024\/04\/marenland-niels-kooistra-bewerkt-hoge-kwaliteit-208.jpg 2250w, https:\/\/marenland.nl\/app\/uploads\/2024\/04\/marenland-niels-kooistra-bewerkt-hoge-kwaliteit-208-300x169.jpg 300w, https:\/\/marenland.nl\/app\/uploads\/2024\/04\/marenland-niels-kooistra-bewerkt-hoge-kwaliteit-208-1024x576.jpg 1024w, https:\/\/marenland.nl\/app\/uploads\/2024\/04\/marenland-niels-kooistra-bewerkt-hoge-kwaliteit-208-768x432.jpg 768w, https:\/\/marenland.nl\/app\/uploads\/2024\/04\/marenland-niels-kooistra-bewerkt-hoge-kwaliteit-208-1536x864.jpg 1536w, https:\/\/marenland.nl\/app\/uploads\/2024\/04\/marenland-niels-kooistra-bewerkt-hoge-kwaliteit-208-2048x1152.jpg 2048w\" sizes=\"(max-width: 2250px) 100vw, 2250px\" \/>                        <\/div>\n    <div class=\"media-text__text lg:max-w-[33.25rem] -lg:mt-8\">\n        <div class=\"-lg:px-6\">\n            <div data-aos=\"fade-up\">\n                <h2 class=\"text-h3\">Eis &amp; Snacks &#8216;Frieterie&#8217; <\/h2>                <div class=\"content content--max content--no-px mt-6 \"><p>F\u00fcr einen leckeren Snack oder ein erfrischendes Eis besuchen Sie unsere Frieterie. Unsere Frieterie bietet eine breite Palette an Snacks, von traditionellen Pommes und dem echten Groninger Eierbal bis hin zu verschiedenen Arten von (Kugel-)Eis, ideal zum Genie\u00dfen in der Sonne. <\/p>\n<\/div>\n                            <\/div>\n        <\/div>\n    <\/div>\n<\/section>\n<section class=\"content-block content-block--media-text grid items-center my-12 lg:my-[7.5rem] has-[+&#038;]:mb-0 [&#038;+&#038;]:mt-11 lg:[&#038;+&#038;]:mt-14  media-text--right\">\n    <div class=\"media-text__media size-full overflow-hidden shadow has-[media-player]:!aspect-video has-[media-player]:h-auto aspect-[369\/218] lg:aspect-[740\/412] -lg:max-w-[calc(100%-theme(spacing.6))]\">\n                                    <img decoding=\"async\" width=\"2250\" height=\"1266\" src=\"https:\/\/marenland.nl\/app\/uploads\/2024\/04\/marenland-niels-kooistra-bewerkt-hoge-kwaliteit-224.jpg\" class=\"object-cover size-full\" alt=\"\" loading=\"lazy\" srcset=\"https:\/\/marenland.nl\/app\/uploads\/2024\/04\/marenland-niels-kooistra-bewerkt-hoge-kwaliteit-224.jpg 2250w, https:\/\/marenland.nl\/app\/uploads\/2024\/04\/marenland-niels-kooistra-bewerkt-hoge-kwaliteit-224-300x169.jpg 300w, https:\/\/marenland.nl\/app\/uploads\/2024\/04\/marenland-niels-kooistra-bewerkt-hoge-kwaliteit-224-1024x576.jpg 1024w, https:\/\/marenland.nl\/app\/uploads\/2024\/04\/marenland-niels-kooistra-bewerkt-hoge-kwaliteit-224-768x432.jpg 768w, https:\/\/marenland.nl\/app\/uploads\/2024\/04\/marenland-niels-kooistra-bewerkt-hoge-kwaliteit-224-1536x864.jpg 1536w, https:\/\/marenland.nl\/app\/uploads\/2024\/04\/marenland-niels-kooistra-bewerkt-hoge-kwaliteit-224-2048x1152.jpg 2048w\" sizes=\"(max-width: 2250px) 100vw, 2250px\" \/>                        <\/div>\n    <div class=\"media-text__text lg:max-w-[33.25rem] -lg:mt-8\">\n        <div class=\"-lg:px-6\">\n            <div data-aos=\"fade-up\">\n                <h2 class=\"text-h3\">Nachhaltige und saubere sanit\u00e4re Anlagen<\/h2>                <div class=\"content content--max content--no-px mt-6 \"><p>Hygiene und Komfort stehen in unseren modernen Toilettenanlagen im Mittelpunkt. Die Einrichtungen sind mit allem ausgestattet, was Sie brauchen, um sich nach einem abenteuerreichen Tag frisch zu machen. Sauber und gut gepflegt, mit separaten Bereichen f\u00fcr Damen und Herren und zug\u00e4nglich f\u00fcr G\u00e4ste mit eingeschr\u00e4nkter Mobilit\u00e4t, erf\u00fcllen unsere Toiletten alle Anforderungen f\u00fcr einen sorgenfreien Aufenthalt und sind zudem sehr nachhaltig, zum Beispiel wird unser Wasser durch die Sonne erw\u00e4rmt.  <\/p>\n<\/div>\n                            <\/div>\n        <\/div>\n    <\/div>\n<\/section>\n<section class=\"content-block content-block--media-text grid items-center my-12 lg:my-[7.5rem] has-[+&#038;]:mb-0 [&#038;+&#038;]:mt-11 lg:[&#038;+&#038;]:mt-14  media-text--left\">\n    <div class=\"media-text__media size-full overflow-hidden shadow has-[media-player]:!aspect-video has-[media-player]:h-auto aspect-[369\/218] lg:aspect-[740\/412] -lg:max-w-[calc(100%-theme(spacing.6))]\">\n                                    <img decoding=\"async\" width=\"2250\" height=\"1266\" src=\"https:\/\/marenland.nl\/app\/uploads\/2024\/04\/marenland-niels-kooistra-bewerkt-hoge-kwaliteit-22.jpg\" class=\"object-cover size-full\" alt=\"\" loading=\"lazy\" srcset=\"https:\/\/marenland.nl\/app\/uploads\/2024\/04\/marenland-niels-kooistra-bewerkt-hoge-kwaliteit-22.jpg 2250w, https:\/\/marenland.nl\/app\/uploads\/2024\/04\/marenland-niels-kooistra-bewerkt-hoge-kwaliteit-22-300x169.jpg 300w, https:\/\/marenland.nl\/app\/uploads\/2024\/04\/marenland-niels-kooistra-bewerkt-hoge-kwaliteit-22-1024x576.jpg 1024w, https:\/\/marenland.nl\/app\/uploads\/2024\/04\/marenland-niels-kooistra-bewerkt-hoge-kwaliteit-22-768x432.jpg 768w, https:\/\/marenland.nl\/app\/uploads\/2024\/04\/marenland-niels-kooistra-bewerkt-hoge-kwaliteit-22-1536x864.jpg 1536w, https:\/\/marenland.nl\/app\/uploads\/2024\/04\/marenland-niels-kooistra-bewerkt-hoge-kwaliteit-22-2048x1152.jpg 2048w\" sizes=\"(max-width: 2250px) 100vw, 2250px\" \/>                        <\/div>\n    <div class=\"media-text__text lg:max-w-[33.25rem] -lg:mt-8\">\n        <div class=\"-lg:px-6\">\n            <div data-aos=\"fade-up\">\n                <h2 class=\"text-h3\">Wi-Fi<\/h2>                <div class=\"content content--max content--no-px mt-6 \"><p>Wir verstehen, wie wichtig es ist, auch w\u00e4hrend Ihres entspannten Urlaubs verbunden zu bleiben. Deshalb bieten wir unseren G\u00e4sten auf dem gesamten Gel\u00e4nde Wi-Fi an. Ob Sie Fotos mit Freunden oder Familie teilen, Ihre E-Mails \u00fcberpr\u00fcfen oder Ihren n\u00e4chsten Tagesausflug planen m\u00f6chten, unsere zuverl\u00e4ssige Internetverbindung steht Ihnen zur Verf\u00fcgung. Den Zugangscode erhalten Sie an der Rezeption.  <\/p>\n<\/div>\n                            <\/div>\n        <\/div>\n    <\/div>\n<\/section>\n<section class=\"content-block content-block--media-text grid items-center my-12 lg:my-[7.5rem] has-[+&#038;]:mb-0 [&#038;+&#038;]:mt-11 lg:[&#038;+&#038;]:mt-14  media-text--right\">\n    <div class=\"media-text__media size-full overflow-hidden shadow has-[media-player]:!aspect-video has-[media-player]:h-auto aspect-[369\/218] lg:aspect-[740\/412] -lg:max-w-[calc(100%-theme(spacing.6))]\">\n                                    <img decoding=\"async\" width=\"2560\" height=\"1440\" src=\"https:\/\/marenland.nl\/app\/uploads\/2024\/03\/45f4d54438f87bc9b4a48c794f4e2b84-scaled.jpeg\" class=\"object-cover size-full\" alt=\"\" loading=\"lazy\" srcset=\"https:\/\/marenland.nl\/app\/uploads\/2024\/03\/45f4d54438f87bc9b4a48c794f4e2b84-scaled.jpeg 2560w, https:\/\/marenland.nl\/app\/uploads\/2024\/03\/45f4d54438f87bc9b4a48c794f4e2b84-300x169.jpeg 300w, https:\/\/marenland.nl\/app\/uploads\/2024\/03\/45f4d54438f87bc9b4a48c794f4e2b84-1024x576.jpeg 1024w, https:\/\/marenland.nl\/app\/uploads\/2024\/03\/45f4d54438f87bc9b4a48c794f4e2b84-768x432.jpeg 768w, https:\/\/marenland.nl\/app\/uploads\/2024\/03\/45f4d54438f87bc9b4a48c794f4e2b84-1536x864.jpeg 1536w, https:\/\/marenland.nl\/app\/uploads\/2024\/03\/45f4d54438f87bc9b4a48c794f4e2b84-2048x1152.jpeg 2048w\" sizes=\"(max-width: 2560px) 100vw, 2560px\" \/>                        <\/div>\n    <div class=\"media-text__text lg:max-w-[33.25rem] -lg:mt-8\">\n        <div class=\"-lg:px-6\">\n            <div data-aos=\"fade-up\">\n                <h2 class=\"text-h3\">Gro\u00dfer Spielplatz<\/h2>                <div class=\"content content--max content--no-px mt-6 \"><p>Kinder k\u00f6nnen sich auf unserem Spielplatz mit einer gro\u00dfen H\u00fcpfburg, Schaukeln und vielem mehr austoben. Der Spielplatz bietet viel Spa\u00df und Abenteuer f\u00fcr Jung und Alt. W\u00e4hrend die Kinder spielen, k\u00f6nnen die Eltern entspannen und die sch\u00f6ne Umgebung genie\u00dfen. Kommen Sie vorbei und erleben Sie es selbst!   <\/p>\n<\/div>\n                            <\/div>\n        <\/div>\n    <\/div>\n<\/section>","protected":false},"excerpt":{"rendered":"<p>Marenland Recreation bietet eine Vielzahl von Aktivit\u00e4ten f\u00fcr alle Altersgruppen. Vom Kanufahren und SUPpen durch Winsum und die Umgebung bis hin zu Bogenschie\u00dfen, einer spannenden Escape-Box, Discgolf und Wanderwegen, um die sch\u00f6ne Umgebung zu erkunden. F\u00fcr j\u00fcngere G\u00e4ste gibt es Spielpl\u00e4tze und organisierte Spiele. Wir f\u00fcgen regelm\u00e4\u00dfig neue Aktivit\u00e4ten zu unserem Angebot hinzu. Sind Sie&#8230;<\/p>\n","protected":false},"author":1,"featured_media":2481,"parent":0,"menu_order":140,"comment_status":"closed","ping_status":"closed","template":"","meta":{"_acf_changed":false,"footnotes":""},"class_list":["post-2695","page","type-page","status-publish","has-post-thumbnail","hentry"],"acf":[],"yoast_head":"<!-- This site is optimized with the Yoast SEO plugin v24.2 - https:\/\/yoast.com\/wordpress\/plugins\/seo\/ -->\n<title>Entdecken Sie alle unsere Einrichtungen Marenland Winsum<\/title>\n<meta name=\"description\" content=\"Genie\u00dfen Sie hervorragende Einrichtungen bei Marenland, wie ger\u00e4umige Campingpl\u00e4tze, moderne sanit\u00e4re Anlagen, kostenloses Wi-Fi und Freizeitm\u00f6glichkeiten wie Kanu- und Bootsverleih.\" \/>\n<meta name=\"robots\" content=\"index, follow, max-snippet:-1, max-image-preview:large, max-video-preview:-1\" \/>\n<link rel=\"canonical\" href=\"https:\/\/marenland.nl\/de\/faciliteiten\/\" \/>\n<meta property=\"og:locale\" content=\"de_DE\" \/>\n<meta property=\"og:type\" content=\"article\" \/>\n<meta property=\"og:title\" content=\"Entdecken Sie alle unsere Einrichtungen Marenland Winsum\" \/>\n<meta property=\"og:description\" content=\"Genie\u00dfen Sie hervorragende Einrichtungen bei Marenland, wie ger\u00e4umige Campingpl\u00e4tze, moderne sanit\u00e4re Anlagen, kostenloses Wi-Fi und Freizeitm\u00f6glichkeiten wie Kanu- und Bootsverleih.\" \/>\n<meta property=\"og:url\" content=\"https:\/\/marenland.nl\/de\/faciliteiten\/\" \/>\n<meta property=\"og:site_name\" content=\"Marenland\" \/>\n<meta property=\"article:modified_time\" content=\"2024-06-19T17:14:23+00:00\" \/>\n<meta property=\"og:image\" content=\"https:\/\/marenland.nl\/app\/uploads\/2024\/04\/marenland-niels-kooistra-bewerkt-hoge-kwaliteit-221.jpg\" \/>\n\t<meta property=\"og:image:width\" content=\"2250\" \/>\n\t<meta property=\"og:image:height\" content=\"1266\" \/>\n\t<meta property=\"og:image:type\" content=\"image\/jpeg\" \/>\n<meta name=\"twitter:card\" content=\"summary_large_image\" \/>\n<script type=\"application\/ld+json\" class=\"yoast-schema-graph\">{\"@context\":\"https:\/\/schema.org\",\"@graph\":[{\"@type\":\"WebPage\",\"@id\":\"https:\/\/marenland.nl\/de\/faciliteiten\/\",\"url\":\"https:\/\/marenland.nl\/de\/faciliteiten\/\",\"name\":\"Entdecken Sie alle unsere Einrichtungen Marenland Winsum\",\"isPartOf\":{\"@id\":\"https:\/\/marenland.nl\/de\/#website\"},\"primaryImageOfPage\":{\"@id\":\"https:\/\/marenland.nl\/de\/faciliteiten\/#primaryimage\"},\"image\":{\"@id\":\"https:\/\/marenland.nl\/de\/faciliteiten\/#primaryimage\"},\"thumbnailUrl\":\"https:\/\/marenland.nl\/app\/uploads\/2024\/04\/marenland-niels-kooistra-bewerkt-hoge-kwaliteit-221.jpg\",\"datePublished\":\"2024-03-25T12:43:00+00:00\",\"dateModified\":\"2024-06-19T17:14:23+00:00\",\"description\":\"Genie\u00dfen Sie hervorragende Einrichtungen bei Marenland, wie ger\u00e4umige Campingpl\u00e4tze, moderne sanit\u00e4re Anlagen, kostenloses Wi-Fi und Freizeitm\u00f6glichkeiten wie Kanu- und Bootsverleih.\",\"breadcrumb\":{\"@id\":\"https:\/\/marenland.nl\/de\/faciliteiten\/#breadcrumb\"},\"inLanguage\":\"de-DE\",\"potentialAction\":[{\"@type\":\"ReadAction\",\"target\":[\"https:\/\/marenland.nl\/de\/faciliteiten\/\"]}]},{\"@type\":\"ImageObject\",\"inLanguage\":\"de-DE\",\"@id\":\"https:\/\/marenland.nl\/de\/faciliteiten\/#primaryimage\",\"url\":\"https:\/\/marenland.nl\/app\/uploads\/2024\/04\/marenland-niels-kooistra-bewerkt-hoge-kwaliteit-221.jpg\",\"contentUrl\":\"https:\/\/marenland.nl\/app\/uploads\/2024\/04\/marenland-niels-kooistra-bewerkt-hoge-kwaliteit-221.jpg\",\"width\":2250,\"height\":1266},{\"@type\":\"BreadcrumbList\",\"@id\":\"https:\/\/marenland.nl\/de\/faciliteiten\/#breadcrumb\",\"itemListElement\":[{\"@type\":\"ListItem\",\"position\":1,\"name\":\"Home\",\"item\":\"https:\/\/marenland.nl\/de\/\"},{\"@type\":\"ListItem\",\"position\":2,\"name\":\"Einrichtungen\"}]},{\"@type\":\"WebSite\",\"@id\":\"https:\/\/marenland.nl\/de\/#website\",\"url\":\"https:\/\/marenland.nl\/de\/\",\"name\":\"Marenland\",\"description\":\"Slapen, Eten en Recre\u00ebren\",\"potentialAction\":[{\"@type\":\"SearchAction\",\"target\":{\"@type\":\"EntryPoint\",\"urlTemplate\":\"https:\/\/marenland.nl\/de\/?s={search_term_string}\"},\"query-input\":{\"@type\":\"PropertyValueSpecification\",\"valueRequired\":true,\"valueName\":\"search_term_string\"}}],\"inLanguage\":\"de-DE\"}]}<\/script>\n<!-- \/ Yoast SEO plugin. -->","yoast_head_json":{"title":"Entdecken Sie alle unsere Einrichtungen Marenland Winsum","description":"Genie\u00dfen Sie hervorragende Einrichtungen bei Marenland, wie ger\u00e4umige Campingpl\u00e4tze, moderne sanit\u00e4re Anlagen, kostenloses Wi-Fi und Freizeitm\u00f6glichkeiten wie Kanu- und Bootsverleih.","robots":{"index":"index","follow":"follow","max-snippet":"max-snippet:-1","max-image-preview":"max-image-preview:large","max-video-preview":"max-video-preview:-1"},"canonical":"https:\/\/marenland.nl\/de\/faciliteiten\/","og_locale":"de_DE","og_type":"article","og_title":"Entdecken Sie alle unsere Einrichtungen Marenland Winsum","og_description":"Genie\u00dfen Sie hervorragende Einrichtungen bei Marenland, wie ger\u00e4umige Campingpl\u00e4tze, moderne sanit\u00e4re Anlagen, kostenloses Wi-Fi und Freizeitm\u00f6glichkeiten wie Kanu- und Bootsverleih.","og_url":"https:\/\/marenland.nl\/de\/faciliteiten\/","og_site_name":"Marenland","article_modified_time":"2024-06-19T17:14:23+00:00","og_image":[{"width":2250,"height":1266,"url":"https:\/\/marenland.nl\/app\/uploads\/2024\/04\/marenland-niels-kooistra-bewerkt-hoge-kwaliteit-221.jpg","type":"image\/jpeg"}],"twitter_card":"summary_large_image","schema":{"@context":"https:\/\/schema.org","@graph":[{"@type":"WebPage","@id":"https:\/\/marenland.nl\/de\/faciliteiten\/","url":"https:\/\/marenland.nl\/de\/faciliteiten\/","name":"Entdecken Sie alle unsere Einrichtungen Marenland Winsum","isPartOf":{"@id":"https:\/\/marenland.nl\/de\/#website"},"primaryImageOfPage":{"@id":"https:\/\/marenland.nl\/de\/faciliteiten\/#primaryimage"},"image":{"@id":"https:\/\/marenland.nl\/de\/faciliteiten\/#primaryimage"},"thumbnailUrl":"https:\/\/marenland.nl\/app\/uploads\/2024\/04\/marenland-niels-kooistra-bewerkt-hoge-kwaliteit-221.jpg","datePublished":"2024-03-25T12:43:00+00:00","dateModified":"2024-06-19T17:14:23+00:00","description":"Genie\u00dfen Sie hervorragende Einrichtungen bei Marenland, wie ger\u00e4umige Campingpl\u00e4tze, moderne sanit\u00e4re Anlagen, kostenloses Wi-Fi und Freizeitm\u00f6glichkeiten wie Kanu- und Bootsverleih.","breadcrumb":{"@id":"https:\/\/marenland.nl\/de\/faciliteiten\/#breadcrumb"},"inLanguage":"de-DE","potentialAction":[{"@type":"ReadAction","target":["https:\/\/marenland.nl\/de\/faciliteiten\/"]}]},{"@type":"ImageObject","inLanguage":"de-DE","@id":"https:\/\/marenland.nl\/de\/faciliteiten\/#primaryimage","url":"https:\/\/marenland.nl\/app\/uploads\/2024\/04\/marenland-niels-kooistra-bewerkt-hoge-kwaliteit-221.jpg","contentUrl":"https:\/\/marenland.nl\/app\/uploads\/2024\/04\/marenland-niels-kooistra-bewerkt-hoge-kwaliteit-221.jpg","width":2250,"height":1266},{"@type":"BreadcrumbList","@id":"https:\/\/marenland.nl\/de\/faciliteiten\/#breadcrumb","itemListElement":[{"@type":"ListItem","position":1,"name":"Home","item":"https:\/\/marenland.nl\/de\/"},{"@type":"ListItem","position":2,"name":"Einrichtungen"}]},{"@type":"WebSite","@id":"https:\/\/marenland.nl\/de\/#website","url":"https:\/\/marenland.nl\/de\/","name":"Marenland","description":"Slapen, Eten en Recre\u00ebren","potentialAction":[{"@type":"SearchAction","target":{"@type":"EntryPoint","urlTemplate":"https:\/\/marenland.nl\/de\/?s={search_term_string}"},"query-input":{"@type":"PropertyValueSpecification","valueRequired":true,"valueName":"search_term_string"}}],"inLanguage":"de-DE"}]}},"_links":{"self":[{"href":"https:\/\/marenland.nl\/de\/wp-json\/wp\/v2\/pages\/2695","targetHints":{"allow":["GET"]}}],"collection":[{"href":"https:\/\/marenland.nl\/de\/wp-json\/wp\/v2\/pages"}],"about":[{"href":"https:\/\/marenland.nl\/de\/wp-json\/wp\/v2\/types\/page"}],"author":[{"embeddable":true,"href":"https:\/\/marenland.nl\/de\/wp-json\/wp\/v2\/users\/1"}],"replies":[{"embeddable":true,"href":"https:\/\/marenland.nl\/de\/wp-json\/wp\/v2\/comments?post=2695"}],"version-history":[{"count":4,"href":"https:\/\/marenland.nl\/de\/wp-json\/wp\/v2\/pages\/2695\/revisions"}],"predecessor-version":[{"id":4028,"href":"https:\/\/marenland.nl\/de\/wp-json\/wp\/v2\/pages\/2695\/revisions\/4028"}],"wp:featuredmedia":[{"embeddable":true,"href":"https:\/\/marenland.nl\/de\/wp-json\/wp\/v2\/media\/2481"}],"wp:attachment":[{"href":"https:\/\/marenland.nl\/de\/wp-json\/wp\/v2\/media?parent=2695"}],"curies":[{"name":"wp","href":"https:\/\/api.w.org\/{rel}","templated":true}]}}