{"id":2697,"date":"2024-03-25T08:59:28","date_gmt":"2024-03-25T07:59:28","guid":{"rendered":"https:\/\/marenland.nl\/algemene-voorwaarden\/"},"modified":"2024-06-19T19:18:25","modified_gmt":"2024-06-19T17:18:25","slug":"algemene-voorwaarden","status":"publish","type":"page","link":"https:\/\/marenland.nl\/de\/algemene-voorwaarden\/","title":{"rendered":"Allgemeine Gesch\u00e4ftsbedingungen"},"content":{"rendered":"\n<header class=\"content-block content-block--header lg:grid lg:grid-cols-[minmax(theme(spacing.6),1fr)_minmax(0,41.25rem)_minmax(0,41.25rem)_minmax(theme(spacing.6),1fr)] rounded-b-content-block overflow-hidden shadow\">\n    <div class=\"lg:col-span-2 grid grid-cols-[subgrid] px-6 lg:pl-0 pb-11 pt-28 lg:pt-[9.5rem] lg:pb-28 text-white relative before:pattern before:absolute before:inset-0 before:bg-green-dark\/[8%] bg-sage\">\n        <div class=\"lg:col-start-2 relative lg:max-w-[34rem]\">\n            <div class=\"breadcrumbs text-white mb-8 lg:mb-11\">\n    <span><span><a href=\"https:\/\/marenland.nl\/de\/\">Home<\/a><\/span><\/span><\/div>\n            \n            <h1>Allgemeine Gesch\u00e4ftsbedingungen<\/h1>\n\n            <div class=\"content content--no-px mt-8 lg:mt-10 content--lead\"><p>Wir bieten viele verschiedene Arten von <a href=\"https:\/\/marenland.nl\/de\/overnachten\/\">\u00dcbernachtungen<\/a>, <a href=\"https:\/\/marenland.nl\/de\/activiteiten\/\">Aktivit\u00e4ten<\/a> und <a href=\"https:\/\/marenland.nl\/de\/eten-drinken\/\">Speisen &amp; Getr\u00e4nken<\/a> an. Daher geben wir bei der Buchung, Reservierung oder dem Kauf die geltenden Bedingungen an.<\/p>\n<\/div>\n\n                    <\/div>\n    <\/div>\n\n            <div class=\"lg:col-span-2 relative hidden lg:block\">\n            <img decoding=\"async\" width=\"2560\" height=\"1900\" src=\"https:\/\/marenland.nl\/app\/uploads\/2024\/06\/marenland-niels-kooistra-bewerkt-hoge-kwaliteit-37_v3-e1718108581401.jpg\" class=\"object-cover absolute inset-0 size-full\" alt=\"\" loading=\"lazy\" sizes=\"50vw\" \/>        <\/div>\n    <\/header>","protected":false},"excerpt":{"rendered":"<p>Wir bieten viele verschiedene Arten von \u00dcbernachtungen, Aktivit\u00e4ten und Speisen &amp; Getr\u00e4nken an. Daher geben wir bei der Buchung, Reservierung oder dem Kauf die geltenden Bedingungen an.<\/p>\n","protected":false},"author":1,"featured_media":0,"parent":0,"menu_order":144,"comment_status":"closed","ping_status":"closed","template":"","meta":{"_acf_changed":false,"footnotes":""},"class_list":["post-2697","page","type-page","status-publish","hentry"],"acf":[],"yoast_head":"<!-- This site is optimized with the Yoast SEO plugin v24.2 - https:\/\/yoast.com\/wordpress\/plugins\/seo\/ -->\n<title>Allgemeine Gesch\u00e4ftsbedingungen - Marenland Winsum<\/title>\n<meta name=\"description\" content=\"Wir bieten viele verschiedene Arten von \u00dcbernachtungen, Aktivit\u00e4ten und Speisen &amp; Getr\u00e4nken an. Daher geben wir bei der Buchung, Reservierung oder dem Kauf die geltenden Bedingungen an.\" \/>\n<meta name=\"robots\" content=\"index, follow, max-snippet:-1, max-image-preview:large, max-video-preview:-1\" \/>\n<link rel=\"canonical\" href=\"https:\/\/marenland.nl\/de\/algemene-voorwaarden\/\" \/>\n<meta property=\"og:locale\" content=\"de_DE\" \/>\n<meta property=\"og:type\" content=\"article\" \/>\n<meta property=\"og:title\" content=\"Allgemeine Gesch\u00e4ftsbedingungen - Marenland Winsum\" \/>\n<meta property=\"og:description\" content=\"Wir bieten viele verschiedene Arten von \u00dcbernachtungen, Aktivit\u00e4ten und Speisen &amp; Getr\u00e4nken an. Daher geben wir bei der Buchung, Reservierung oder dem Kauf die geltenden Bedingungen an.\" \/>\n<meta property=\"og:url\" content=\"https:\/\/marenland.nl\/de\/algemene-voorwaarden\/\" \/>\n<meta property=\"og:site_name\" content=\"Marenland\" \/>\n<meta property=\"article:modified_time\" content=\"2024-06-19T17:18:25+00:00\" \/>\n<meta name=\"twitter:card\" content=\"summary_large_image\" \/>\n<script type=\"application\/ld+json\" class=\"yoast-schema-graph\">{\"@context\":\"https:\/\/schema.org\",\"@graph\":[{\"@type\":\"WebPage\",\"@id\":\"https:\/\/marenland.nl\/de\/algemene-voorwaarden\/\",\"url\":\"https:\/\/marenland.nl\/de\/algemene-voorwaarden\/\",\"name\":\"Allgemeine Gesch\u00e4ftsbedingungen - Marenland Winsum\",\"isPartOf\":{\"@id\":\"https:\/\/marenland.nl\/de\/#website\"},\"datePublished\":\"2024-03-25T07:59:28+00:00\",\"dateModified\":\"2024-06-19T17:18:25+00:00\",\"description\":\"Wir bieten viele verschiedene Arten von \u00dcbernachtungen, Aktivit\u00e4ten und Speisen & Getr\u00e4nken an. Daher geben wir bei der Buchung, Reservierung oder dem Kauf die geltenden Bedingungen an.\",\"breadcrumb\":{\"@id\":\"https:\/\/marenland.nl\/de\/algemene-voorwaarden\/#breadcrumb\"},\"inLanguage\":\"de-DE\",\"potentialAction\":[{\"@type\":\"ReadAction\",\"target\":[\"https:\/\/marenland.nl\/de\/algemene-voorwaarden\/\"]}]},{\"@type\":\"BreadcrumbList\",\"@id\":\"https:\/\/marenland.nl\/de\/algemene-voorwaarden\/#breadcrumb\",\"itemListElement\":[{\"@type\":\"ListItem\",\"position\":1,\"name\":\"Home\",\"item\":\"https:\/\/marenland.nl\/de\/\"},{\"@type\":\"ListItem\",\"position\":2,\"name\":\"Allgemeine Gesch\u00e4ftsbedingungen\"}]},{\"@type\":\"WebSite\",\"@id\":\"https:\/\/marenland.nl\/de\/#website\",\"url\":\"https:\/\/marenland.nl\/de\/\",\"name\":\"Marenland\",\"description\":\"Slapen, Eten en Recre\u00ebren\",\"potentialAction\":[{\"@type\":\"SearchAction\",\"target\":{\"@type\":\"EntryPoint\",\"urlTemplate\":\"https:\/\/marenland.nl\/de\/?s={search_term_string}\"},\"query-input\":{\"@type\":\"PropertyValueSpecification\",\"valueRequired\":true,\"valueName\":\"search_term_string\"}}],\"inLanguage\":\"de-DE\"}]}<\/script>\n<!-- \/ Yoast SEO plugin. -->","yoast_head_json":{"title":"Allgemeine Gesch\u00e4ftsbedingungen - Marenland Winsum","description":"Wir bieten viele verschiedene Arten von \u00dcbernachtungen, Aktivit\u00e4ten und Speisen & Getr\u00e4nken an. Daher geben wir bei der Buchung, Reservierung oder dem Kauf die geltenden Bedingungen an.","robots":{"index":"index","follow":"follow","max-snippet":"max-snippet:-1","max-image-preview":"max-image-preview:large","max-video-preview":"max-video-preview:-1"},"canonical":"https:\/\/marenland.nl\/de\/algemene-voorwaarden\/","og_locale":"de_DE","og_type":"article","og_title":"Allgemeine Gesch\u00e4ftsbedingungen - Marenland Winsum","og_description":"Wir bieten viele verschiedene Arten von \u00dcbernachtungen, Aktivit\u00e4ten und Speisen & Getr\u00e4nken an. Daher geben wir bei der Buchung, Reservierung oder dem Kauf die geltenden Bedingungen an.","og_url":"https:\/\/marenland.nl\/de\/algemene-voorwaarden\/","og_site_name":"Marenland","article_modified_time":"2024-06-19T17:18:25+00:00","twitter_card":"summary_large_image","schema":{"@context":"https:\/\/schema.org","@graph":[{"@type":"WebPage","@id":"https:\/\/marenland.nl\/de\/algemene-voorwaarden\/","url":"https:\/\/marenland.nl\/de\/algemene-voorwaarden\/","name":"Allgemeine Gesch\u00e4ftsbedingungen - Marenland Winsum","isPartOf":{"@id":"https:\/\/marenland.nl\/de\/#website"},"datePublished":"2024-03-25T07:59:28+00:00","dateModified":"2024-06-19T17:18:25+00:00","description":"Wir bieten viele verschiedene Arten von \u00dcbernachtungen, Aktivit\u00e4ten und Speisen & Getr\u00e4nken an. Daher geben wir bei der Buchung, Reservierung oder dem Kauf die geltenden Bedingungen an.","breadcrumb":{"@id":"https:\/\/marenland.nl\/de\/algemene-voorwaarden\/#breadcrumb"},"inLanguage":"de-DE","potentialAction":[{"@type":"ReadAction","target":["https:\/\/marenland.nl\/de\/algemene-voorwaarden\/"]}]},{"@type":"BreadcrumbList","@id":"https:\/\/marenland.nl\/de\/algemene-voorwaarden\/#breadcrumb","itemListElement":[{"@type":"ListItem","position":1,"name":"Home","item":"https:\/\/marenland.nl\/de\/"},{"@type":"ListItem","position":2,"name":"Allgemeine Gesch\u00e4ftsbedingungen"}]},{"@type":"WebSite","@id":"https:\/\/marenland.nl\/de\/#website","url":"https:\/\/marenland.nl\/de\/","name":"Marenland","description":"Slapen, Eten en Recre\u00ebren","potentialAction":[{"@type":"SearchAction","target":{"@type":"EntryPoint","urlTemplate":"https:\/\/marenland.nl\/de\/?s={search_term_string}"},"query-input":{"@type":"PropertyValueSpecification","valueRequired":true,"valueName":"search_term_string"}}],"inLanguage":"de-DE"}]}},"_links":{"self":[{"href":"https:\/\/marenland.nl\/de\/wp-json\/wp\/v2\/pages\/2697","targetHints":{"allow":["GET"]}}],"collection":[{"href":"https:\/\/marenland.nl\/de\/wp-json\/wp\/v2\/pages"}],"about":[{"href":"https:\/\/marenland.nl\/de\/wp-json\/wp\/v2\/types\/page"}],"author":[{"embeddable":true,"href":"https:\/\/marenland.nl\/de\/wp-json\/wp\/v2\/users\/1"}],"replies":[{"embeddable":true,"href":"https:\/\/marenland.nl\/de\/wp-json\/wp\/v2\/comments?post=2697"}],"version-history":[{"count":6,"href":"https:\/\/marenland.nl\/de\/wp-json\/wp\/v2\/pages\/2697\/revisions"}],"predecessor-version":[{"id":4032,"href":"https:\/\/marenland.nl\/de\/wp-json\/wp\/v2\/pages\/2697\/revisions\/4032"}],"wp:attachment":[{"href":"https:\/\/marenland.nl\/de\/wp-json\/wp\/v2\/media?parent=2697"}],"curies":[{"name":"wp","href":"https:\/\/api.w.org\/{rel}","templated":true}]}}