{"id":2699,"date":"2024-03-22T15:10:15","date_gmt":"2024-03-22T14:10:15","guid":{"rendered":"https:\/\/marenland.nl\/werken-bij\/"},"modified":"2024-06-19T19:19:22","modified_gmt":"2024-06-19T17:19:22","slug":"werken-bij","status":"publish","type":"page","link":"https:\/\/marenland.nl\/de\/werken-bij\/","title":{"rendered":"Arbeiten bei"},"content":{"rendered":"\n<section data-aos=\"fade-up\" class=\"content-block content-block--title-text px-6 text-center my-16 lg:my-28\">\n    <div class=\"lg:max-w-[40.375rem] mx-auto\">\n\n        \n        <h1>Arbeiten bei Marenland<\/h1>\n                    <div class=\"content content--no-px mt-6 lg:mt-8\"><p>M\u00f6chten Sie bei einem dynamischen und wachsenden Unternehmen im sch\u00f6nsten Dorf der Niederlande arbeiten? Unser Team ist so vielseitig wie unser vielf\u00e4ltiges Unternehmen. Und wir alle haben Freude daran, etwas Sch\u00f6nes zu schaffen. Auf dieser Seite bekommen Sie einen Eindruck davon, wie es bei uns ist. Kommen Sie gerne vorbei f\u00fcr ein Gespr\u00e4ch und erleben Sie es selbst.<\/p>\n<\/div>\n        \n                    <div class=\"flex gap-2 lg:gap-4 flex-wrap mt-8 lg:mt-14 justify-center\">\n                                    <a class=\"btn btn--primary \" href=\"https:\/\/marenland.nl\/vacatures\/\" target=\"_self\">Bekijk de vacatures<\/a>\n                                    <a class=\"btn btn--primary btn--outlined\" href=\"mailto:robbert@marenland.nl\" target=\"_blank\">Direct solliciteren<\/a>\n                            <\/div>\n        \n    <\/div>\n<\/section>\n    <section class=\"content-block content-block--vacancies px-6\">\n        <div class=\"max-w-[82.5rem] mx-auto\">\n            <h2 class=\"max-w-[33.875rem]\">Stellenangebote<\/h2>            <ul class=\"grid sm:grid-cols-2 lg:grid-cols-3 gap-4 lg:gap-8 mt-10 lg:mt-9\">\n                                    <li data-aos=\"fade-up\">\n                        <a href=\"https:\/\/marenland.nl\/de\/vacatures\/creatieve-marketeer\/\" class=\"block\">\n                            <article class=\"group block relative aspect-square rounded-3xl lg:rounded-[1.875rem] overflow-hidden before:absolute before:inset-0 before:bg-gradient-to-t before:from-black\/50 before:to-transparent before:z-[1] no-touch:hover:before:opacity-50 before:transition-opacity before:duration-300\">\n                                <img decoding=\"async\" width=\"2560\" height=\"1440\" src=\"https:\/\/marenland.nl\/app\/uploads\/2026\/03\/marenland-niels-kooistra-bewerkt-hoge-kwaliteit-111-scaled.jpg\" class=\"size-full object-cover absolute inset-0 z-0 no-touch:group-hover:scale-125 transition-transform duration-300\" alt=\"\" loading=\"lazy\" srcset=\"https:\/\/marenland.nl\/app\/uploads\/2026\/03\/marenland-niels-kooistra-bewerkt-hoge-kwaliteit-111-scaled.jpg 2560w, https:\/\/marenland.nl\/app\/uploads\/2026\/03\/marenland-niels-kooistra-bewerkt-hoge-kwaliteit-111-300x169.jpg 300w, https:\/\/marenland.nl\/app\/uploads\/2026\/03\/marenland-niels-kooistra-bewerkt-hoge-kwaliteit-111-1024x576.jpg 1024w, https:\/\/marenland.nl\/app\/uploads\/2026\/03\/marenland-niels-kooistra-bewerkt-hoge-kwaliteit-111-768x432.jpg 768w, https:\/\/marenland.nl\/app\/uploads\/2026\/03\/marenland-niels-kooistra-bewerkt-hoge-kwaliteit-111-1536x864.jpg 1536w, https:\/\/marenland.nl\/app\/uploads\/2026\/03\/marenland-niels-kooistra-bewerkt-hoge-kwaliteit-111-2048x1152.jpg 2048w\" sizes=\"(width &lt; 640px) 177.78vw, (width &lt; 1024px) 88.89vw, (width &lt; 1368px) 59.25vw, 744.89px\" \/>                                <div class=\"z-[1] relative h-full p-4 lg:p-8 text-white flex flex-col justify-end\">\n                                    <div class=\"no-touch:group-hover:translate-x-2 no-touch:group-hover:-translate-y-2 transition-transform duration-300\">\n                                        <span class=\"block text-tag\">8-12 uur (per week)<\/span>\n                                        <h3 class=\"text-h3 hyphens-auto mt-1 lg:mt-2\">Creatieve marketeer<\/h3>                                    <\/div>\n                                <\/div>\n                            <\/article>\n                        <\/a>\n                    <\/li>\n                                    <li data-aos=\"fade-up\">\n                        <a href=\"https:\/\/marenland.nl\/de\/vacatures\/zelfstandig-werkend-kok\/\" class=\"block\">\n                            <article class=\"group block relative aspect-square rounded-3xl lg:rounded-[1.875rem] overflow-hidden before:absolute before:inset-0 before:bg-gradient-to-t before:from-black\/50 before:to-transparent before:z-[1] no-touch:hover:before:opacity-50 before:transition-opacity before:duration-300\">\n                                <img decoding=\"async\" width=\"1536\" height=\"1024\" src=\"https:\/\/marenland.nl\/app\/uploads\/2026\/02\/ai-foto-keuken.png\" class=\"size-full object-cover absolute inset-0 z-0 no-touch:group-hover:scale-125 transition-transform duration-300\" alt=\"\" loading=\"lazy\" srcset=\"https:\/\/marenland.nl\/app\/uploads\/2026\/02\/ai-foto-keuken.png 1536w, https:\/\/marenland.nl\/app\/uploads\/2026\/02\/ai-foto-keuken-300x200.png 300w, https:\/\/marenland.nl\/app\/uploads\/2026\/02\/ai-foto-keuken-1024x683.png 1024w, https:\/\/marenland.nl\/app\/uploads\/2026\/02\/ai-foto-keuken-768x512.png 768w\" sizes=\"(width &lt; 640px) 150vw, (width &lt; 1024px) 75vw, (width &lt; 1368px) 50vw, 628.5px\" \/>                                <div class=\"z-[1] relative h-full p-4 lg:p-8 text-white flex flex-col justify-end\">\n                                    <div class=\"no-touch:group-hover:translate-x-2 no-touch:group-hover:-translate-y-2 transition-transform duration-300\">\n                                        <span class=\"block text-tag\">32 &#8211; 38<\/span>\n                                        <h3 class=\"text-h3 hyphens-auto mt-1 lg:mt-2\">Zelfstandig werkend kok<\/h3>                                    <\/div>\n                                <\/div>\n                            <\/article>\n                        <\/a>\n                    <\/li>\n                            <\/ul>\n        <\/div>\n    <\/section>\n\n    <section data-aos=\"fade-up\" class=\"content-block content-block--images-slider splide mx-auto grid grid-cols-[minmax(theme(spacing.6),1fr)_minmax(0,82.5rem)_minmax(theme(spacing.6),1fr)] my-12 lg:my-24\">\n\n        \n        <div class=\"col-span-full row-start-2 w-[calc(100%-var(--container-px)*2)] max-w-[56rem] mx-auto relative h-full\">\n            <div class=\"splide__arrows w-full flex justify-between absolute top-1\/2 -translate-y-1\/2 z-[1] pointer-events-none *:pointer-events-auto\">\n                <button class=\"splide__arrow splide__arrow--prev navigation navigation--white shadow -translate-x-[calc(50%-.5rem)] lg:-translate-x-[calc(50%+.5rem)]\"><\/button>\n                <button class=\"splide__arrow splide__arrow--next navigation navigation--white shadow translate-x-[calc(50%-.5rem)] lg:translate-x-[calc(50%+.5rem)]\"><\/button>\n            <\/div>\n        <\/div>\n\n        <div class=\"splide__track col-span-full row-start-2 [@media(min-width:1336px)]:rounded-[1.875rem] overflow-hidden left-1\/2 max-w-[82.5rem] -translate-x-1\/2\">\n            <ul class=\"splide__list\">\n                                    <li class=\"splide__slide w-[calc(100%-var(--container-px)*2)] max-w-[56rem] rounded-[1.875rem] overflow-hidden [&#038;:not(.is-active.is-visible)]:opacity-25 transition-opacity duration-200\">\n                        <img decoding=\"async\" width=\"1024\" height=\"473\" src=\"https:\/\/marenland.nl\/app\/uploads\/2024\/05\/45a4edd8-b919-4864-862f-12025adc9977-1.jpg\" class=\"size-full object-cover aspect-[345\/204] lg:aspect-[870\/490]\" alt=\"\" loading=\"lazy\" srcset=\"https:\/\/marenland.nl\/app\/uploads\/2024\/05\/45a4edd8-b919-4864-862f-12025adc9977-1.jpg 1024w, https:\/\/marenland.nl\/app\/uploads\/2024\/05\/45a4edd8-b919-4864-862f-12025adc9977-1-300x139.jpg 300w, https:\/\/marenland.nl\/app\/uploads\/2024\/05\/45a4edd8-b919-4864-862f-12025adc9977-1-768x355.jpg 768w\" sizes=\"(width &lt; 944px) 128.01vw, 1092.51px\" \/>                    <\/li>\n                                    <li class=\"splide__slide w-[calc(100%-var(--container-px)*2)] max-w-[56rem] rounded-[1.875rem] overflow-hidden [&#038;:not(.is-active.is-visible)]:opacity-25 transition-opacity duration-200\">\n                        <img decoding=\"async\" width=\"746\" height=\"505\" src=\"https:\/\/marenland.nl\/app\/uploads\/2024\/03\/cd01813bb0cda959933ca0a148914c93.jpeg\" class=\"size-full object-cover aspect-[345\/204] lg:aspect-[870\/490]\" alt=\"\" loading=\"lazy\" srcset=\"https:\/\/marenland.nl\/app\/uploads\/2024\/03\/cd01813bb0cda959933ca0a148914c93.jpeg 746w, https:\/\/marenland.nl\/app\/uploads\/2024\/03\/cd01813bb0cda959933ca0a148914c93-300x203.jpeg 300w\" sizes=\"(width &lt; 944px) 100vw, 896px\" \/>                    <\/li>\n                                    <li class=\"splide__slide w-[calc(100%-var(--container-px)*2)] max-w-[56rem] rounded-[1.875rem] overflow-hidden [&#038;:not(.is-active.is-visible)]:opacity-25 transition-opacity duration-200\">\n                        <img decoding=\"async\" width=\"845\" height=\"564\" src=\"https:\/\/marenland.nl\/app\/uploads\/2024\/03\/ccaeb27bf88857d3f7738575a1463652.jpeg\" class=\"size-full object-cover aspect-[345\/204] lg:aspect-[870\/490]\" alt=\"\" loading=\"lazy\" srcset=\"https:\/\/marenland.nl\/app\/uploads\/2024\/03\/ccaeb27bf88857d3f7738575a1463652.jpeg 845w, https:\/\/marenland.nl\/app\/uploads\/2024\/03\/ccaeb27bf88857d3f7738575a1463652-300x200.jpeg 300w, https:\/\/marenland.nl\/app\/uploads\/2024\/03\/ccaeb27bf88857d3f7738575a1463652-768x513.jpeg 768w\" sizes=\"(width &lt; 944px) 100vw, 896px\" \/>                    <\/li>\n                                    <li class=\"splide__slide w-[calc(100%-var(--container-px)*2)] max-w-[56rem] rounded-[1.875rem] overflow-hidden [&#038;:not(.is-active.is-visible)]:opacity-25 transition-opacity duration-200\">\n                        <img decoding=\"async\" width=\"960\" height=\"628\" src=\"https:\/\/marenland.nl\/app\/uploads\/2024\/03\/4d139459c992cde150e832d99e492037.jpeg\" class=\"size-full object-cover aspect-[345\/204] lg:aspect-[870\/490]\" alt=\"\" loading=\"lazy\" srcset=\"https:\/\/marenland.nl\/app\/uploads\/2024\/03\/4d139459c992cde150e832d99e492037.jpeg 960w, https:\/\/marenland.nl\/app\/uploads\/2024\/03\/4d139459c992cde150e832d99e492037-300x196.jpeg 300w, https:\/\/marenland.nl\/app\/uploads\/2024\/03\/4d139459c992cde150e832d99e492037-768x502.jpeg 768w\" sizes=\"(width &lt; 944px) 100vw, 896px\" \/>                    <\/li>\n                                    <li class=\"splide__slide w-[calc(100%-var(--container-px)*2)] max-w-[56rem] rounded-[1.875rem] overflow-hidden [&#038;:not(.is-active.is-visible)]:opacity-25 transition-opacity duration-200\">\n                        <img decoding=\"async\" width=\"746\" height=\"505\" src=\"https:\/\/marenland.nl\/app\/uploads\/2024\/04\/2d28473d0b50f543d89444a3fb696ad1.jpg\" class=\"size-full object-cover aspect-[345\/204] lg:aspect-[870\/490]\" alt=\"\" loading=\"lazy\" srcset=\"https:\/\/marenland.nl\/app\/uploads\/2024\/04\/2d28473d0b50f543d89444a3fb696ad1.jpg 746w, https:\/\/marenland.nl\/app\/uploads\/2024\/04\/2d28473d0b50f543d89444a3fb696ad1-300x203.jpg 300w\" sizes=\"(width &lt; 944px) 100vw, 896px\" \/>                    <\/li>\n                                    <li class=\"splide__slide w-[calc(100%-var(--container-px)*2)] max-w-[56rem] rounded-[1.875rem] overflow-hidden [&#038;:not(.is-active.is-visible)]:opacity-25 transition-opacity duration-200\">\n                        <img decoding=\"async\" width=\"2250\" height=\"1266\" src=\"https:\/\/marenland.nl\/app\/uploads\/2024\/04\/marenland-niels-kooistra-bewerkt-hoge-kwaliteit-201.jpg\" class=\"size-full object-cover aspect-[345\/204] lg:aspect-[870\/490]\" alt=\"\" loading=\"lazy\" srcset=\"https:\/\/marenland.nl\/app\/uploads\/2024\/04\/marenland-niels-kooistra-bewerkt-hoge-kwaliteit-201.jpg 2250w, https:\/\/marenland.nl\/app\/uploads\/2024\/04\/marenland-niels-kooistra-bewerkt-hoge-kwaliteit-201-300x169.jpg 300w, https:\/\/marenland.nl\/app\/uploads\/2024\/04\/marenland-niels-kooistra-bewerkt-hoge-kwaliteit-201-1024x576.jpg 1024w, https:\/\/marenland.nl\/app\/uploads\/2024\/04\/marenland-niels-kooistra-bewerkt-hoge-kwaliteit-201-768x432.jpg 768w, https:\/\/marenland.nl\/app\/uploads\/2024\/04\/marenland-niels-kooistra-bewerkt-hoge-kwaliteit-201-1536x864.jpg 1536w, https:\/\/marenland.nl\/app\/uploads\/2024\/04\/marenland-niels-kooistra-bewerkt-hoge-kwaliteit-201-2048x1152.jpg 2048w\" sizes=\"(width &lt; 944px) 105.09vw, 896.88px\" \/>                    <\/li>\n                                    <li class=\"splide__slide w-[calc(100%-var(--container-px)*2)] max-w-[56rem] rounded-[1.875rem] overflow-hidden [&#038;:not(.is-active.is-visible)]:opacity-25 transition-opacity duration-200\">\n                        <img decoding=\"async\" width=\"2000\" height=\"1164\" src=\"https:\/\/marenland.nl\/app\/uploads\/2024\/04\/MLnov-116.jpg\" class=\"size-full object-cover aspect-[345\/204] lg:aspect-[870\/490]\" alt=\"\" loading=\"lazy\" srcset=\"https:\/\/marenland.nl\/app\/uploads\/2024\/04\/MLnov-116.jpg 2000w, https:\/\/marenland.nl\/app\/uploads\/2024\/04\/MLnov-116-300x175.jpg 300w, https:\/\/marenland.nl\/app\/uploads\/2024\/04\/MLnov-116-1024x596.jpg 1024w, https:\/\/marenland.nl\/app\/uploads\/2024\/04\/MLnov-116-768x447.jpg 768w, https:\/\/marenland.nl\/app\/uploads\/2024\/04\/MLnov-116-1536x894.jpg 1536w\" sizes=\"(width &lt; 944px) 101.6vw, 896px\" \/>                    <\/li>\n                                    <li class=\"splide__slide w-[calc(100%-var(--container-px)*2)] max-w-[56rem] rounded-[1.875rem] overflow-hidden [&#038;:not(.is-active.is-visible)]:opacity-25 transition-opacity duration-200\">\n                        <img decoding=\"async\" width=\"2250\" height=\"1266\" src=\"https:\/\/marenland.nl\/app\/uploads\/2024\/04\/marenland-niels-kooistra-bewerkt-hoge-kwaliteit-196.jpg\" class=\"size-full object-cover aspect-[345\/204] lg:aspect-[870\/490]\" alt=\"\" loading=\"lazy\" srcset=\"https:\/\/marenland.nl\/app\/uploads\/2024\/04\/marenland-niels-kooistra-bewerkt-hoge-kwaliteit-196.jpg 2250w, https:\/\/marenland.nl\/app\/uploads\/2024\/04\/marenland-niels-kooistra-bewerkt-hoge-kwaliteit-196-300x169.jpg 300w, https:\/\/marenland.nl\/app\/uploads\/2024\/04\/marenland-niels-kooistra-bewerkt-hoge-kwaliteit-196-1024x576.jpg 1024w, https:\/\/marenland.nl\/app\/uploads\/2024\/04\/marenland-niels-kooistra-bewerkt-hoge-kwaliteit-196-768x432.jpg 768w, https:\/\/marenland.nl\/app\/uploads\/2024\/04\/marenland-niels-kooistra-bewerkt-hoge-kwaliteit-196-1536x864.jpg 1536w, https:\/\/marenland.nl\/app\/uploads\/2024\/04\/marenland-niels-kooistra-bewerkt-hoge-kwaliteit-196-2048x1152.jpg 2048w\" sizes=\"(width &lt; 944px) 105.09vw, 896.88px\" \/>                    <\/li>\n                                    <li class=\"splide__slide w-[calc(100%-var(--container-px)*2)] max-w-[56rem] rounded-[1.875rem] overflow-hidden [&#038;:not(.is-active.is-visible)]:opacity-25 transition-opacity duration-200\">\n                        <img decoding=\"async\" width=\"2250\" height=\"1266\" src=\"https:\/\/marenland.nl\/app\/uploads\/2024\/04\/marenland-niels-kooistra-bewerkt-hoge-kwaliteit-173.jpg\" class=\"size-full object-cover aspect-[345\/204] lg:aspect-[870\/490]\" alt=\"\" loading=\"lazy\" srcset=\"https:\/\/marenland.nl\/app\/uploads\/2024\/04\/marenland-niels-kooistra-bewerkt-hoge-kwaliteit-173.jpg 2250w, https:\/\/marenland.nl\/app\/uploads\/2024\/04\/marenland-niels-kooistra-bewerkt-hoge-kwaliteit-173-300x169.jpg 300w, https:\/\/marenland.nl\/app\/uploads\/2024\/04\/marenland-niels-kooistra-bewerkt-hoge-kwaliteit-173-1024x576.jpg 1024w, https:\/\/marenland.nl\/app\/uploads\/2024\/04\/marenland-niels-kooistra-bewerkt-hoge-kwaliteit-173-768x432.jpg 768w, https:\/\/marenland.nl\/app\/uploads\/2024\/04\/marenland-niels-kooistra-bewerkt-hoge-kwaliteit-173-1536x864.jpg 1536w, https:\/\/marenland.nl\/app\/uploads\/2024\/04\/marenland-niels-kooistra-bewerkt-hoge-kwaliteit-173-2048x1152.jpg 2048w\" sizes=\"(width &lt; 944px) 105.09vw, 896.88px\" \/>                    <\/li>\n                                    <li class=\"splide__slide w-[calc(100%-var(--container-px)*2)] max-w-[56rem] rounded-[1.875rem] overflow-hidden [&#038;:not(.is-active.is-visible)]:opacity-25 transition-opacity duration-200\">\n                        <img decoding=\"async\" width=\"2250\" height=\"1266\" src=\"https:\/\/marenland.nl\/app\/uploads\/2024\/04\/marenland-niels-kooistra-bewerkt-hoge-kwaliteit-165.jpg\" class=\"size-full object-cover aspect-[345\/204] lg:aspect-[870\/490]\" alt=\"\" loading=\"lazy\" srcset=\"https:\/\/marenland.nl\/app\/uploads\/2024\/04\/marenland-niels-kooistra-bewerkt-hoge-kwaliteit-165.jpg 2250w, https:\/\/marenland.nl\/app\/uploads\/2024\/04\/marenland-niels-kooistra-bewerkt-hoge-kwaliteit-165-300x169.jpg 300w, https:\/\/marenland.nl\/app\/uploads\/2024\/04\/marenland-niels-kooistra-bewerkt-hoge-kwaliteit-165-1024x576.jpg 1024w, https:\/\/marenland.nl\/app\/uploads\/2024\/04\/marenland-niels-kooistra-bewerkt-hoge-kwaliteit-165-768x432.jpg 768w, https:\/\/marenland.nl\/app\/uploads\/2024\/04\/marenland-niels-kooistra-bewerkt-hoge-kwaliteit-165-1536x864.jpg 1536w, https:\/\/marenland.nl\/app\/uploads\/2024\/04\/marenland-niels-kooistra-bewerkt-hoge-kwaliteit-165-2048x1152.jpg 2048w\" sizes=\"(width &lt; 944px) 105.09vw, 896.88px\" \/>                    <\/li>\n                            <\/ul>\n        <\/div>\n\n        <ul class=\"splide__pagination !mt-2 lg:!mt-5 col-span-full row-start-3\"><\/ul>\n    <\/section>\n","protected":false},"excerpt":{"rendered":"<p>M\u00f6chten Sie bei einem dynamischen und wachsenden Unternehmen im sch\u00f6nsten Dorf der Niederlande arbeiten? Unser Team ist so vielseitig wie unser vielf\u00e4ltiges Unternehmen. Und wir alle haben Freude daran, etwas Sch\u00f6nes zu schaffen. Auf dieser Seite bekommen Sie einen Eindruck davon, wie es bei uns ist. Kommen Sie gerne vorbei f\u00fcr ein Gespr\u00e4ch und erleben&#8230;<\/p>\n","protected":false},"author":1,"featured_media":0,"parent":0,"menu_order":147,"comment_status":"closed","ping_status":"closed","template":"","meta":{"_acf_changed":false,"footnotes":""},"class_list":["post-2699","page","type-page","status-publish","hentry"],"acf":[],"yoast_head":"<!-- This site is optimized with the Yoast SEO plugin v24.2 - https:\/\/yoast.com\/wordpress\/plugins\/seo\/ -->\n<title>Arbeiten bei Marenland - Marenland Winsum<\/title>\n<meta name=\"description\" content=\"Entdecken Sie die einzigartigen Karrierem\u00f6glichkeiten bei Marenland in Winsum. Sehen Sie sich unsere Stellenangebote an und werden Sie Teil unseres gastfreundlichen und nachhaltigen Teams!\" \/>\n<meta name=\"robots\" content=\"index, follow, max-snippet:-1, max-image-preview:large, max-video-preview:-1\" \/>\n<link rel=\"canonical\" href=\"https:\/\/marenland.nl\/de\/werken-bij\/\" \/>\n<meta property=\"og:locale\" content=\"de_DE\" \/>\n<meta property=\"og:type\" content=\"article\" \/>\n<meta property=\"og:title\" content=\"Arbeiten bei Marenland - Marenland Winsum\" \/>\n<meta property=\"og:description\" content=\"Entdecken Sie die einzigartigen Karrierem\u00f6glichkeiten bei Marenland in Winsum. Sehen Sie sich unsere Stellenangebote an und werden Sie Teil unseres gastfreundlichen und nachhaltigen Teams!\" \/>\n<meta property=\"og:url\" content=\"https:\/\/marenland.nl\/de\/werken-bij\/\" \/>\n<meta property=\"og:site_name\" content=\"Marenland\" \/>\n<meta property=\"article:modified_time\" content=\"2024-06-19T17:19:22+00:00\" \/>\n<meta name=\"twitter:card\" content=\"summary_large_image\" \/>\n<script type=\"application\/ld+json\" class=\"yoast-schema-graph\">{\"@context\":\"https:\/\/schema.org\",\"@graph\":[{\"@type\":\"WebPage\",\"@id\":\"https:\/\/marenland.nl\/de\/werken-bij\/\",\"url\":\"https:\/\/marenland.nl\/de\/werken-bij\/\",\"name\":\"Arbeiten bei Marenland - Marenland Winsum\",\"isPartOf\":{\"@id\":\"https:\/\/marenland.nl\/de\/#website\"},\"datePublished\":\"2024-03-22T14:10:15+00:00\",\"dateModified\":\"2024-06-19T17:19:22+00:00\",\"description\":\"Entdecken Sie die einzigartigen Karrierem\u00f6glichkeiten bei Marenland in Winsum. Sehen Sie sich unsere Stellenangebote an und werden Sie Teil unseres gastfreundlichen und nachhaltigen Teams!\",\"breadcrumb\":{\"@id\":\"https:\/\/marenland.nl\/de\/werken-bij\/#breadcrumb\"},\"inLanguage\":\"de-DE\",\"potentialAction\":[{\"@type\":\"ReadAction\",\"target\":[\"https:\/\/marenland.nl\/de\/werken-bij\/\"]}]},{\"@type\":\"BreadcrumbList\",\"@id\":\"https:\/\/marenland.nl\/de\/werken-bij\/#breadcrumb\",\"itemListElement\":[{\"@type\":\"ListItem\",\"position\":1,\"name\":\"Home\",\"item\":\"https:\/\/marenland.nl\/de\/\"},{\"@type\":\"ListItem\",\"position\":2,\"name\":\"Arbeiten bei\"}]},{\"@type\":\"WebSite\",\"@id\":\"https:\/\/marenland.nl\/de\/#website\",\"url\":\"https:\/\/marenland.nl\/de\/\",\"name\":\"Marenland\",\"description\":\"Slapen, Eten en Recre\u00ebren\",\"potentialAction\":[{\"@type\":\"SearchAction\",\"target\":{\"@type\":\"EntryPoint\",\"urlTemplate\":\"https:\/\/marenland.nl\/de\/?s={search_term_string}\"},\"query-input\":{\"@type\":\"PropertyValueSpecification\",\"valueRequired\":true,\"valueName\":\"search_term_string\"}}],\"inLanguage\":\"de-DE\"}]}<\/script>\n<!-- \/ Yoast SEO plugin. -->","yoast_head_json":{"title":"Arbeiten bei Marenland - Marenland Winsum","description":"Entdecken Sie die einzigartigen Karrierem\u00f6glichkeiten bei Marenland in Winsum. Sehen Sie sich unsere Stellenangebote an und werden Sie Teil unseres gastfreundlichen und nachhaltigen Teams!","robots":{"index":"index","follow":"follow","max-snippet":"max-snippet:-1","max-image-preview":"max-image-preview:large","max-video-preview":"max-video-preview:-1"},"canonical":"https:\/\/marenland.nl\/de\/werken-bij\/","og_locale":"de_DE","og_type":"article","og_title":"Arbeiten bei Marenland - Marenland Winsum","og_description":"Entdecken Sie die einzigartigen Karrierem\u00f6glichkeiten bei Marenland in Winsum. Sehen Sie sich unsere Stellenangebote an und werden Sie Teil unseres gastfreundlichen und nachhaltigen Teams!","og_url":"https:\/\/marenland.nl\/de\/werken-bij\/","og_site_name":"Marenland","article_modified_time":"2024-06-19T17:19:22+00:00","twitter_card":"summary_large_image","schema":{"@context":"https:\/\/schema.org","@graph":[{"@type":"WebPage","@id":"https:\/\/marenland.nl\/de\/werken-bij\/","url":"https:\/\/marenland.nl\/de\/werken-bij\/","name":"Arbeiten bei Marenland - Marenland Winsum","isPartOf":{"@id":"https:\/\/marenland.nl\/de\/#website"},"datePublished":"2024-03-22T14:10:15+00:00","dateModified":"2024-06-19T17:19:22+00:00","description":"Entdecken Sie die einzigartigen Karrierem\u00f6glichkeiten bei Marenland in Winsum. Sehen Sie sich unsere Stellenangebote an und werden Sie Teil unseres gastfreundlichen und nachhaltigen Teams!","breadcrumb":{"@id":"https:\/\/marenland.nl\/de\/werken-bij\/#breadcrumb"},"inLanguage":"de-DE","potentialAction":[{"@type":"ReadAction","target":["https:\/\/marenland.nl\/de\/werken-bij\/"]}]},{"@type":"BreadcrumbList","@id":"https:\/\/marenland.nl\/de\/werken-bij\/#breadcrumb","itemListElement":[{"@type":"ListItem","position":1,"name":"Home","item":"https:\/\/marenland.nl\/de\/"},{"@type":"ListItem","position":2,"name":"Arbeiten bei"}]},{"@type":"WebSite","@id":"https:\/\/marenland.nl\/de\/#website","url":"https:\/\/marenland.nl\/de\/","name":"Marenland","description":"Slapen, Eten en Recre\u00ebren","potentialAction":[{"@type":"SearchAction","target":{"@type":"EntryPoint","urlTemplate":"https:\/\/marenland.nl\/de\/?s={search_term_string}"},"query-input":{"@type":"PropertyValueSpecification","valueRequired":true,"valueName":"search_term_string"}}],"inLanguage":"de-DE"}]}},"_links":{"self":[{"href":"https:\/\/marenland.nl\/de\/wp-json\/wp\/v2\/pages\/2699","targetHints":{"allow":["GET"]}}],"collection":[{"href":"https:\/\/marenland.nl\/de\/wp-json\/wp\/v2\/pages"}],"about":[{"href":"https:\/\/marenland.nl\/de\/wp-json\/wp\/v2\/types\/page"}],"author":[{"embeddable":true,"href":"https:\/\/marenland.nl\/de\/wp-json\/wp\/v2\/users\/1"}],"replies":[{"embeddable":true,"href":"https:\/\/marenland.nl\/de\/wp-json\/wp\/v2\/comments?post=2699"}],"version-history":[{"count":7,"href":"https:\/\/marenland.nl\/de\/wp-json\/wp\/v2\/pages\/2699\/revisions"}],"predecessor-version":[{"id":4036,"href":"https:\/\/marenland.nl\/de\/wp-json\/wp\/v2\/pages\/2699\/revisions\/4036"}],"wp:attachment":[{"href":"https:\/\/marenland.nl\/de\/wp-json\/wp\/v2\/media?parent=2699"}],"curies":[{"name":"wp","href":"https:\/\/api.w.org\/{rel}","templated":true}]}}