{"id":2739,"date":"2024-03-15T09:38:47","date_gmt":"2024-03-15T08:38:47","guid":{"rendered":"https:\/\/marenland.nl\/team\/"},"modified":"2024-06-19T19:26:09","modified_gmt":"2024-06-19T17:26:09","slug":"team","status":"publish","type":"page","link":"https:\/\/marenland.nl\/de\/team\/","title":{"rendered":"Das Team"},"content":{"rendered":"\n    <section class=\"content-block content-block--team px-6 my-[4.625rem] lg:my-28\">\n        <div class=\"max-w-[82.5rem] mx-auto\">\n            <div data-aos=\"fade-up\" class=\"max-w-[33.875rem]\">\n                <h1>Das Team<\/h1>                                    <div class=\"content content--no-px mt-6 lg:mt-8\"><p>Willkommen bei Marenland! Seit 2016 hat sich Marenland unter der Leitung von Robbert und Ruud van Barneveld zu einem lebendigen Treffpunkt entwickelt. Unser engagiertes Team steht bereit, Sie willkommen zu hei\u00dfen und Sie mit exzellentem Service, k\u00f6stlichen Gerichten und unvergesslichen Erlebnissen zu \u00fcberraschen. Lernen Sie unser Team kennen.   <\/p>\n<\/div>\n                            <\/div>\n            <ul class=\"grid sm:grid-cols-2 lg:grid-cols-3 gap-8 lg:gap-y-12 mt-11 lg:mt-14\">\n                                    <li data-aos=\"fade-up\">\n                        <a href=\"https:\/\/marenland.nl\/de\/team\/buitendienst\/\" class=\"block\">\n                            <article>\n                                <img decoding=\"async\" width=\"2048\" height=\"1365\" src=\"https:\/\/marenland.nl\/app\/uploads\/2024\/07\/Publiek_Fotografie_17_07_24_SJK4277_Marenland_Web_2048px_120.jpg\" class=\"aspect-square shadow size-full object-cover rounded-[1.875rem]\" alt=\"\" loading=\"lazy\" srcset=\"https:\/\/marenland.nl\/app\/uploads\/2024\/07\/Publiek_Fotografie_17_07_24_SJK4277_Marenland_Web_2048px_120.jpg 2048w, https:\/\/marenland.nl\/app\/uploads\/2024\/07\/Publiek_Fotografie_17_07_24_SJK4277_Marenland_Web_2048px_120-300x200.jpg 300w, https:\/\/marenland.nl\/app\/uploads\/2024\/07\/Publiek_Fotografie_17_07_24_SJK4277_Marenland_Web_2048px_120-1024x683.jpg 1024w, https:\/\/marenland.nl\/app\/uploads\/2024\/07\/Publiek_Fotografie_17_07_24_SJK4277_Marenland_Web_2048px_120-768x512.jpg 768w, https:\/\/marenland.nl\/app\/uploads\/2024\/07\/Publiek_Fotografie_17_07_24_SJK4277_Marenland_Web_2048px_120-1536x1024.jpg 1536w\" sizes=\"(width &lt; 640px) 150.04vw, (width &lt; 1024px) 75.02vw, (width &lt; 1368px) 50.01vw, 628.65px\" \/>                                <h2 class=\"text-h3 mt-3.5 lg:mt-4\">Buitendienst<\/h2>                                                                    <p class=\"text-tag text-midnight mt-1.5 lg:mt-2\">Chef buitendienst<\/p>\n                                                            <\/article>\n                        <\/a>\n                    <\/li>\n                                    <li data-aos=\"fade-up\">\n                        <a href=\"https:\/\/marenland.nl\/de\/team\/evelien\/\" class=\"block\">\n                            <article>\n                                                                <h2 class=\"text-h3 mt-3.5 lg:mt-4\">Schoonmaakteam<\/h2>                                                                    <p class=\"text-tag text-midnight mt-1.5 lg:mt-2\">Hoofd facilitair<\/p>\n                                                            <\/article>\n                        <\/a>\n                    <\/li>\n                                    <li data-aos=\"fade-up\">\n                        <a href=\"https:\/\/marenland.nl\/de\/team\/jan-willem\/\" class=\"block\">\n                            <article>\n                                                                <h2 class=\"text-h3 mt-3.5 lg:mt-4\">Arjan<\/h2>                                                                    <p class=\"text-tag text-midnight mt-1.5 lg:mt-2\">Boot- en kanoverhuur<\/p>\n                                                            <\/article>\n                        <\/a>\n                    <\/li>\n                                    <li data-aos=\"fade-up\">\n                        <a href=\"https:\/\/marenland.nl\/de\/team\/ruud-van-barneveld\/\" class=\"block\">\n                            <article>\n                                <img decoding=\"async\" width=\"1500\" height=\"902\" src=\"https:\/\/marenland.nl\/app\/uploads\/2024\/04\/unnamed-7.jpg\" class=\"aspect-square shadow size-full object-cover rounded-[1.875rem]\" alt=\"\" loading=\"lazy\" srcset=\"https:\/\/marenland.nl\/app\/uploads\/2024\/04\/unnamed-7.jpg 1500w, https:\/\/marenland.nl\/app\/uploads\/2024\/04\/unnamed-7-300x180.jpg 300w, https:\/\/marenland.nl\/app\/uploads\/2024\/04\/unnamed-7-1024x616.jpg 1024w, https:\/\/marenland.nl\/app\/uploads\/2024\/04\/unnamed-7-768x462.jpg 768w\" sizes=\"(width &lt; 640px) 166.3vw, (width &lt; 1024px) 83.15vw, (width &lt; 1368px) 55.43vw, 696.78px\" \/>                                <h2 class=\"text-h3 mt-3.5 lg:mt-4\">Ruud van Barneveld<\/h2>                                                                    <p class=\"text-tag text-midnight mt-1.5 lg:mt-2\">Gastheer<\/p>\n                                                            <\/article>\n                        <\/a>\n                    <\/li>\n                                    <li data-aos=\"fade-up\">\n                        <a href=\"https:\/\/marenland.nl\/de\/team\/robbert-van-barneveld\/\" class=\"block\">\n                            <article>\n                                <img decoding=\"async\" width=\"960\" height=\"628\" src=\"https:\/\/marenland.nl\/app\/uploads\/2024\/03\/4d139459c992cde150e832d99e492037.jpeg\" class=\"aspect-square shadow size-full object-cover rounded-[1.875rem]\" alt=\"\" loading=\"lazy\" srcset=\"https:\/\/marenland.nl\/app\/uploads\/2024\/03\/4d139459c992cde150e832d99e492037.jpeg 960w, https:\/\/marenland.nl\/app\/uploads\/2024\/03\/4d139459c992cde150e832d99e492037-300x196.jpeg 300w, https:\/\/marenland.nl\/app\/uploads\/2024\/03\/4d139459c992cde150e832d99e492037-768x502.jpeg 768w\" sizes=\"(width &lt; 640px) 152.87vw, (width &lt; 1024px) 76.43vw, (width &lt; 1368px) 50.95vw, 640.51px\" \/>                                <h2 class=\"text-h3 mt-3.5 lg:mt-4\">Robbert van Barneveld<\/h2>                                                                    <p class=\"text-tag text-midnight mt-1.5 lg:mt-2\">Gastheer<\/p>\n                                                            <\/article>\n                        <\/a>\n                    <\/li>\n                            <\/ul>\n        <\/div>\n    <\/section>\n","protected":false},"excerpt":{"rendered":"<p>Willkommen bei Marenland! Seit 2016 hat sich Marenland unter der Leitung von Robbert und Ruud van Barneveld zu einem lebendigen Treffpunkt entwickelt. Unser engagiertes Team steht bereit, Sie willkommen zu hei\u00dfen und Sie mit exzellentem Service, k\u00f6stlichen Gerichten und unvergesslichen Erlebnissen zu \u00fcberraschen. Lernen Sie unser Team kennen.<\/p>\n","protected":false},"author":1,"featured_media":0,"parent":0,"menu_order":156,"comment_status":"closed","ping_status":"closed","template":"","meta":{"_acf_changed":false,"footnotes":""},"class_list":["post-2739","page","type-page","status-publish","hentry"],"acf":[],"yoast_head":"<!-- This site is optimized with the Yoast SEO plugin v24.2 - https:\/\/yoast.com\/wordpress\/plugins\/seo\/ -->\n<title>Lernen Sie das Team kennen Marenland Winsum<\/title>\n<meta name=\"description\" content=\"Lernen Sie das Team von Marenland kennen! Unser freundliches und erfahrenes Team ist bereit, Ihren Aufenthalt unvergesslich zu machen.\" \/>\n<meta name=\"robots\" content=\"index, follow, max-snippet:-1, max-image-preview:large, max-video-preview:-1\" \/>\n<link rel=\"canonical\" href=\"https:\/\/marenland.nl\/de\/team\/\" \/>\n<meta property=\"og:locale\" content=\"de_DE\" \/>\n<meta property=\"og:type\" content=\"article\" \/>\n<meta property=\"og:title\" content=\"Lernen Sie das Team kennen Marenland Winsum\" \/>\n<meta property=\"og:description\" content=\"Lernen Sie das Team von Marenland kennen! Unser freundliches und erfahrenes Team ist bereit, Ihren Aufenthalt unvergesslich zu machen.\" \/>\n<meta property=\"og:url\" content=\"https:\/\/marenland.nl\/de\/team\/\" \/>\n<meta property=\"og:site_name\" content=\"Marenland\" \/>\n<meta property=\"article:modified_time\" content=\"2024-06-19T17:26:09+00:00\" \/>\n<meta name=\"twitter:card\" content=\"summary_large_image\" \/>\n<script type=\"application\/ld+json\" class=\"yoast-schema-graph\">{\"@context\":\"https:\/\/schema.org\",\"@graph\":[{\"@type\":\"WebPage\",\"@id\":\"https:\/\/marenland.nl\/de\/team\/\",\"url\":\"https:\/\/marenland.nl\/de\/team\/\",\"name\":\"Lernen Sie das Team kennen Marenland Winsum\",\"isPartOf\":{\"@id\":\"https:\/\/marenland.nl\/de\/#website\"},\"datePublished\":\"2024-03-15T08:38:47+00:00\",\"dateModified\":\"2024-06-19T17:26:09+00:00\",\"description\":\"Lernen Sie das Team von Marenland kennen! Unser freundliches und erfahrenes Team ist bereit, Ihren Aufenthalt unvergesslich zu machen.\",\"breadcrumb\":{\"@id\":\"https:\/\/marenland.nl\/de\/team\/#breadcrumb\"},\"inLanguage\":\"de-DE\",\"potentialAction\":[{\"@type\":\"ReadAction\",\"target\":[\"https:\/\/marenland.nl\/de\/team\/\"]}]},{\"@type\":\"BreadcrumbList\",\"@id\":\"https:\/\/marenland.nl\/de\/team\/#breadcrumb\",\"itemListElement\":[{\"@type\":\"ListItem\",\"position\":1,\"name\":\"Home\",\"item\":\"https:\/\/marenland.nl\/de\/\"},{\"@type\":\"ListItem\",\"position\":2,\"name\":\"Das Team\"}]},{\"@type\":\"WebSite\",\"@id\":\"https:\/\/marenland.nl\/de\/#website\",\"url\":\"https:\/\/marenland.nl\/de\/\",\"name\":\"Marenland\",\"description\":\"Slapen, Eten en Recre\u00ebren\",\"potentialAction\":[{\"@type\":\"SearchAction\",\"target\":{\"@type\":\"EntryPoint\",\"urlTemplate\":\"https:\/\/marenland.nl\/de\/?s={search_term_string}\"},\"query-input\":{\"@type\":\"PropertyValueSpecification\",\"valueRequired\":true,\"valueName\":\"search_term_string\"}}],\"inLanguage\":\"de-DE\"}]}<\/script>\n<!-- \/ Yoast SEO plugin. -->","yoast_head_json":{"title":"Lernen Sie das Team kennen Marenland Winsum","description":"Lernen Sie das Team von Marenland kennen! Unser freundliches und erfahrenes Team ist bereit, Ihren Aufenthalt unvergesslich zu machen.","robots":{"index":"index","follow":"follow","max-snippet":"max-snippet:-1","max-image-preview":"max-image-preview:large","max-video-preview":"max-video-preview:-1"},"canonical":"https:\/\/marenland.nl\/de\/team\/","og_locale":"de_DE","og_type":"article","og_title":"Lernen Sie das Team kennen Marenland Winsum","og_description":"Lernen Sie das Team von Marenland kennen! Unser freundliches und erfahrenes Team ist bereit, Ihren Aufenthalt unvergesslich zu machen.","og_url":"https:\/\/marenland.nl\/de\/team\/","og_site_name":"Marenland","article_modified_time":"2024-06-19T17:26:09+00:00","twitter_card":"summary_large_image","schema":{"@context":"https:\/\/schema.org","@graph":[{"@type":"WebPage","@id":"https:\/\/marenland.nl\/de\/team\/","url":"https:\/\/marenland.nl\/de\/team\/","name":"Lernen Sie das Team kennen Marenland Winsum","isPartOf":{"@id":"https:\/\/marenland.nl\/de\/#website"},"datePublished":"2024-03-15T08:38:47+00:00","dateModified":"2024-06-19T17:26:09+00:00","description":"Lernen Sie das Team von Marenland kennen! Unser freundliches und erfahrenes Team ist bereit, Ihren Aufenthalt unvergesslich zu machen.","breadcrumb":{"@id":"https:\/\/marenland.nl\/de\/team\/#breadcrumb"},"inLanguage":"de-DE","potentialAction":[{"@type":"ReadAction","target":["https:\/\/marenland.nl\/de\/team\/"]}]},{"@type":"BreadcrumbList","@id":"https:\/\/marenland.nl\/de\/team\/#breadcrumb","itemListElement":[{"@type":"ListItem","position":1,"name":"Home","item":"https:\/\/marenland.nl\/de\/"},{"@type":"ListItem","position":2,"name":"Das Team"}]},{"@type":"WebSite","@id":"https:\/\/marenland.nl\/de\/#website","url":"https:\/\/marenland.nl\/de\/","name":"Marenland","description":"Slapen, Eten en Recre\u00ebren","potentialAction":[{"@type":"SearchAction","target":{"@type":"EntryPoint","urlTemplate":"https:\/\/marenland.nl\/de\/?s={search_term_string}"},"query-input":{"@type":"PropertyValueSpecification","valueRequired":true,"valueName":"search_term_string"}}],"inLanguage":"de-DE"}]}},"_links":{"self":[{"href":"https:\/\/marenland.nl\/de\/wp-json\/wp\/v2\/pages\/2739","targetHints":{"allow":["GET"]}}],"collection":[{"href":"https:\/\/marenland.nl\/de\/wp-json\/wp\/v2\/pages"}],"about":[{"href":"https:\/\/marenland.nl\/de\/wp-json\/wp\/v2\/types\/page"}],"author":[{"embeddable":true,"href":"https:\/\/marenland.nl\/de\/wp-json\/wp\/v2\/users\/1"}],"replies":[{"embeddable":true,"href":"https:\/\/marenland.nl\/de\/wp-json\/wp\/v2\/comments?post=2739"}],"version-history":[{"count":3,"href":"https:\/\/marenland.nl\/de\/wp-json\/wp\/v2\/pages\/2739\/revisions"}],"predecessor-version":[{"id":4043,"href":"https:\/\/marenland.nl\/de\/wp-json\/wp\/v2\/pages\/2739\/revisions\/4043"}],"wp:attachment":[{"href":"https:\/\/marenland.nl\/de\/wp-json\/wp\/v2\/media?parent=2739"}],"curies":[{"name":"wp","href":"https:\/\/api.w.org\/{rel}","templated":true}]}}