{"id":2745,"date":"2024-02-29T15:00:11","date_gmt":"2024-02-29T14:00:11","guid":{"rendered":"https:\/\/marenland.nl\/privacy\/"},"modified":"2024-06-19T21:33:02","modified_gmt":"2024-06-19T19:33:02","slug":"privacy","status":"publish","type":"page","link":"https:\/\/marenland.nl\/de\/privacy\/","title":{"rendered":"Datenschutz"},"content":{"rendered":"\n<header class=\"content-block content-block--header lg:grid lg:grid-cols-[minmax(theme(spacing.6),1fr)_minmax(0,41.25rem)_minmax(0,41.25rem)_minmax(theme(spacing.6),1fr)] rounded-b-content-block overflow-hidden shadow\">\n    <div class=\"lg:col-span-2 grid grid-cols-[subgrid] px-6 lg:pl-0 pb-11 pt-28 lg:pt-[9.5rem] lg:pb-28 text-white relative before:pattern before:absolute before:inset-0 before:bg-green-dark\/[8%] bg-sage\">\n        <div class=\"lg:col-start-2 relative lg:max-w-[34rem]\">\n            <div class=\"breadcrumbs text-white mb-8 lg:mb-11\">\n    <span><span><a href=\"https:\/\/marenland.nl\/de\/\">Home<\/a><\/span><\/span><\/div>\n            \n            <h1>Datenschutz<\/h1>\n\n            <div class=\"content content--no-px mt-8 lg:mt-10 content--lead\"><p>Sobald Sie unsere Website www.marenland.nl besuchen oder Kontakt mit uns aufnehmen, erhalten wir Informationen \u00fcber Sie. In dieser Datenschutzerkl\u00e4rung erkl\u00e4ren wir, was wir mit diesen Informationen tun. Wir gehen stets sorgf\u00e4ltig mit Ihren Daten um und speichern sie sicher. Wenn Sie Fragen haben oder wissen m\u00f6chten, welche Informationen wir \u00fcber Sie haben, wenden Sie sich bitte an uns. Wir k\u00f6nnen diese Datenschutzerkl\u00e4rung anpassen, wenn wir dies f\u00fcr erforderlich halten. Wir empfehlen Ihnen daher, diese Datenschutzerkl\u00e4rung regelm\u00e4\u00dfig zu \u00fcberpr\u00fcfen, damit Sie \u00fcber \u00c4nderungen informiert sind. Diese Datenschutzerkl\u00e4rung wurde zuletzt am 6. Juni 2024 ge\u00e4ndert.     <\/p>\n<\/div>\n\n                    <\/div>\n    <\/div>\n\n            <div class=\"lg:col-span-2 relative hidden lg:block\">\n            <img decoding=\"async\" width=\"2560\" height=\"1900\" src=\"https:\/\/marenland.nl\/app\/uploads\/2024\/06\/marenland-niels-kooistra-bewerkt-hoge-kwaliteit-37_v3-e1718108581401.jpg\" class=\"object-cover absolute inset-0 size-full\" alt=\"\" loading=\"lazy\" sizes=\"50vw\" \/>        <\/div>\n    <\/header>\n<p><strong>Inhaltsverzeichnis<\/strong><\/p>\n\n<ol class=\"wp-block-list\">\n<li>Wann gilt diese Datenschutzerkl\u00e4rung?<\/li>\n\n\n\n<li>Wer verwendet Ihre Daten?<\/li>\n\n\n\n<li>Wessen Daten verwenden wir?<\/li>\n\n\n\n<li>Wie erhalten wir Ihre Daten?<\/li>\n\n\n\n<li>Welche Daten verwenden wir?<\/li>\n\n\n\n<li>Wof\u00fcr verwenden wir Ihre Daten?<\/li>\n\n\n\n<li>Wie lange bewahren wir Ihre Daten auf?<\/li>\n\n\n\n<li>Mit wem teilen wir Ihre Daten?<\/li>\n\n\n\n<li>Wo speichern wir Ihre Daten?<\/li>\n\n\n\n<li>Wie sicher sind Ihre Daten bei uns?<\/li>\n\n\n\n<li>Was k\u00f6nnen Sie von uns verlangen?<\/li>\n\n\n\n<li>Welche Regeln gelten f\u00fcr diese Datenschutzerkl\u00e4rung?<\/li>\n\n\n\n<li>Welche Cookies verwenden wir?<\/li>\n\n\n\n<li>Was machen wir mit Daten von Minderj\u00e4hrigen?<\/li>\n\n\n\n<li>Haben Sie eine Frage zu dieser Datenschutzerkl\u00e4rung?<\/li>\n<\/ol>\n\n<p>1. Wann gilt diese Datenschutzerkl\u00e4rung?<\/p>\n\n<p>Diese Datenschutzerkl\u00e4rung gilt f\u00fcr alle personenbezogenen Daten, die wir verarbeiten, und alle Domains, die mit uns in Verbindung stehen. Es geht um die personenbezogenen Daten aller, die jemals Kontakt mit uns hatten oder unsere Website besucht haben, wie Besucher, Kunden und Gesch\u00e4ftskontakte. Personenbezogene Daten sind alle Daten, die auf Sie als Individuum zur\u00fcckgef\u00fchrt werden k\u00f6nnen, wie Ihr Name, Ihre Telefonnummer, Ihre IP-Adresse, Ihre Kundennummer oder Ihr Surfverhalten. Wenn Sie mehr \u00fcber personenbezogene Daten wissen m\u00f6chten, besuchen Sie die Website der Autoriteit Persoonsgegevens.   <\/p>\n\n<p>2. Wer verwendet meine Daten?<\/p>\n\n<p>Marenland Winsum B.V. ist verantwortlich f\u00fcr die Website marenland.nl und damit die verantwortliche Organisation f\u00fcr die Verwendung Ihrer personenbezogenen Daten, wie in dieser Datenschutzerkl\u00e4rung beschrieben. Die vollst\u00e4ndigen Daten sind: <br\/><br\/>Marenland Winsum B.V.<br\/>Winsumerdiep 6<br\/>9951CG Winsum<br\/>64345890<\/p>\n\n<p>3. Wessen Daten verwenden wir?<\/p>\n\n<p>Wir verarbeiten die personenbezogenen Daten aller, die jemals Kontakt mit uns hatten oder unsere Website besucht haben. Dazu geh\u00f6ren Besucher, private Kunden, Gesch\u00e4ftskunden und Kontaktpersonen unserer Partner. <\/p>\n\n<p>4. Wie erhalten wir Ihre Daten?<\/p>\n\n<p>Wir erhalten die Daten direkt von Ihnen, wenn Sie:<\/p>\n\n<ul class=\"wp-block-list\">\n<li>Ein Konto erstellen<\/li>\n\n\n\n<li>Daten auf unserer Website ausf\u00fcllen<\/li>\n<\/ul>\n\n<p>5. Welche Daten verwenden wir? Wir verwenden die folgenden Daten: <\/p>\n\n<ul class=\"wp-block-list\">\n<li>Name<\/li>\n\n\n\n<li>Geschlecht<\/li>\n\n\n\n<li>Wohn- oder Gesch\u00e4ftsadresse<\/li>\n\n\n\n<li>E-Mail-Adresse<\/li>\n\n\n\n<li>Telefonnummer<\/li>\n\n\n\n<li>Zahlungsdaten<\/li>\n\n\n\n<li>Geburtsort<\/li>\n\n\n\n<li>Geburtsdatum<\/li>\n\n\n\n<li>Alter<\/li>\n<\/ul>\n\n<p>6. Wof\u00fcr verwenden wir Ihre Daten?<\/p>\n\n<p>Wir verwenden Ihre personenbezogenen Daten nur f\u00fcr die Zwecke, f\u00fcr die wir sie verwenden d\u00fcrfen:<\/p>\n\n<ul class=\"wp-block-list\">\n<li>Wir verwenden Ihre Daten, weil wir Ihnen als Kunden den besten Service bieten m\u00f6chten und dies ohne diese Informationen nicht k\u00f6nnen.<\/li>\n\n\n\n<li>Wir verwenden Ihre Daten, um gesetzliche Vorschriften einzuhalten, wie das Aufbewahren von Daten f\u00fcr die Steuerbeh\u00f6rden.<\/li>\n<\/ul>\n\n<p>7. Wie lange bewahren wir Ihre Daten auf?<\/p>\n\n<p>Wir bewahren Ihre personenbezogenen Daten so lange auf, wie wir gesetzlich dazu verpflichtet sind und solange es f\u00fcr den Zweck, f\u00fcr den wir Ihre Daten verwenden, erforderlich ist. Zum Beispiel, solange Sie Kunde bei uns sind, bewahren wir Ihre Daten gem\u00e4\u00df der gesetzlichen Aufbewahrungsfrist von sieben Jahren auf. Danach bewahren wir Ihre Daten nur f\u00fcr statistische Zwecke und zur Bearbeitung von Beschwerden oder rechtlichen Angelegenheiten auf. Wenn Sie mehr dar\u00fcber wissen m\u00f6chten, wie lange wir bestimmte Daten von Ihnen aufbewahren, wenden Sie sich bitte an uns.   <\/p>\n\n<p>8. Mit wem teilen wir Ihre Daten?<\/p>\n\n<p>Ihre personenbezogenen Daten werden nur von uns verwendet. Wir werden Ihre personenbezogenen Daten niemals mit anderen teilen. <\/p>\n\n<p>9. Wo speichern wir Ihre Daten?<\/p>\n\n<p>Wir verarbeiten Ihre Daten innerhalb des Europ\u00e4ischen Wirtschaftsraums (EWR). Das bedeutet, dass wir Ihre Daten auch innerhalb des EWR speichern. Wenn Sie Fragen dazu haben, wenden Sie sich bitte an uns.  <\/p>\n\n<p>10. Wie sicher sind Ihre Daten bei uns?<\/p>\n\n<p>Wir haben umfangreiche Ma\u00dfnahmen ergriffen, um Ihre Daten sowohl organisatorisch als auch technisch bestm\u00f6glich zu sichern. Wir haben unsere Systeme und verschiedene Kommunikationsmittel gesichert, um sicherzustellen, dass Ihre Daten nicht in die H\u00e4nde anderer gelangen. Ihre Daten sind daher bei uns sicher. Wir stellen auch sicher, dass Ihre Daten nur von Personen verwendet werden, die von uns die Erlaubnis dazu erhalten haben. Wenn Sie Fragen zu den spezifischen Sicherheitsma\u00dfnahmen haben, wenden Sie sich bitte an uns.    <\/p>\n\n<p>11. Was k\u00f6nnen Sie von uns verlangen?<\/p>\n\n<p>Da wir Ihre personenbezogenen Daten verwenden, haben Sie verschiedene Rechte. Diese Rechte listen wir unten f\u00fcr Sie auf. <\/p>\n\n<p><strong>Recht auf Information<\/strong><br\/>Wir m\u00fcssen Ihnen auf verst\u00e4ndliche und klare Weise erkl\u00e4ren, was wir mit Ihren Daten tun und welche Kontrolle Sie dar\u00fcber haben. Deshalb erkl\u00e4ren wir in dieser Datenschutzerkl\u00e4rung ausf\u00fchrlich, welche Daten wir sammeln und wie wir mit Ihren Daten umgehen. <\/p>\n\n<p><strong>Recht auf Auskunft<\/strong><br\/>Sie k\u00f6nnen uns jederzeit bitten, die Daten, die wir \u00fcber Sie haben, einzusehen.<\/p>\n\n<p><strong>Recht auf Berichtigung<\/strong><br\/>Sie k\u00f6nnen uns bitten, Ihre Daten zu korrigieren, wenn diese nicht korrekt oder unvollst\u00e4ndig sind.<\/p>\n\n<p><strong>Recht auf Widerspruch<\/strong><br\/>Sie k\u00f6nnen der Verarbeitung Ihrer Daten widersprechen, wenn Sie mit der Art und Weise, wie wir mit Ihren personenbezogenen Daten umgehen, nicht einverstanden sind. Dieses Recht gilt f\u00fcr die Daten, die wir f\u00fcr Direktmarketing verwenden. Sie k\u00f6nnen uns beispielsweise mitteilen, dass Sie keine E-Mails mehr von uns erhalten m\u00f6chten. Dies gilt auch f\u00fcr personalisierte Empfehlungen auf unserer Website.   <\/p>\n\n<p><strong>Recht auf Daten\u00fcbertragbarkeit<\/strong><br\/>Wenn Sie Kunde bei uns sind oder uns die Erlaubnis zur Verwendung Ihrer Daten gegeben haben, k\u00f6nnen Sie uns bitten, Ihnen die digitalen Daten, die wir \u00fcber Sie haben, zuzusenden. So k\u00f6nnen Sie diese Daten an eine andere Organisation \u00fcbertragen, wenn Sie dies w\u00fcnschen. <\/p>\n\n<p><strong>Recht auf Einschr\u00e4nkung<\/strong><br\/>Sie k\u00f6nnen uns bitten, die Nutzung Ihrer Daten einzuschr\u00e4nken. Dies bedeutet, dass wir in bestimmten F\u00e4llen Ihre Daten nur speichern, aber nicht verwenden d\u00fcrfen. <\/p>\n\n<p><strong>Recht auf L\u00f6schung<\/strong><br\/>Sie k\u00f6nnen uns bitten, alle Daten, die wir \u00fcber Sie haben, zu l\u00f6schen. Wir l\u00f6schen dann alle Daten, die auf Sie zur\u00fcckgef\u00fchrt werden k\u00f6nnen. In einigen F\u00e4llen k\u00f6nnen oder d\u00fcrfen wir Ihre Daten noch nicht l\u00f6schen. So m\u00fcssen wir beispielsweise einige Daten sieben Jahre lang f\u00fcr die Steuerbeh\u00f6rden aufbewahren.   <\/p>\n\n<p><strong>Recht auf Beschwerde<\/strong><br\/>Sie k\u00f6nnen eine Beschwerde dar\u00fcber einreichen, wie wir mit Ihren Daten umgehen. Wenn Sie eine Beschwerde haben, m\u00f6chten wir diese gerne f\u00fcr Sie l\u00f6sen. Kontaktieren Sie uns hierf\u00fcr. Sie k\u00f6nnen Ihre Beschwerde auch bei der Autoriteit Persoonsgegevens einreichen. Nat\u00fcrlich hoffen wir, dass es nicht dazu kommt, aber im schlimmsten Fall k\u00f6nnen Sie auch vor Gericht gehen. In diesem Fall wird das n\u00e4chstgelegene Gericht am Standort von Marenland Winsum B.V. Ihre Beschwerde behandeln.     <br\/><\/p>\n\n<p><strong>Wie reiche ich einen Antrag oder eine Beschwerde ein?<\/strong><br\/>Senden Sie Ihren Antrag oder Ihre Beschwerde an uns via info@marenland.nl. Wir bearbeiten Ihren Antrag oder Ihre Beschwerde innerhalb von 30 Tagen. Wenn es sich um mehrere Antr\u00e4ge oder Beschwerden handelt oder Ihr Antrag oder Ihre Beschwerde komplex ist, kann dies mehr Zeit in Anspruch nehmen. In diesem Fall kontaktieren wir Sie sp\u00e4testens innerhalb von 60 Tagen. Wir k\u00f6nnen Sie bitten, sich zu identifizieren. In diesem Fall fragen wir nach Ihren Daten, um sicherzustellen, dass Sie die richtige Person sind, deren personenbezogene Daten es sind.     <\/p>\n\n<ol class=\"wp-block-list\" start=\"10\">\n<li><\/li>\n<\/ol>\n\n<p>12. Welche Regeln gelten f\u00fcr diese Datenschutzerkl\u00e4rung?<\/p>\n\n<p>Unsere Datenschutzerkl\u00e4rung muss verschiedenen Bedingungen entsprechen. Diese Bedingungen finden Sie haupts\u00e4chlich in der Datenschutz-Grundverordnung. Dar\u00fcber hinaus gelten die allgemeinen Regeln, die nach niederl\u00e4ndischem Recht gelten, f\u00fcr unsere Datenschutzerkl\u00e4rung.  <\/p>\n\n<p>13. Welche Cookies verwenden wir?<\/p>\n\n<p>Sie k\u00f6nnen angeben, welche Daten wir von Ihnen verwenden d\u00fcrfen. Wenn Sie uns die Erlaubnis gegeben haben, Ihr Profil basierend auf Ihrem Surf- und Suchverhalten zu personalisieren, k\u00f6nnen wir unsere Website speziell auf Sie abstimmen, sodass deren Nutzung einfacher und pers\u00f6nlicher wird. Wir tun dies mit Hilfe von Cookies. Ein Cookie ist eine kleine Textdatei, die bei Ihrem Besuch auf unserer Website auf Ihrem Ger\u00e4t (zum Beispiel Laptop, Tablet oder Telefon) abgelegt wird.   <\/p>\n\n<p>Wir verwenden die folgenden Arten von Cookies auf unserer Website:<\/p>\n\n<ol class=\"wp-block-list\" start=\"12\">\n<li><\/li>\n<\/ol>\n\n<ul class=\"wp-block-list\">\n<li>Funktionale Cookies, wie Sitzungs- und Login-Cookies zum Speichern von Sitzungs- und Login-Informationen<\/li>\n\n\n\n<li>Anonymisierte analytische Cookies, um Einblick in den Besuch unserer Website basierend auf Informationen \u00fcber Besucherzahlen, beliebte Seiten und beliebte Themen zu erhalten<\/li>\n\n\n\n<li>Nicht-anonymisierte analytische Cookies, um Einblick in den Besuch unserer Website basierend auf Informationen \u00fcber Besucherzahlen, beliebte Seiten und beliebte Themen zu erhalten<\/li>\n\n\n\n<li>Tracking-Cookies wie Werbe-Cookies, die dazu dienen, relevante Anzeigen zu zeigen. Konkret verwenden wir die folgenden Cookies:<\/li>\n\n\n\n<li>Google Analytics anonymisiert (analytische Cookies) \u2022 Google Analytics (analytisches Cookie)<\/li>\n\n\n\n<li>Facebook (Tracking-Cookie)<\/li>\n\n\n\n<li>Google Adwords (Tracking-Cookie)<\/li>\n<\/ul>\n\n<p>14. Was machen wir mit Daten von Minderj\u00e4hrigen?<\/p>\n\n<p>Wir richten uns mit unserer Website oder als Organisation nicht speziell an Minderj\u00e4hrige. Das bedeutet, dass Sie, wenn Sie unter 18 sind, die Erlaubnis eines Elternteils oder Erziehungsberechtigten ben\u00f6tigen, um unsere Website zu nutzen. Wenn Sie bei Ihrem Besuch unserer Website oder unseres Webshops minderj\u00e4hrig sind, gehen wir davon aus, dass Sie diese Erlaubnis f\u00fcr Ihren Besuch erhalten haben.  <\/p>\n\n<p>15. Haben Sie eine Frage zu dieser Datenschutzerkl\u00e4rung?<\/p>\n\n<p>Haben Sie eine Frage zu unserer Datenschutzerkl\u00e4rung? Kontaktieren Sie uns gerne, indem Sie eine E-Mail an info@marenland.nl senden. Wir helfen Ihnen gerne weiter.  <\/p>\n\n<ol class=\"wp-block-list\" start=\"12\">\n<li><\/li>\n<\/ol>\n","protected":false},"excerpt":{"rendered":"<p>Inhaltsverzeichnis 1. Wann gilt diese Datenschutzerkl\u00e4rung? Diese Datenschutzerkl\u00e4rung gilt f\u00fcr alle personenbezogenen Daten, die wir verarbeiten, und alle Domains, die mit uns in Verbindung stehen. Es geht um die personenbezogenen Daten aller, die jemals Kontakt mit uns hatten oder unsere Website besucht haben, wie Besucher, Kunden und Gesch\u00e4ftskontakte. Personenbezogene Daten sind alle Daten, die auf [&hellip;]<\/p>\n","protected":false},"author":1,"featured_media":0,"parent":0,"menu_order":217,"comment_status":"closed","ping_status":"closed","template":"","meta":{"_acf_changed":false,"footnotes":""},"class_list":["post-2745","page","type-page","status-publish","hentry"],"acf":[],"yoast_head":"<!-- This site is optimized with the Yoast SEO plugin v24.2 - https:\/\/yoast.com\/wordpress\/plugins\/seo\/ -->\n<title>Datenschutz - Marenland Winsum<\/title>\n<meta name=\"description\" content=\"Auf dieser Seite k\u00f6nnen Sie nachlesen, wie wir mit personenbezogenen Daten umgehen.\" \/>\n<meta name=\"robots\" content=\"index, follow, max-snippet:-1, max-image-preview:large, max-video-preview:-1\" \/>\n<link rel=\"canonical\" href=\"https:\/\/marenland.nl\/de\/privacy\/\" \/>\n<meta property=\"og:locale\" content=\"de_DE\" \/>\n<meta property=\"og:type\" content=\"article\" \/>\n<meta property=\"og:title\" content=\"Datenschutz - Marenland Winsum\" \/>\n<meta property=\"og:description\" content=\"Auf dieser Seite k\u00f6nnen Sie nachlesen, wie wir mit personenbezogenen Daten umgehen.\" \/>\n<meta property=\"og:url\" content=\"https:\/\/marenland.nl\/de\/privacy\/\" \/>\n<meta property=\"og:site_name\" content=\"Marenland\" \/>\n<meta property=\"article:modified_time\" content=\"2024-06-19T19:33:02+00:00\" \/>\n<meta name=\"twitter:card\" content=\"summary_large_image\" \/>\n<meta name=\"twitter:label1\" content=\"Est. reading time\" \/>\n\t<meta name=\"twitter:data1\" content=\"7 minutes\" \/>\n<script type=\"application\/ld+json\" class=\"yoast-schema-graph\">{\"@context\":\"https:\/\/schema.org\",\"@graph\":[{\"@type\":\"WebPage\",\"@id\":\"https:\/\/marenland.nl\/de\/privacy\/\",\"url\":\"https:\/\/marenland.nl\/de\/privacy\/\",\"name\":\"Datenschutz - Marenland Winsum\",\"isPartOf\":{\"@id\":\"https:\/\/marenland.nl\/de\/#website\"},\"datePublished\":\"2024-02-29T14:00:11+00:00\",\"dateModified\":\"2024-06-19T19:33:02+00:00\",\"description\":\"Auf dieser Seite k\u00f6nnen Sie nachlesen, wie wir mit personenbezogenen Daten umgehen.\",\"breadcrumb\":{\"@id\":\"https:\/\/marenland.nl\/de\/privacy\/#breadcrumb\"},\"inLanguage\":\"de-DE\",\"potentialAction\":[{\"@type\":\"ReadAction\",\"target\":[\"https:\/\/marenland.nl\/de\/privacy\/\"]}]},{\"@type\":\"BreadcrumbList\",\"@id\":\"https:\/\/marenland.nl\/de\/privacy\/#breadcrumb\",\"itemListElement\":[{\"@type\":\"ListItem\",\"position\":1,\"name\":\"Home\",\"item\":\"https:\/\/marenland.nl\/de\/\"},{\"@type\":\"ListItem\",\"position\":2,\"name\":\"Datenschutz\"}]},{\"@type\":\"WebSite\",\"@id\":\"https:\/\/marenland.nl\/de\/#website\",\"url\":\"https:\/\/marenland.nl\/de\/\",\"name\":\"Marenland\",\"description\":\"Slapen, Eten en Recre\u00ebren\",\"potentialAction\":[{\"@type\":\"SearchAction\",\"target\":{\"@type\":\"EntryPoint\",\"urlTemplate\":\"https:\/\/marenland.nl\/de\/?s={search_term_string}\"},\"query-input\":{\"@type\":\"PropertyValueSpecification\",\"valueRequired\":true,\"valueName\":\"search_term_string\"}}],\"inLanguage\":\"de-DE\"}]}<\/script>\n<!-- \/ Yoast SEO plugin. -->","yoast_head_json":{"title":"Datenschutz - Marenland Winsum","description":"Auf dieser Seite k\u00f6nnen Sie nachlesen, wie wir mit personenbezogenen Daten umgehen.","robots":{"index":"index","follow":"follow","max-snippet":"max-snippet:-1","max-image-preview":"max-image-preview:large","max-video-preview":"max-video-preview:-1"},"canonical":"https:\/\/marenland.nl\/de\/privacy\/","og_locale":"de_DE","og_type":"article","og_title":"Datenschutz - Marenland Winsum","og_description":"Auf dieser Seite k\u00f6nnen Sie nachlesen, wie wir mit personenbezogenen Daten umgehen.","og_url":"https:\/\/marenland.nl\/de\/privacy\/","og_site_name":"Marenland","article_modified_time":"2024-06-19T19:33:02+00:00","twitter_card":"summary_large_image","twitter_misc":{"Est. reading time":"7 minutes"},"schema":{"@context":"https:\/\/schema.org","@graph":[{"@type":"WebPage","@id":"https:\/\/marenland.nl\/de\/privacy\/","url":"https:\/\/marenland.nl\/de\/privacy\/","name":"Datenschutz - Marenland Winsum","isPartOf":{"@id":"https:\/\/marenland.nl\/de\/#website"},"datePublished":"2024-02-29T14:00:11+00:00","dateModified":"2024-06-19T19:33:02+00:00","description":"Auf dieser Seite k\u00f6nnen Sie nachlesen, wie wir mit personenbezogenen Daten umgehen.","breadcrumb":{"@id":"https:\/\/marenland.nl\/de\/privacy\/#breadcrumb"},"inLanguage":"de-DE","potentialAction":[{"@type":"ReadAction","target":["https:\/\/marenland.nl\/de\/privacy\/"]}]},{"@type":"BreadcrumbList","@id":"https:\/\/marenland.nl\/de\/privacy\/#breadcrumb","itemListElement":[{"@type":"ListItem","position":1,"name":"Home","item":"https:\/\/marenland.nl\/de\/"},{"@type":"ListItem","position":2,"name":"Datenschutz"}]},{"@type":"WebSite","@id":"https:\/\/marenland.nl\/de\/#website","url":"https:\/\/marenland.nl\/de\/","name":"Marenland","description":"Slapen, Eten en Recre\u00ebren","potentialAction":[{"@type":"SearchAction","target":{"@type":"EntryPoint","urlTemplate":"https:\/\/marenland.nl\/de\/?s={search_term_string}"},"query-input":{"@type":"PropertyValueSpecification","valueRequired":true,"valueName":"search_term_string"}}],"inLanguage":"de-DE"}]}},"_links":{"self":[{"href":"https:\/\/marenland.nl\/de\/wp-json\/wp\/v2\/pages\/2745","targetHints":{"allow":["GET"]}}],"collection":[{"href":"https:\/\/marenland.nl\/de\/wp-json\/wp\/v2\/pages"}],"about":[{"href":"https:\/\/marenland.nl\/de\/wp-json\/wp\/v2\/types\/page"}],"author":[{"embeddable":true,"href":"https:\/\/marenland.nl\/de\/wp-json\/wp\/v2\/users\/1"}],"replies":[{"embeddable":true,"href":"https:\/\/marenland.nl\/de\/wp-json\/wp\/v2\/comments?post=2745"}],"version-history":[{"count":16,"href":"https:\/\/marenland.nl\/de\/wp-json\/wp\/v2\/pages\/2745\/revisions"}],"predecessor-version":[{"id":4067,"href":"https:\/\/marenland.nl\/de\/wp-json\/wp\/v2\/pages\/2745\/revisions\/4067"}],"wp:attachment":[{"href":"https:\/\/marenland.nl\/de\/wp-json\/wp\/v2\/media?parent=2745"}],"curies":[{"name":"wp","href":"https:\/\/api.w.org\/{rel}","templated":true}]}}