{"id":3031,"date":"2024-05-30T16:17:46","date_gmt":"2024-05-30T14:17:46","guid":{"rendered":"https:\/\/marenland.nl\/?page_id=3031"},"modified":"2024-06-18T21:15:25","modified_gmt":"2024-06-18T19:15:25","slug":"highland-games-3","status":"publish","type":"page","link":"https:\/\/marenland.nl\/de\/activiteiten\/highland-games-3\/","title":{"rendered":"Disc Golf"},"content":{"rendered":"\n<header class=\"content-block content-block--header lg:grid lg:grid-cols-[minmax(theme(spacing.6),1fr)_minmax(0,41.25rem)_minmax(0,41.25rem)_minmax(theme(spacing.6),1fr)] rounded-b-content-block overflow-hidden shadow\">\n    <div class=\"lg:col-span-2 grid grid-cols-[subgrid] px-6 lg:pl-0 pb-11 pt-28 lg:pt-[9.5rem] lg:pb-28 text-white relative before:pattern before:absolute before:inset-0 before:bg-green-dark\/[8%] bg-sage\">\n        <div class=\"lg:col-start-2 relative lg:max-w-[34rem]\">\n            <div class=\"breadcrumbs text-white mb-8 lg:mb-11\">\n    <span><span><a href=\"https:\/\/marenland.nl\/de\/\">Home<\/a><\/span><\/span><\/div>\n            \n            <h1>Disc Golf<\/h1>\n\n            <div class=\"content content--no-px mt-8 lg:mt-10 content--lead\"><p>Disc Golf wird wie traditionelles Golf gespielt. Anstatt einen Ball zu schlagen, wirft der Spieler eine Scheibe vom Abschlag in Richtung des Metallkorbs. Es ist eine lustige und entspannende Aktivit\u00e4t.  <\/p>\n<\/div>\n\n                    <\/div>\n    <\/div>\n\n            <div class=\"lg:col-span-2 relative hidden lg:block\">\n            <img decoding=\"async\" width=\"350\" height=\"235\" src=\"https:\/\/marenland.nl\/app\/uploads\/2024\/05\/marenland-recreatie-_disc-golf-marenland-winsum-kids-activiteit_3_350_235.jpg\" class=\"object-cover absolute inset-0 size-full\" alt=\"\" loading=\"lazy\" sizes=\"50vw\" srcset=\"https:\/\/marenland.nl\/app\/uploads\/2024\/05\/marenland-recreatie-_disc-golf-marenland-winsum-kids-activiteit_3_350_235.jpg 350w, https:\/\/marenland.nl\/app\/uploads\/2024\/05\/marenland-recreatie-_disc-golf-marenland-winsum-kids-activiteit_3_350_235-300x201.jpg 300w\" \/>        <\/div>\n    <\/header>\n    <section class=\"content-block content-block--usps px-6 bg-sage-light shadow rounded-content-block py-12 my-12 lg:my-[7.5rem] [.content-block--header+&#038;]:rounded-t-none [.content-block--header+&#038;]:pt-[calc(theme(spacing.10)+theme(spacing.content-block))] lg:[.content-block--header+&#038;]:pt-[calc(theme(spacing.12)+theme(spacing.content-block))] [.content-block--header+&#038;]:-mt-content-block\">\n        <ul class=\"max-w-[68.25rem] mx-auto flex flex-col lg:flex-row gap-x-8 gap-y-6 justify-between\">\n                            <li data-aos=\"fade-up\" class=\"grid grid-cols-[3.25rem_auto] items-center gap-x-9 lg:gap-x-7\">\n                    <div class=\"aspect-square bg-zomp\/20 rounded-full flex items-center justify-center\">\n                        <img decoding=\"async\" width=\"1\" height=\"1\" src=\"https:\/\/marenland.nl\/app\/uploads\/2024\/04\/iconen_marenland_single_color_40.svg\" class=\"aspect-square w-6 object-contain\" alt=\"\" loading=\"lazy\" \/>                    <\/div>\n                    <p class=\"text-midnight font-medium -lg:text-btn lg:max-w-64\">Sport en spel<\/p>\n                <\/li>\n                            <li data-aos=\"fade-up\" class=\"grid grid-cols-[3.25rem_auto] items-center gap-x-9 lg:gap-x-7\">\n                    <div class=\"aspect-square bg-zomp\/20 rounded-full flex items-center justify-center\">\n                        <img decoding=\"async\" width=\"1\" height=\"1\" src=\"https:\/\/marenland.nl\/app\/uploads\/2024\/04\/iconen_marenland_single_color_4.svg\" class=\"aspect-square w-6 object-contain\" alt=\"\" loading=\"lazy\" \/>                    <\/div>\n                    <p class=\"text-midnight font-medium -lg:text-btn lg:max-w-64\">Actief &#038; Ontspannen<\/p>\n                <\/li>\n                            <li data-aos=\"fade-up\" class=\"grid grid-cols-[3.25rem_auto] items-center gap-x-9 lg:gap-x-7\">\n                    <div class=\"aspect-square bg-zomp\/20 rounded-full flex items-center justify-center\">\n                        <img decoding=\"async\" width=\"1\" height=\"1\" src=\"https:\/\/marenland.nl\/app\/uploads\/2024\/04\/iconen_marenland_single_color_27.svg\" class=\"aspect-square w-6 object-contain\" alt=\"\" loading=\"lazy\" \/>                    <\/div>\n                    <p class=\"text-midnight font-medium -lg:text-btn lg:max-w-64\">Groepsactiviteit<\/p>\n                <\/li>\n                    <\/ul>\n    <\/section>\n\n<section class=\"content-block content-block--media-text grid items-center my-12 lg:my-[7.5rem] has-[+&#038;]:mb-0 [&#038;+&#038;]:mt-11 lg:[&#038;+&#038;]:mt-14  media-text--left\">\n    <div class=\"media-text__media size-full overflow-hidden shadow has-[media-player]:!aspect-video has-[media-player]:h-auto aspect-[369\/218] lg:aspect-[740\/412] -lg:max-w-[calc(100%-theme(spacing.6))]\">\n                                    <img decoding=\"async\" width=\"1500\" height=\"1000\" src=\"https:\/\/marenland.nl\/app\/uploads\/2024\/05\/Disk_Golf_Winsum_Marenland_Recreatie_disks.jpeg\" class=\"object-cover size-full\" alt=\"\" loading=\"lazy\" srcset=\"https:\/\/marenland.nl\/app\/uploads\/2024\/05\/Disk_Golf_Winsum_Marenland_Recreatie_disks.jpeg 1500w, https:\/\/marenland.nl\/app\/uploads\/2024\/05\/Disk_Golf_Winsum_Marenland_Recreatie_disks-300x200.jpeg 300w, https:\/\/marenland.nl\/app\/uploads\/2024\/05\/Disk_Golf_Winsum_Marenland_Recreatie_disks-1024x683.jpeg 1024w, https:\/\/marenland.nl\/app\/uploads\/2024\/05\/Disk_Golf_Winsum_Marenland_Recreatie_disks-768x512.jpeg 768w\" sizes=\"(max-width: 1500px) 100vw, 1500px\" \/>                        <\/div>\n    <div class=\"media-text__text lg:max-w-[33.25rem] -lg:mt-8\">\n        <div class=\"-lg:px-6\">\n            <div data-aos=\"fade-up\">\n                <h2 class=\"text-h3\">Gut zu wissen<\/h2>                <div class=\"content content--max content--no-px mt-6 \"><p>Ziel des Spiels ist es, jedes Loch mit so wenigen W\u00fcrfen wie m\u00f6glich zu absolvieren. Der Spieler mit den wenigsten W\u00fcrfen f\u00fcr den Parcours ist der Gewinner. Bei uns k\u00f6nnen Sie ein Set mit Scheiben mieten. Sie erhalten auch eine Scorekarte und eine kurze Anleitung, wie Sie die besten W\u00fcrfe machen. Gut aufpassen! Wichtige Hinweise: <\/p>\n<ul>\n<li>Bei Verlust der Scheibe zahlen Sie \u20ac10 pro Scheibe.<\/li>\n<li>Achten Sie darauf, feste Schuhe oder Stiefel zu tragen, da Sie auf unebenem Gel\u00e4nde spielen, das schlammig und stachelig sein kann.<\/li>\n<li>Bei Marenland k\u00f6nnen Sie einen Stock abholen, um gegebenenfalls eine Scheibe aus dem Wasser zu holen.<\/li>\n<li>Spielen Sie mit maximal 4 Personen pro Loch, wenn Sie also zu acht sind, ist es am besten, in 2 Gruppen zu spielen.<\/li>\n<li>Es wird nicht empfohlen, dieses Spiel zu spielen, wenn Sie mobilit\u00e4tseingeschr\u00e4nkt sind.<\/li>\n<li>Der Discgolfplatz ist nur einen Steinwurf vom Gel\u00e4nde von Marenland entfernt, direkt neben VV Winsum. <\/li>\n<\/ul>\n<\/div>\n                                    <nav class=\"flex items-center flex-wrap gap-2 lg:gap-4 mt-6 lg:mt-10\">\n                        <a class=\"btn btn--primary \" href=\"https:\/\/marenland.nl\/reserveren\/boot-of-kano-reserveren\/\" target=\"_self\">Online reserveren<\/a><a class=\"btn btn--primary btn--outlined\" href=\"https:\/\/marenland.nl\/contact\/\" target=\"_self\">Neem contact op<\/a>                    <\/nav>\n                            <\/div>\n        <\/div>\n    <\/div>\n<\/section>\n    <section data-aos=\"fade-up\" class=\"content-block content-block--experiences mt-10 mb-9 lg:mt-32 lg:mb-40\">\n        <div class=\"py-8 -my-8 overflow-hidden px-6\">\n            <div class=\"splide max-w-[82.5rem] mx-auto lg:grid gap-x-8 grid-cols-12 \">\n                <h2 class=\"-lg:max-w-[18.625rem] col-span-5\"><\/h2>\n                <div class=\"splide__arrows hidden lg:flex items-center gap-x-2 self-start justify-self-end col-start-11\">\n                    <button class=\"splide__arrow splide__arrow--prev navigation navigation--sage\">\n                        <span class=\"sr-only\">Vorige<\/span>\n                    <\/button>\n                    <button class=\"splide__arrow splide__arrow--next navigation navigation--sage\">\n                        <span class=\"sr-only\">Volgende<\/span>\n                    <\/button>\n                <\/div>\n\n                <div class=\"splide__track !overflow-visible mt-8 lg:mt-16 col-span-full\">\n                    <ul class=\"splide__list !grid grid-flow-col grid-rows-[auto_1fr]\">\n                                                    <li class=\"splide__slide w-[calc(100dvw-theme(space.12))] max-w-[26.125rem] row-start-1 has-[.line-clamp--open]:row-span-2 has-[.line-clamp--closing]:row-span-2\">\n                                <div class=\"bg-sage text-white p-8 pt-10 lg:p-12 lg:pb-10 rounded-[1.875rem] shadow h-full\">\n                                                                            \n<span class=\"inline-flex gap-x-2 *:w-10\" aria-label=\"Bewertet mit 4.0 von 5\" role=\"img\">\n            <i class=\"icon icon--star\" aria-hidden=\"true\"><\/i>\n            <i class=\"icon icon--star\" aria-hidden=\"true\"><\/i>\n            <i class=\"icon icon--star\" aria-hidden=\"true\"><\/i>\n            <i class=\"icon icon--star\" aria-hidden=\"true\"><\/i>\n            <i class=\"icon icon--star-outline\" aria-hidden=\"true\"><\/i>\n    <\/span>                                                                        <h3 class=\"heading--unstyled text-[1.25rem] leading-[1.5] font-medium mt-4\">Leuk voor gezin met pubers<\/h3>\n                                                                            <p class=\"text-body-sm text-green-dark\">Geeske<\/p>\n                                                                        <blockquote class=\"peer\/line-clamp line-clamp line-clamp--clamped [&#038;.line-clamp--open]:max-h-[var(--line-clamp-height-expanded,auto)] max-h-[var(--line-clamp-height)] transition-[max-height] duration-300 overflow-hidden [&#038;.line-clamp--clamped]:[display:-webkit-box] [&#038;.line-clamp--clamped]:[-webkit-box-orient:vertical] [&#038;.line-clamp--clamped]:line-clamp-4 lg:[&#038;.line-clamp--clamped]:line-clamp-3 mt-4 text-[1rem] leading-[1.25] italic\">\n                                        <div class=\"content content--no-px\"><p>Voor een gezin met pubers kan het uitdagend zijn om ze bezig te houden. Maar dit vonden onze jongens toch wel erg leuk om te doen.<\/p>\n<\/div>\n                                    <\/blockquote>\n                                    <button class=\"slide__toggler btn btn--secondary btn--outlined mt-7 lg:mt-8 peer-[.line-clamp--open]\/line-clamp:[&#038;_*:first-child]:hidden peer-[:not(.line-clamp--open)]\/line-clamp:[&#038;_*:last-child]:hidden\">\n                                        <span>Lees meer<\/span>\n                                        <span>Inklappen<\/span>\n                                    <\/button>\n                                <\/div>\n                            <\/li>\n                                                    <li class=\"splide__slide w-[calc(100dvw-theme(space.12))] max-w-[26.125rem] row-start-1 has-[.line-clamp--open]:row-span-2 has-[.line-clamp--closing]:row-span-2\">\n                                <div class=\"bg-sage text-white p-8 pt-10 lg:p-12 lg:pb-10 rounded-[1.875rem] shadow h-full\">\n                                                                            \n<span class=\"inline-flex gap-x-2 *:w-10\" aria-label=\"Bewertet mit 4.5 von 5\" role=\"img\">\n            <i class=\"icon icon--star\" aria-hidden=\"true\"><\/i>\n            <i class=\"icon icon--star\" aria-hidden=\"true\"><\/i>\n            <i class=\"icon icon--star\" aria-hidden=\"true\"><\/i>\n            <i class=\"icon icon--star\" aria-hidden=\"true\"><\/i>\n            <i class=\"icon icon--star-half\" aria-hidden=\"true\"><\/i>\n    <\/span>                                                                        <h3 class=\"heading--unstyled text-[1.25rem] leading-[1.5] font-medium mt-4\">Mooi als teambuilding<\/h3>\n                                                                            <p class=\"text-body-sm text-green-dark\">Bedrijf<\/p>\n                                                                        <blockquote class=\"peer\/line-clamp line-clamp line-clamp--clamped [&#038;.line-clamp--open]:max-h-[var(--line-clamp-height-expanded,auto)] max-h-[var(--line-clamp-height)] transition-[max-height] duration-300 overflow-hidden [&#038;.line-clamp--clamped]:[display:-webkit-box] [&#038;.line-clamp--clamped]:[-webkit-box-orient:vertical] [&#038;.line-clamp--clamped]:line-clamp-4 lg:[&#038;.line-clamp--clamped]:line-clamp-3 mt-4 text-[1rem] leading-[1.25] italic\">\n                                        <div class=\"content content--no-px\"><p>We zochten iets dat ons als team weer dichter bij elkaar bracht, zonder dat we zelf een heel programma hoefden te verzinnen. Marenland dacht gelijk met ons mee en kwam met de Highland Games<\/p>\n<p>De Highland games zorgden er gelijk voor dat iedereen uit de dagelijkse sleur kwam. Naderhand hebben we genoten van de compleet verzorgde barbecue, puur genieten.<\/p>\n<\/div>\n                                    <\/blockquote>\n                                    <button class=\"slide__toggler btn btn--secondary btn--outlined mt-7 lg:mt-8 peer-[.line-clamp--open]\/line-clamp:[&#038;_*:first-child]:hidden peer-[:not(.line-clamp--open)]\/line-clamp:[&#038;_*:last-child]:hidden\">\n                                        <span>Lees meer<\/span>\n                                        <span>Inklappen<\/span>\n                                    <\/button>\n                                <\/div>\n                            <\/li>\n                                                    <li class=\"splide__slide w-[calc(100dvw-theme(space.12))] max-w-[26.125rem] row-start-1 has-[.line-clamp--open]:row-span-2 has-[.line-clamp--closing]:row-span-2\">\n                                <div class=\"bg-sage text-white p-8 pt-10 lg:p-12 lg:pb-10 rounded-[1.875rem] shadow h-full\">\n                                                                            \n<span class=\"inline-flex gap-x-2 *:w-10\" aria-label=\"Bewertet mit 4.5 von 5\" role=\"img\">\n            <i class=\"icon icon--star\" aria-hidden=\"true\"><\/i>\n            <i class=\"icon icon--star\" aria-hidden=\"true\"><\/i>\n            <i class=\"icon icon--star\" aria-hidden=\"true\"><\/i>\n            <i class=\"icon icon--star\" aria-hidden=\"true\"><\/i>\n            <i class=\"icon icon--star-half\" aria-hidden=\"true\"><\/i>\n    <\/span>                                                                        <h3 class=\"heading--unstyled text-[1.25rem] leading-[1.5] font-medium mt-4\">Personeelsfeest<\/h3>\n                                                                            <p class=\"text-body-sm text-green-dark\">Compleet ontzorgd en heerlijk genoten <\/p>\n                                                                        <blockquote class=\"peer\/line-clamp line-clamp line-clamp--clamped [&#038;.line-clamp--open]:max-h-[var(--line-clamp-height-expanded,auto)] max-h-[var(--line-clamp-height)] transition-[max-height] duration-300 overflow-hidden [&#038;.line-clamp--clamped]:[display:-webkit-box] [&#038;.line-clamp--clamped]:[-webkit-box-orient:vertical] [&#038;.line-clamp--clamped]:line-clamp-4 lg:[&#038;.line-clamp--clamped]:line-clamp-3 mt-4 text-[1rem] leading-[1.25] italic\">\n                                        <div class=\"content content--no-px\"><p>Na \u00e9\u00e9n telefoontje konden we de regie van ons ideale personeelsfeest volledig uit handen geven. Iedereen genoot zichtbaar van begin tot eind!<\/p>\n<\/div>\n                                    <\/blockquote>\n                                    <button class=\"slide__toggler btn btn--secondary btn--outlined mt-7 lg:mt-8 peer-[.line-clamp--open]\/line-clamp:[&#038;_*:first-child]:hidden peer-[:not(.line-clamp--open)]\/line-clamp:[&#038;_*:last-child]:hidden\">\n                                        <span>Lees meer<\/span>\n                                        <span>Inklappen<\/span>\n                                    <\/button>\n                                <\/div>\n                            <\/li>\n                                            <\/ul>\n                <\/div>\n\n                <ul class=\"splide__pagination !mt-6 lg:hidden col-span-full\"><\/ul>\n            <\/div>\n        <\/div>\n    <\/section>\n","protected":false},"excerpt":{"rendered":"<p>Disc Golf wird wie traditionelles Golf gespielt. Anstatt einen Ball zu schlagen, wirft der Spieler eine Scheibe vom Abschlag in Richtung des Metallkorbs. Es ist eine lustige und entspannende Aktivit\u00e4t.<\/p>\n","protected":false},"author":3,"featured_media":3035,"parent":2685,"menu_order":103,"comment_status":"closed","ping_status":"closed","template":"","meta":{"_acf_changed":false,"footnotes":""},"class_list":["post-3031","page","type-page","status-publish","has-post-thumbnail","hentry"],"acf":[],"yoast_head":"<!-- This site is optimized with the Yoast SEO plugin v24.2 - https:\/\/yoast.com\/wordpress\/plugins\/seo\/ -->\n<title>Erleben Disc Golf - Marenland Winsum<\/title>\n<meta name=\"description\" content=\"Erleben Sie Disc Golf bei Marenland! Herausfordernd und sehr unterhaltsam! Reservieren Sie direkt online oder schauen Sie f\u00fcr weitere Informationen.\" \/>\n<meta name=\"robots\" content=\"index, follow, max-snippet:-1, max-image-preview:large, max-video-preview:-1\" \/>\n<link rel=\"canonical\" href=\"https:\/\/marenland.nl\/de\/activiteiten\/highland-games-3\/\" \/>\n<meta property=\"og:locale\" content=\"de_DE\" \/>\n<meta property=\"og:type\" content=\"article\" \/>\n<meta property=\"og:title\" content=\"Erleben Disc Golf - Marenland Winsum\" \/>\n<meta property=\"og:description\" content=\"Erleben Sie Disc Golf bei Marenland! Herausfordernd und sehr unterhaltsam! Reservieren Sie direkt online oder schauen Sie f\u00fcr weitere Informationen.\" \/>\n<meta property=\"og:url\" content=\"https:\/\/marenland.nl\/de\/activiteiten\/highland-games-3\/\" \/>\n<meta property=\"og:site_name\" content=\"Marenland\" \/>\n<meta property=\"article:modified_time\" content=\"2024-06-18T19:15:25+00:00\" \/>\n<meta property=\"og:image\" content=\"https:\/\/marenland.nl\/app\/uploads\/2024\/05\/marenland-recreatie-_disc-golf-marenland-winsum-kids-activiteit_3_350_235.jpg\" \/>\n\t<meta property=\"og:image:width\" content=\"350\" \/>\n\t<meta property=\"og:image:height\" content=\"235\" \/>\n\t<meta property=\"og:image:type\" content=\"image\/jpeg\" \/>\n<meta name=\"twitter:card\" content=\"summary_large_image\" \/>\n<script type=\"application\/ld+json\" class=\"yoast-schema-graph\">{\"@context\":\"https:\/\/schema.org\",\"@graph\":[{\"@type\":\"WebPage\",\"@id\":\"https:\/\/marenland.nl\/de\/activiteiten\/highland-games-3\/\",\"url\":\"https:\/\/marenland.nl\/de\/activiteiten\/highland-games-3\/\",\"name\":\"Erleben Disc Golf - Marenland Winsum\",\"isPartOf\":{\"@id\":\"https:\/\/marenland.nl\/de\/#website\"},\"primaryImageOfPage\":{\"@id\":\"https:\/\/marenland.nl\/de\/activiteiten\/highland-games-3\/#primaryimage\"},\"image\":{\"@id\":\"https:\/\/marenland.nl\/de\/activiteiten\/highland-games-3\/#primaryimage\"},\"thumbnailUrl\":\"https:\/\/marenland.nl\/app\/uploads\/2024\/05\/marenland-recreatie-_disc-golf-marenland-winsum-kids-activiteit_3_350_235.jpg\",\"datePublished\":\"2024-05-30T14:17:46+00:00\",\"dateModified\":\"2024-06-18T19:15:25+00:00\",\"description\":\"Erleben Sie Disc Golf bei Marenland! Herausfordernd und sehr unterhaltsam! Reservieren Sie direkt online oder schauen Sie f\u00fcr weitere Informationen.\",\"breadcrumb\":{\"@id\":\"https:\/\/marenland.nl\/de\/activiteiten\/highland-games-3\/#breadcrumb\"},\"inLanguage\":\"de-DE\",\"potentialAction\":[{\"@type\":\"ReadAction\",\"target\":[\"https:\/\/marenland.nl\/de\/activiteiten\/highland-games-3\/\"]}]},{\"@type\":\"ImageObject\",\"inLanguage\":\"de-DE\",\"@id\":\"https:\/\/marenland.nl\/de\/activiteiten\/highland-games-3\/#primaryimage\",\"url\":\"https:\/\/marenland.nl\/app\/uploads\/2024\/05\/marenland-recreatie-_disc-golf-marenland-winsum-kids-activiteit_3_350_235.jpg\",\"contentUrl\":\"https:\/\/marenland.nl\/app\/uploads\/2024\/05\/marenland-recreatie-_disc-golf-marenland-winsum-kids-activiteit_3_350_235.jpg\",\"width\":350,\"height\":235},{\"@type\":\"BreadcrumbList\",\"@id\":\"https:\/\/marenland.nl\/de\/activiteiten\/highland-games-3\/#breadcrumb\",\"itemListElement\":[{\"@type\":\"ListItem\",\"position\":1,\"name\":\"Home\",\"item\":\"https:\/\/marenland.nl\/de\/\"},{\"@type\":\"ListItem\",\"position\":2,\"name\":\"Aktivit\u00e4ten\",\"item\":\"https:\/\/marenland.nl\/de\/activiteiten\/\"},{\"@type\":\"ListItem\",\"position\":3,\"name\":\"Disc Golf\"}]},{\"@type\":\"WebSite\",\"@id\":\"https:\/\/marenland.nl\/de\/#website\",\"url\":\"https:\/\/marenland.nl\/de\/\",\"name\":\"Marenland\",\"description\":\"Slapen, Eten en Recre\u00ebren\",\"potentialAction\":[{\"@type\":\"SearchAction\",\"target\":{\"@type\":\"EntryPoint\",\"urlTemplate\":\"https:\/\/marenland.nl\/de\/?s={search_term_string}\"},\"query-input\":{\"@type\":\"PropertyValueSpecification\",\"valueRequired\":true,\"valueName\":\"search_term_string\"}}],\"inLanguage\":\"de-DE\"}]}<\/script>\n<!-- \/ Yoast SEO plugin. -->","yoast_head_json":{"title":"Erleben Disc Golf - Marenland Winsum","description":"Erleben Sie Disc Golf bei Marenland! Herausfordernd und sehr unterhaltsam! Reservieren Sie direkt online oder schauen Sie f\u00fcr weitere Informationen.","robots":{"index":"index","follow":"follow","max-snippet":"max-snippet:-1","max-image-preview":"max-image-preview:large","max-video-preview":"max-video-preview:-1"},"canonical":"https:\/\/marenland.nl\/de\/activiteiten\/highland-games-3\/","og_locale":"de_DE","og_type":"article","og_title":"Erleben Disc Golf - Marenland Winsum","og_description":"Erleben Sie Disc Golf bei Marenland! Herausfordernd und sehr unterhaltsam! Reservieren Sie direkt online oder schauen Sie f\u00fcr weitere Informationen.","og_url":"https:\/\/marenland.nl\/de\/activiteiten\/highland-games-3\/","og_site_name":"Marenland","article_modified_time":"2024-06-18T19:15:25+00:00","og_image":[{"width":350,"height":235,"url":"https:\/\/marenland.nl\/app\/uploads\/2024\/05\/marenland-recreatie-_disc-golf-marenland-winsum-kids-activiteit_3_350_235.jpg","type":"image\/jpeg"}],"twitter_card":"summary_large_image","schema":{"@context":"https:\/\/schema.org","@graph":[{"@type":"WebPage","@id":"https:\/\/marenland.nl\/de\/activiteiten\/highland-games-3\/","url":"https:\/\/marenland.nl\/de\/activiteiten\/highland-games-3\/","name":"Erleben Disc Golf - Marenland Winsum","isPartOf":{"@id":"https:\/\/marenland.nl\/de\/#website"},"primaryImageOfPage":{"@id":"https:\/\/marenland.nl\/de\/activiteiten\/highland-games-3\/#primaryimage"},"image":{"@id":"https:\/\/marenland.nl\/de\/activiteiten\/highland-games-3\/#primaryimage"},"thumbnailUrl":"https:\/\/marenland.nl\/app\/uploads\/2024\/05\/marenland-recreatie-_disc-golf-marenland-winsum-kids-activiteit_3_350_235.jpg","datePublished":"2024-05-30T14:17:46+00:00","dateModified":"2024-06-18T19:15:25+00:00","description":"Erleben Sie Disc Golf bei Marenland! Herausfordernd und sehr unterhaltsam! Reservieren Sie direkt online oder schauen Sie f\u00fcr weitere Informationen.","breadcrumb":{"@id":"https:\/\/marenland.nl\/de\/activiteiten\/highland-games-3\/#breadcrumb"},"inLanguage":"de-DE","potentialAction":[{"@type":"ReadAction","target":["https:\/\/marenland.nl\/de\/activiteiten\/highland-games-3\/"]}]},{"@type":"ImageObject","inLanguage":"de-DE","@id":"https:\/\/marenland.nl\/de\/activiteiten\/highland-games-3\/#primaryimage","url":"https:\/\/marenland.nl\/app\/uploads\/2024\/05\/marenland-recreatie-_disc-golf-marenland-winsum-kids-activiteit_3_350_235.jpg","contentUrl":"https:\/\/marenland.nl\/app\/uploads\/2024\/05\/marenland-recreatie-_disc-golf-marenland-winsum-kids-activiteit_3_350_235.jpg","width":350,"height":235},{"@type":"BreadcrumbList","@id":"https:\/\/marenland.nl\/de\/activiteiten\/highland-games-3\/#breadcrumb","itemListElement":[{"@type":"ListItem","position":1,"name":"Home","item":"https:\/\/marenland.nl\/de\/"},{"@type":"ListItem","position":2,"name":"Aktivit\u00e4ten","item":"https:\/\/marenland.nl\/de\/activiteiten\/"},{"@type":"ListItem","position":3,"name":"Disc Golf"}]},{"@type":"WebSite","@id":"https:\/\/marenland.nl\/de\/#website","url":"https:\/\/marenland.nl\/de\/","name":"Marenland","description":"Slapen, Eten en Recre\u00ebren","potentialAction":[{"@type":"SearchAction","target":{"@type":"EntryPoint","urlTemplate":"https:\/\/marenland.nl\/de\/?s={search_term_string}"},"query-input":{"@type":"PropertyValueSpecification","valueRequired":true,"valueName":"search_term_string"}}],"inLanguage":"de-DE"}]}},"_links":{"self":[{"href":"https:\/\/marenland.nl\/de\/wp-json\/wp\/v2\/pages\/3031","targetHints":{"allow":["GET"]}}],"collection":[{"href":"https:\/\/marenland.nl\/de\/wp-json\/wp\/v2\/pages"}],"about":[{"href":"https:\/\/marenland.nl\/de\/wp-json\/wp\/v2\/types\/page"}],"author":[{"embeddable":true,"href":"https:\/\/marenland.nl\/de\/wp-json\/wp\/v2\/users\/3"}],"replies":[{"embeddable":true,"href":"https:\/\/marenland.nl\/de\/wp-json\/wp\/v2\/comments?post=3031"}],"version-history":[{"count":3,"href":"https:\/\/marenland.nl\/de\/wp-json\/wp\/v2\/pages\/3031\/revisions"}],"predecessor-version":[{"id":3999,"href":"https:\/\/marenland.nl\/de\/wp-json\/wp\/v2\/pages\/3031\/revisions\/3999"}],"up":[{"embeddable":true,"href":"https:\/\/marenland.nl\/de\/wp-json\/wp\/v2\/pages\/2685"}],"wp:featuredmedia":[{"embeddable":true,"href":"https:\/\/marenland.nl\/de\/wp-json\/wp\/v2\/media\/3035"}],"wp:attachment":[{"href":"https:\/\/marenland.nl\/de\/wp-json\/wp\/v2\/media?parent=3031"}],"curies":[{"name":"wp","href":"https:\/\/api.w.org\/{rel}","templated":true}]}}