{"id":3850,"date":"2024-05-29T09:26:13","date_gmt":"2024-05-29T07:26:13","guid":{"rendered":"https:\/\/marenland.nl\/nachhaltigkeit\/"},"modified":"2024-06-17T10:41:49","modified_gmt":"2024-06-17T08:41:49","slug":"nachhaltigkeit","status":"publish","type":"page","link":"https:\/\/marenland.nl\/de\/nachhaltigkeit\/","title":{"rendered":"Nachhaltigkeit"},"content":{"rendered":"\n<header class=\"content-block content-block--header lg:grid lg:grid-cols-[minmax(theme(spacing.6),1fr)_minmax(0,41.25rem)_minmax(0,41.25rem)_minmax(theme(spacing.6),1fr)] rounded-b-content-block overflow-hidden shadow\">\n    <div class=\"lg:col-span-2 grid grid-cols-[subgrid] px-6 lg:pl-0 pb-11 pt-28 lg:pt-[9.5rem] lg:pb-28 text-white relative before:pattern before:absolute before:inset-0 before:bg-green-dark\/[8%] bg-sage\">\n        <div class=\"lg:col-start-2 relative lg:max-w-[34rem]\">\n            <div class=\"breadcrumbs text-white mb-8 lg:mb-11\">\n    <span><span><a href=\"https:\/\/marenland.nl\/de\/\">Home<\/a><\/span><\/span><\/div>\n            \n            <h1>Nachhaltigkeit<\/h1>\n\n            <div class=\"content content--no-px mt-8 lg:mt-10 content--lead\"><p>Bei Marenland streben wir in allem, was wir tun, nach Nachhaltigkeit, von unseren Unterk\u00fcnften bis zu unseren Aktivit\u00e4ten. Wir m\u00f6chten sicherstellen, dass Ihr Aufenthalt nicht nur angenehm, sondern auch umweltfreundlich ist. Und das sind keine leeren Worte, wir haben das Green Key Gold-Zertifikat in der Tasche.<\/p>\n<\/div>\n\n                    <\/div>\n    <\/div>\n\n            <div class=\"lg:col-span-2 relative hidden lg:block\">\n            <img decoding=\"async\" width=\"2560\" height=\"1900\" src=\"https:\/\/marenland.nl\/app\/uploads\/2024\/06\/marenland-niels-kooistra-bewerkt-hoge-kwaliteit-37_v3-e1718108581401.jpg\" class=\"object-cover absolute inset-0 size-full\" alt=\"\" loading=\"lazy\" sizes=\"50vw\" \/>        <\/div>\n    <\/header>\n<section class=\"content-block content-block--media-text grid items-center my-12 lg:my-[7.5rem] has-[+&#038;]:mb-0 [&#038;+&#038;]:mt-11 lg:[&#038;+&#038;]:mt-14  media-text--left\">\n    <div class=\"media-text__media size-full overflow-hidden shadow has-[media-player]:!aspect-video has-[media-player]:h-auto aspect-[369\/218] lg:aspect-[740\/412] -lg:max-w-[calc(100%-theme(spacing.6))]\">\n                                    <img decoding=\"async\" width=\"1500\" height=\"1000\" src=\"https:\/\/marenland.nl\/app\/uploads\/2024\/05\/camping-Marenland_Gold_key.jpg\" class=\"object-cover size-full\" alt=\"\" loading=\"lazy\" srcset=\"https:\/\/marenland.nl\/app\/uploads\/2024\/05\/camping-Marenland_Gold_key.jpg 1500w, https:\/\/marenland.nl\/app\/uploads\/2024\/05\/camping-Marenland_Gold_key-300x200.jpg 300w, https:\/\/marenland.nl\/app\/uploads\/2024\/05\/camping-Marenland_Gold_key-1024x683.jpg 1024w, https:\/\/marenland.nl\/app\/uploads\/2024\/05\/camping-Marenland_Gold_key-768x512.jpg 768w\" sizes=\"(max-width: 1500px) 100vw, 1500px\" \/>                        <\/div>\n    <div class=\"media-text__text lg:max-w-[33.25rem] -lg:mt-8\">\n        <div class=\"-lg:px-6\">\n            <div data-aos=\"fade-up\">\n                <h2 class=\"text-h3\">Green Key GOLD<\/h2>                <div class=\"content content--max content--no-px mt-6 \"><p>Wir sind stolz darauf, bekannt zu geben, dass wir den h\u00f6chsten Standard, Gold, f\u00fcr die Green Key Nachhaltigkeitszertifizierung erreicht haben!<\/p>\n<p>Um diese Zertifizierung zu erhalten, muss ein Unternehmen strenge Kriterien erf\u00fcllen, die sich \u00fcber 12 Nachhaltigkeitsthemen erstrecken. Green Key hat drei Stufen: Bronze, Silber und Gold<\/p>\n<p>Die Standards werden von der Stichting KMVK festgelegt und entsprechen den internationalen Standards von Green Key International und FEE International.<\/p>\n<p>Dank unseres Engagements f\u00fcr Nachhaltigkeit haben wir den h\u00f6chsten Standard erreicht. Wir bem\u00fchen uns weiterhin, diesen Standard aufrechtzuerhalten und zu verbessern.<\/p>\n<\/div>\n                            <\/div>\n        <\/div>\n    <\/div>\n<\/section>\n<section class=\"content-block content-block--media-text grid items-center my-12 lg:my-[7.5rem] has-[+&#038;]:mb-0 [&#038;+&#038;]:mt-11 lg:[&#038;+&#038;]:mt-14  media-text--right\">\n    <div class=\"media-text__media size-full overflow-hidden shadow has-[media-player]:!aspect-video has-[media-player]:h-auto aspect-[369\/218] lg:aspect-[740\/412] -lg:max-w-[calc(100%-theme(spacing.6))]\">\n                                    <img decoding=\"async\" width=\"1500\" height=\"844\" src=\"https:\/\/marenland.nl\/app\/uploads\/2024\/05\/marenland-tree-planters.jpg\" class=\"object-cover size-full\" alt=\"\" loading=\"lazy\" srcset=\"https:\/\/marenland.nl\/app\/uploads\/2024\/05\/marenland-tree-planters.jpg 1500w, https:\/\/marenland.nl\/app\/uploads\/2024\/05\/marenland-tree-planters-300x169.jpg 300w, https:\/\/marenland.nl\/app\/uploads\/2024\/05\/marenland-tree-planters-1024x576.jpg 1024w, https:\/\/marenland.nl\/app\/uploads\/2024\/05\/marenland-tree-planters-768x432.jpg 768w\" sizes=\"(max-width: 1500px) 100vw, 1500px\" \/>                        <\/div>\n    <div class=\"media-text__text lg:max-w-[33.25rem] -lg:mt-8\">\n        <div class=\"-lg:px-6\">\n            <div data-aos=\"fade-up\">\n                <h2 class=\"text-h3\">CO<sub>2<\/sub>-Kompensation<\/h2>                <div class=\"content content--max content--no-px mt-6 \"><p>Zun\u00e4chst waren wir gegen\u00fcber der CO<sub>2<\/sub>-Kompensation etwas skeptisch. Doch nach einigen Recherchen stellte sich heraus, dass dies tats\u00e4chlich m\u00f6glich ist!<\/p>\n<p>Dank Wim-Pieter Snoep haben wir mit <a href=\"https:\/\/tree-planters.org\">Tree-Planters<\/a> einen guten Partner gefunden, um zus\u00e4tzlichen CO<sub>2<\/sub>-Aussto\u00df zu kompensieren. Wir werden die einheimische Aufforstung f\u00f6rdern und die Landschaft entlang des wundersch\u00f6nen Tiva-Flusses in Kenia wiederherstellen. Ziel ist es, zum Erhalt der Biodiversit\u00e4t und eines gesunden \u00d6kosystems beizutragen.<\/p>\n<p>Auch in Malawi bauen wir unseren eigenen &#8220;Marenland&#8221;-Wald, und das tun wir nicht alleine, sondern gemeinsam mit unseren gesch\u00e4tzten G\u00e4sten, Lieferanten und Partnern. G\u00e4ste k\u00f6nnen ihre Reise nach Marenland bei der Buchung kompensieren, und Lieferanten helfen dabei, den CO<sub>2<\/sub>-Fu\u00dfabdruck ihrer Lieferungen zu kompensieren!<\/p>\n<\/div>\n                            <\/div>\n        <\/div>\n    <\/div>\n<\/section>\n<section class=\"content-block content-block--media-text grid items-center my-12 lg:my-[7.5rem] has-[+&#038;]:mb-0 [&#038;+&#038;]:mt-11 lg:[&#038;+&#038;]:mt-14  media-text--left\">\n    <div class=\"media-text__media size-full overflow-hidden shadow has-[media-player]:!aspect-video has-[media-player]:h-auto aspect-[369\/218] lg:aspect-[740\/412] -lg:max-w-[calc(100%-theme(spacing.6))]\">\n                                    <img decoding=\"async\" width=\"1500\" height=\"844\" src=\"https:\/\/marenland.nl\/app\/uploads\/2024\/05\/marenland-koploper_blur.jpg\" class=\"object-cover size-full\" alt=\"\" loading=\"lazy\" srcset=\"https:\/\/marenland.nl\/app\/uploads\/2024\/05\/marenland-koploper_blur.jpg 1500w, https:\/\/marenland.nl\/app\/uploads\/2024\/05\/marenland-koploper_blur-300x169.jpg 300w, https:\/\/marenland.nl\/app\/uploads\/2024\/05\/marenland-koploper_blur-1024x576.jpg 1024w, https:\/\/marenland.nl\/app\/uploads\/2024\/05\/marenland-koploper_blur-768x432.jpg 768w\" sizes=\"(max-width: 1500px) 100vw, 1500px\" \/>                        <\/div>\n    <div class=\"media-text__text lg:max-w-[33.25rem] -lg:mt-8\">\n        <div class=\"-lg:px-6\">\n            <div data-aos=\"fade-up\">\n                <h2 class=\"text-h3\">Die Koplopersproject<\/h2>                <div class=\"content content--max content--no-px mt-6 \"><p>Wir haben uns dem Koplopersprojekt \u00fcber die <a href=\"https:\/\/www.linkedin.com\/company\/gemeente-het-hogeland\/\">Gemeinde Het Hogeland<\/a> angeschlossen. Dabei b\u00fcndeln wir unsere Kr\u00e4fte mit anderen fortschrittlichen Unternehmen der Region, um positive Ver\u00e4nderungen zu bewirken.<\/p>\n<\/div>\n                            <\/div>\n        <\/div>\n    <\/div>\n<\/section>\n<p><\/p>\n","protected":false},"excerpt":{"rendered":"<p>Bei Marenland streben wir in allem, was wir tun, nach Nachhaltigkeit, von unseren Unterk\u00fcnften bis zu unseren Aktivit\u00e4ten. Wir m\u00f6chten sicherstellen, dass Ihr Aufenthalt nicht nur angenehm, sondern auch umweltfreundlich ist. Und das sind keine leeren Worte, wir haben das Green Key Gold-Zertifikat in der Tasche.<\/p>\n","protected":false},"author":3,"featured_media":0,"parent":0,"menu_order":14,"comment_status":"closed","ping_status":"closed","template":"","meta":{"_acf_changed":false,"footnotes":""},"class_list":["post-3850","page","type-page","status-publish","hentry"],"acf":[],"yoast_head":"<!-- This site is optimized with the Yoast SEO plugin v24.2 - https:\/\/yoast.com\/wordpress\/plugins\/seo\/ -->\n<title>Nachhaltiger Tourismus: unsere umweltfreundlichen Initiativen - Marenland Winsum<\/title>\n<meta name=\"description\" content=\"Marenland setzt auf nachhaltigen Tourismus. Lesen Sie, wie wir umweltfreundliche Entscheidungen f\u00fcr ein verantwortungsvolles und unvergessliches Erlebnis treffen.\" \/>\n<meta name=\"robots\" content=\"index, follow, max-snippet:-1, max-image-preview:large, max-video-preview:-1\" \/>\n<link rel=\"canonical\" href=\"https:\/\/marenland.nl\/de\/nachhaltigkeit\/\" \/>\n<meta property=\"og:locale\" content=\"de_DE\" \/>\n<meta property=\"og:type\" content=\"article\" \/>\n<meta property=\"og:title\" content=\"Nachhaltiger Tourismus: unsere umweltfreundlichen Initiativen - Marenland Winsum\" \/>\n<meta property=\"og:description\" content=\"Marenland setzt auf nachhaltigen Tourismus. Lesen Sie, wie wir umweltfreundliche Entscheidungen f\u00fcr ein verantwortungsvolles und unvergessliches Erlebnis treffen.\" \/>\n<meta property=\"og:url\" content=\"https:\/\/marenland.nl\/de\/nachhaltigkeit\/\" \/>\n<meta property=\"og:site_name\" content=\"Marenland\" \/>\n<meta property=\"article:modified_time\" content=\"2024-06-17T08:41:49+00:00\" \/>\n<meta name=\"twitter:card\" content=\"summary_large_image\" \/>\n<script type=\"application\/ld+json\" class=\"yoast-schema-graph\">{\"@context\":\"https:\/\/schema.org\",\"@graph\":[{\"@type\":\"WebPage\",\"@id\":\"https:\/\/marenland.nl\/de\/nachhaltigkeit\/\",\"url\":\"https:\/\/marenland.nl\/de\/nachhaltigkeit\/\",\"name\":\"Nachhaltiger Tourismus: unsere umweltfreundlichen Initiativen - Marenland Winsum\",\"isPartOf\":{\"@id\":\"https:\/\/marenland.nl\/de\/#website\"},\"datePublished\":\"2024-05-29T07:26:13+00:00\",\"dateModified\":\"2024-06-17T08:41:49+00:00\",\"description\":\"Marenland setzt auf nachhaltigen Tourismus. Lesen Sie, wie wir umweltfreundliche Entscheidungen f\u00fcr ein verantwortungsvolles und unvergessliches Erlebnis treffen.\",\"breadcrumb\":{\"@id\":\"https:\/\/marenland.nl\/de\/nachhaltigkeit\/#breadcrumb\"},\"inLanguage\":\"de-DE\",\"potentialAction\":[{\"@type\":\"ReadAction\",\"target\":[\"https:\/\/marenland.nl\/de\/nachhaltigkeit\/\"]}]},{\"@type\":\"BreadcrumbList\",\"@id\":\"https:\/\/marenland.nl\/de\/nachhaltigkeit\/#breadcrumb\",\"itemListElement\":[{\"@type\":\"ListItem\",\"position\":1,\"name\":\"Home\",\"item\":\"https:\/\/marenland.nl\/de\/\"},{\"@type\":\"ListItem\",\"position\":2,\"name\":\"Nachhaltigkeit\"}]},{\"@type\":\"WebSite\",\"@id\":\"https:\/\/marenland.nl\/de\/#website\",\"url\":\"https:\/\/marenland.nl\/de\/\",\"name\":\"Marenland\",\"description\":\"Slapen, Eten en Recre\u00ebren\",\"potentialAction\":[{\"@type\":\"SearchAction\",\"target\":{\"@type\":\"EntryPoint\",\"urlTemplate\":\"https:\/\/marenland.nl\/de\/?s={search_term_string}\"},\"query-input\":{\"@type\":\"PropertyValueSpecification\",\"valueRequired\":true,\"valueName\":\"search_term_string\"}}],\"inLanguage\":\"de-DE\"}]}<\/script>\n<!-- \/ Yoast SEO plugin. -->","yoast_head_json":{"title":"Nachhaltiger Tourismus: unsere umweltfreundlichen Initiativen - Marenland Winsum","description":"Marenland setzt auf nachhaltigen Tourismus. Lesen Sie, wie wir umweltfreundliche Entscheidungen f\u00fcr ein verantwortungsvolles und unvergessliches Erlebnis treffen.","robots":{"index":"index","follow":"follow","max-snippet":"max-snippet:-1","max-image-preview":"max-image-preview:large","max-video-preview":"max-video-preview:-1"},"canonical":"https:\/\/marenland.nl\/de\/nachhaltigkeit\/","og_locale":"de_DE","og_type":"article","og_title":"Nachhaltiger Tourismus: unsere umweltfreundlichen Initiativen - Marenland Winsum","og_description":"Marenland setzt auf nachhaltigen Tourismus. Lesen Sie, wie wir umweltfreundliche Entscheidungen f\u00fcr ein verantwortungsvolles und unvergessliches Erlebnis treffen.","og_url":"https:\/\/marenland.nl\/de\/nachhaltigkeit\/","og_site_name":"Marenland","article_modified_time":"2024-06-17T08:41:49+00:00","twitter_card":"summary_large_image","schema":{"@context":"https:\/\/schema.org","@graph":[{"@type":"WebPage","@id":"https:\/\/marenland.nl\/de\/nachhaltigkeit\/","url":"https:\/\/marenland.nl\/de\/nachhaltigkeit\/","name":"Nachhaltiger Tourismus: unsere umweltfreundlichen Initiativen - Marenland Winsum","isPartOf":{"@id":"https:\/\/marenland.nl\/de\/#website"},"datePublished":"2024-05-29T07:26:13+00:00","dateModified":"2024-06-17T08:41:49+00:00","description":"Marenland setzt auf nachhaltigen Tourismus. Lesen Sie, wie wir umweltfreundliche Entscheidungen f\u00fcr ein verantwortungsvolles und unvergessliches Erlebnis treffen.","breadcrumb":{"@id":"https:\/\/marenland.nl\/de\/nachhaltigkeit\/#breadcrumb"},"inLanguage":"de-DE","potentialAction":[{"@type":"ReadAction","target":["https:\/\/marenland.nl\/de\/nachhaltigkeit\/"]}]},{"@type":"BreadcrumbList","@id":"https:\/\/marenland.nl\/de\/nachhaltigkeit\/#breadcrumb","itemListElement":[{"@type":"ListItem","position":1,"name":"Home","item":"https:\/\/marenland.nl\/de\/"},{"@type":"ListItem","position":2,"name":"Nachhaltigkeit"}]},{"@type":"WebSite","@id":"https:\/\/marenland.nl\/de\/#website","url":"https:\/\/marenland.nl\/de\/","name":"Marenland","description":"Slapen, Eten en Recre\u00ebren","potentialAction":[{"@type":"SearchAction","target":{"@type":"EntryPoint","urlTemplate":"https:\/\/marenland.nl\/de\/?s={search_term_string}"},"query-input":{"@type":"PropertyValueSpecification","valueRequired":true,"valueName":"search_term_string"}}],"inLanguage":"de-DE"}]}},"_links":{"self":[{"href":"https:\/\/marenland.nl\/de\/wp-json\/wp\/v2\/pages\/3850","targetHints":{"allow":["GET"]}}],"collection":[{"href":"https:\/\/marenland.nl\/de\/wp-json\/wp\/v2\/pages"}],"about":[{"href":"https:\/\/marenland.nl\/de\/wp-json\/wp\/v2\/types\/page"}],"author":[{"embeddable":true,"href":"https:\/\/marenland.nl\/de\/wp-json\/wp\/v2\/users\/3"}],"replies":[{"embeddable":true,"href":"https:\/\/marenland.nl\/de\/wp-json\/wp\/v2\/comments?post=3850"}],"version-history":[{"count":1,"href":"https:\/\/marenland.nl\/de\/wp-json\/wp\/v2\/pages\/3850\/revisions"}],"predecessor-version":[{"id":3851,"href":"https:\/\/marenland.nl\/de\/wp-json\/wp\/v2\/pages\/3850\/revisions\/3851"}],"wp:attachment":[{"href":"https:\/\/marenland.nl\/de\/wp-json\/wp\/v2\/media?parent=3850"}],"curies":[{"name":"wp","href":"https:\/\/api.w.org\/{rel}","templated":true}]}}